{"id":2277,"date":"2024-04-29T12:09:34","date_gmt":"2024-04-29T09:09:34","guid":{"rendered":"http:\/\/jnats.eu\/?post_type=product&#038;p=2277"},"modified":"2025-10-15T13:39:51","modified_gmt":"2025-10-15T10:39:51","slug":"nakayama-asagi-pierre-a-aiguiser-de-finition-premium","status":"publish","type":"product","link":"https:\/\/jnats.eu\/fr\/produit-2\/nakayama-asagi-pierre-a-aiguiser-de-finition-premium\/","title":{"rendered":"Pierre \u00e0 aiguiser de finition Nakayama Asagi Premium"},"content":{"rendered":"<p>Tr\u00e8s beau Nakayama Asagi dont la surface ressemble \u00e0 du verre d\u00e9poli. Il s&#039;agit d&#039;une preuve fiable de la pierre de qualit\u00e9 Nakayama Asagi Premium que vous ne verrez nulle part ailleurs. Convient pour l&#039;aff\u00fbtage final des rasoirs, couteaux, ciseaux, menuiserie et autres outils. Sans appliquer beaucoup de pression, vous obtiendrez un \u00e9clat trouble sur la lame. <\/p>\n\n\n\n<p>Cette pierre peut \u00e9galement \u00eatre utilis\u00e9e comme base pour les naguras car elle est assez dure.<\/p>\n\n\n\n<figure class=\"wp-block-embed is-type-video is-provider-youtube wp-block-embed-youtube wp-embed-aspect-16-9 wp-has-aspect-ratio\"><div class=\"wp-block-embed__wrapper\">\n<div class=\"video-container\"><iframe title=\"Pierre \u00e0 aiguiser de finition Nakayama Asagi Premium\" width=\"1170\" height=\"658\" src=\"https:\/\/www.youtube.com\/embed\/gbhrWnnV_ck?feature=oembed\" frameborder=\"0\" allow=\"accelerometer; autoplay; clipboard-write; encrypted-media; gyroscope; picture-in-picture; web-share\" referrerpolicy=\"strict-origin-when-cross-origin\" allowfullscreen><\/iframe><\/div>\n<\/div><\/figure>","protected":false},"excerpt":{"rendered":"<ul>\n<li>Convient pour la finition des rasoirs, des couteaux, des ciseaux, des outils de menuiserie et autres.\u00a0<\/li>\n<li>Dimensions : 206x76x26 mm<\/li>\n<li>Poids : 1000g<\/li>\n<li>Duret\u00e9 : Lv 4.8<\/li>\n<li>La surface est lisse et pr\u00eate \u00e0 travailler<\/li>\n<\/ul>","protected":false},"featured_media":2284,"comment_status":"open","ping_status":"closed","template":"","meta":[],"product_brand":[],"product_cat":[22],"product_tag":[45,71,49,264,265],"class_list":{"0":"post-2277","1":"product","2":"type-product","3":"status-publish","4":"has-post-thumbnail","6":"product_cat-jnats","7":"product_tag-asagi","8":"product_tag-finishing","9":"product_tag-nakayama","10":"product_tag-premium","11":"product_tag-whetstone","12":"product_shipping_class-iprastas","14":"first","15":"outofstock","16":"shipping-taxable","17":"purchasable","18":"product-type-simple"},"_links":{"self":[{"href":"https:\/\/jnats.eu\/fr\/wp-json\/wp\/v2\/product\/2277","targetHints":{"allow":["GET"]}}],"collection":[{"href":"https:\/\/jnats.eu\/fr\/wp-json\/wp\/v2\/product"}],"about":[{"href":"https:\/\/jnats.eu\/fr\/wp-json\/wp\/v2\/types\/product"}],"replies":[{"embeddable":true,"href":"https:\/\/jnats.eu\/fr\/wp-json\/wp\/v2\/comments?post=2277"}],"wp:featuredmedia":[{"embeddable":true,"href":"https:\/\/jnats.eu\/fr\/wp-json\/wp\/v2\/media\/2284"}],"wp:attachment":[{"href":"https:\/\/jnats.eu\/fr\/wp-json\/wp\/v2\/media?parent=2277"}],"wp:term":[{"taxonomy":"product_brand","embeddable":true,"href":"https:\/\/jnats.eu\/fr\/wp-json\/wp\/v2\/product_brand?post=2277"},{"taxonomy":"product_cat","embeddable":true,"href":"https:\/\/jnats.eu\/fr\/wp-json\/wp\/v2\/product_cat?post=2277"},{"taxonomy":"product_tag","embeddable":true,"href":"https:\/\/jnats.eu\/fr\/wp-json\/wp\/v2\/product_tag?post=2277"}],"curies":[{"name":"wp","href":"https:\/\/api.w.org\/{rel}","templated":true}]}}