{"id":2299,"date":"2024-04-30T09:16:32","date_gmt":"2024-04-30T06:16:32","guid":{"rendered":"http:\/\/jnats.eu\/?post_type=product&#038;p=2299"},"modified":"2025-10-20T17:52:29","modified_gmt":"2025-10-20T14:52:29","slug":"ohira-iromono-tomae","status":"publish","type":"product","link":"https:\/\/jnats.eu\/fr\/produit-2\/ohira-iromono-tomae\/","title":{"rendered":"Ohira Iromono Tomae"},"content":{"rendered":"<p>Les Ohira Iromono Tomae de duret\u00e9 moyenne sont faciles \u00e0 utiliser et laissent un fini mat. Ils sont parfaits pour convertir les rayures synth\u00e9tiques en kasumi. Cette pierre \u00e0 aiguiser japonaise est tr\u00e8s homog\u00e8ne et suffisamment rapide pour bien travailler avec les couteaux. Il laissera un noyau d&#039;acier tr\u00e8s propre et une rayure tr\u00e8s faible et constante dans le rev\u00eatement de fer plus doux. Vous pouvez facilement passer de cette pierre aux pierres de finition lors du polissage. Cette pierre convient \u00e9galement \u00e0 l\u2019aff\u00fbtage des outils de menuiserie et des rasoirs, mais n\u2019est pas le meilleur choix pour la finition de ces outils.<\/p>\n\n\n\n<p>Cette pierre pr\u00e9sente une belle combinaison de rouge, jaune et vert, orn\u00e9e de fins points Nashiji. Quelques lignes peu profondes mais suspectes sont visibles sur le d\u00e9. Il est probablement pr\u00e9f\u00e9rable de les \u00e9viter. Dimensions &quot;am\u00e9ricaines&quot; et forme r\u00e9guli\u00e8re.<\/p>","protected":false},"excerpt":{"rendered":"<ul>\n<li>Convient pour les couteaux de finition, les ciseaux, les outils de menuiserie et autres.<\/li>\n<li>Dimensions : 204x53x29 mm<\/li>\n<li>Poids : 810 g<\/li>\n<li>Duret\u00e9 : Lv 3.7<\/li>\n<li>La surface est lisse et pr\u00eate \u00e0 travailler<\/li>\n<\/ul>","protected":false},"featured_media":2300,"comment_status":"open","ping_status":"closed","template":"","meta":[],"product_brand":[],"product_cat":[22],"product_tag":[47,67],"class_list":{"0":"post-2299","1":"product","2":"type-product","3":"status-publish","4":"has-post-thumbnail","6":"product_cat-jnats","7":"product_tag-ohira","8":"product_tag-tomae","9":"product_shipping_class-iprastas","11":"first","12":"outofstock","13":"sale","14":"shipping-taxable","15":"purchasable","16":"product-type-simple"},"_links":{"self":[{"href":"https:\/\/jnats.eu\/fr\/wp-json\/wp\/v2\/product\/2299","targetHints":{"allow":["GET"]}}],"collection":[{"href":"https:\/\/jnats.eu\/fr\/wp-json\/wp\/v2\/product"}],"about":[{"href":"https:\/\/jnats.eu\/fr\/wp-json\/wp\/v2\/types\/product"}],"replies":[{"embeddable":true,"href":"https:\/\/jnats.eu\/fr\/wp-json\/wp\/v2\/comments?post=2299"}],"wp:featuredmedia":[{"embeddable":true,"href":"https:\/\/jnats.eu\/fr\/wp-json\/wp\/v2\/media\/2300"}],"wp:attachment":[{"href":"https:\/\/jnats.eu\/fr\/wp-json\/wp\/v2\/media?parent=2299"}],"wp:term":[{"taxonomy":"product_brand","embeddable":true,"href":"https:\/\/jnats.eu\/fr\/wp-json\/wp\/v2\/product_brand?post=2299"},{"taxonomy":"product_cat","embeddable":true,"href":"https:\/\/jnats.eu\/fr\/wp-json\/wp\/v2\/product_cat?post=2299"},{"taxonomy":"product_tag","embeddable":true,"href":"https:\/\/jnats.eu\/fr\/wp-json\/wp\/v2\/product_tag?post=2299"}],"curies":[{"name":"wp","href":"https:\/\/api.w.org\/{rel}","templated":true}]}}