{"id":2306,"date":"2024-04-30T09:32:25","date_gmt":"2024-04-30T06:32:25","guid":{"rendered":"http:\/\/jnats.eu\/?post_type=product&#038;p=2306"},"modified":"2024-11-30T13:07:57","modified_gmt":"2024-11-30T11:07:57","slug":"nakayama-karasu-aisa","status":"publish","type":"product","link":"https:\/\/jnats.eu\/fr\/produit-2\/nakayama-karasu-aisa\/","title":{"rendered":"Nakayama Karasu Aisa"},"content":{"rendered":"<p>Un merveilleux Nakayama Karasu qui peut \u00eatre utilis\u00e9 pour finir d&#039;aiguiser les rasoirs, les couteaux et les outils. Il est tr\u00e8s rare que Nakayama Karasu puisse \u00eatre utilis\u00e9 sur des couteaux sans les rayer !<\/p>\n\n\n\n<p>Donne une finition semi-miroir super fine avec un contraste net\u00a0! Il est pr\u00e9f\u00e9rable de travailler avec Nagura et d\u2019acc\u00e9l\u00e9rer ainsi le processus.<\/p>\n\n\n\n<p>Elle peut \u00e9galement \u00eatre utilis\u00e9e avec la progression compl\u00e8te des nagura d'Asano pour les rasoirs et fournira un tranchant suffisant. Une tr\u00e8s belle pierre grise avec des \u201ecorbeaux\u201d, quelques fines lignes noires et quelques courtes lignes de namazu.<\/p>\n\n\n\n<p>Forme parfaite, pr\u00eate \u00e0 l&#039;emploi et nivel\u00e9e. La seconde moiti\u00e9 peut \u00e9galement \u00eatre compl\u00e9t\u00e9e facilement. <\/p>\n\n\n\n<figure class=\"wp-block-embed is-type-video is-provider-youtube wp-block-embed-youtube wp-embed-aspect-16-9 wp-has-aspect-ratio\"><div class=\"wp-block-embed__wrapper\">\n<div class=\"video-container\"><iframe title=\"Galandame Kanemasa Super Extra Full Concave Finest Razor Nakayama Karasu Aisa\" width=\"1170\" height=\"658\" src=\"https:\/\/www.youtube.com\/embed\/ewmrUk9XIg8?start=266&feature=oembed\" frameborder=\"0\" allow=\"accelerometer; autoplay; clipboard-write; encrypted-media; gyroscope; picture-in-picture; web-share\" referrerpolicy=\"strict-origin-when-cross-origin\" allowfullscreen><\/iframe><\/div>\n<\/div><\/figure>","protected":false},"excerpt":{"rendered":"<ul>\n<li>Convient pour la finition des lames de rasoir, de la menuiserie et d&#039;autres outils.<\/li>\n<li>Dimensions : 206x74x22 mm<\/li>\n<li>Poids : 900g<\/li>\n<li>Duret\u00e9 : Lv 5<\/li>\n<li>Les lignes sont s\u00e9curis\u00e9es<\/li>\n<li>La surface n&#039;est pas compl\u00e8tement lisse, il y a des piq\u00fbres sur les bords.<\/li>\n<li>Nous recommandons de travailler avec de l&#039;eau ti\u00e8de, car l&#039;eau froide d\u00e9t\u00e9riore la vitesse et la r\u00e9ponse du travail.<\/li>\n<\/ul>","protected":false},"featured_media":2309,"comment_status":"open","ping_status":"closed","template":"","meta":[],"product_brand":[],"product_cat":[22],"product_tag":[250,57,49],"class_list":{"0":"post-2306","1":"product","2":"type-product","3":"status-publish","4":"has-post-thumbnail","6":"product_cat-jnats","7":"product_tag-aisa","8":"product_tag-karasu","9":"product_tag-nakayama","10":"product_shipping_class-iprastas","12":"first","13":"outofstock","14":"sale","15":"shipping-taxable","16":"purchasable","17":"product-type-simple"},"_links":{"self":[{"href":"https:\/\/jnats.eu\/fr\/wp-json\/wp\/v2\/product\/2306","targetHints":{"allow":["GET"]}}],"collection":[{"href":"https:\/\/jnats.eu\/fr\/wp-json\/wp\/v2\/product"}],"about":[{"href":"https:\/\/jnats.eu\/fr\/wp-json\/wp\/v2\/types\/product"}],"replies":[{"embeddable":true,"href":"https:\/\/jnats.eu\/fr\/wp-json\/wp\/v2\/comments?post=2306"}],"wp:featuredmedia":[{"embeddable":true,"href":"https:\/\/jnats.eu\/fr\/wp-json\/wp\/v2\/media\/2309"}],"wp:attachment":[{"href":"https:\/\/jnats.eu\/fr\/wp-json\/wp\/v2\/media?parent=2306"}],"wp:term":[{"taxonomy":"product_brand","embeddable":true,"href":"https:\/\/jnats.eu\/fr\/wp-json\/wp\/v2\/product_brand?post=2306"},{"taxonomy":"product_cat","embeddable":true,"href":"https:\/\/jnats.eu\/fr\/wp-json\/wp\/v2\/product_cat?post=2306"},{"taxonomy":"product_tag","embeddable":true,"href":"https:\/\/jnats.eu\/fr\/wp-json\/wp\/v2\/product_tag?post=2306"}],"curies":[{"name":"wp","href":"https:\/\/api.w.org\/{rel}","templated":true}]}}