{"id":2314,"date":"2024-04-30T09:38:16","date_gmt":"2024-04-30T06:38:16","guid":{"rendered":"http:\/\/jnats.eu\/?post_type=product&#038;p=2314"},"modified":"2024-10-04T17:53:37","modified_gmt":"2024-10-04T14:53:37","slug":"nakayama-mizu-asagi","status":"publish","type":"product","link":"https:\/\/jnats.eu\/fr\/produit-2\/nakayama-mizu-asagi\/","title":{"rendered":"Nakayama Mizu Asagi"},"content":{"rendered":"<p>Cette pierre est dure et extr\u00eamement fine, ce qui permet de travailler facilement les rasoirs. Bien que dure, Nakayama Mizu Asagi a une r\u00e9ponse meilleure que la moyenne par rapport aux autres pierres de ce grain. Il peut \u00e9galement \u00eatre utilis\u00e9 pour les outils de menuiserie et les couteaux. Il laissera un vernis san mai argent\u00e9 brillant et d\u00e9taill\u00e9. Ce sont des pierres de finition tr\u00e8s puissantes \u00e0 tous points de vue.<\/p>\n\n\n\n<p>Cette pierre peut \u00e9galement \u00eatre utilis\u00e9e comme base pour les naguras car elle est assez dure.<\/p>\n\n\n\n<p><strong>Nakayama (\u4e2d\u5c71)<\/strong><br>Cette mine orientale est c\u00e9l\u00e8bre pour les pierres awasedo permettant de terminer le processus d&#039;aff\u00fbtage. La pierre multicouche (Hondomae Shikitomae) avec un \u00ab coll\u00e8gue \u00bb de couleur diff\u00e9rente est particuli\u00e8rement appr\u00e9ci\u00e9e par les charpentiers et les taille-crayons. Compar\u00e9s aux pierres de duret\u00e9 et de finesse similaires provenant d&#039;autres mines, les produits Nakayama sont connus pour une sensation d&#039;aff\u00fbtage plus agr\u00e9able. Les pierres Nakayama authentiques sont souvent accompagn\u00e9es du c\u00e9l\u00e8bre tampon Maruka \u32d5\u6b63\u672c\u5c71.<\/p>","protected":false},"excerpt":{"rendered":"<ul>\n<li>Convient pour la finition des rasoirs, des couteaux, des ciseaux, des outils de menuiserie et autres.<\/li>\n<li>Dimensions : 207x79x21 mm<\/li>\n<li>Poids : 1030 g<\/li>\n<li>Duret\u00e9 : Lv 5<\/li>\n<li>La surface est lisse et pr\u00eate \u00e0 travailler<\/li>\n<li>Les lignes sont s\u00e9curis\u00e9es<\/li>\n<\/ul>","protected":false},"featured_media":2320,"comment_status":"open","ping_status":"closed","template":"","meta":[],"product_brand":[],"product_cat":[22],"product_tag":[45,154,49],"class_list":{"0":"post-2314","1":"product","2":"type-product","3":"status-publish","4":"has-post-thumbnail","6":"product_cat-jnats","7":"product_tag-asagi","8":"product_tag-mizu","9":"product_tag-nakayama","10":"product_shipping_class-iprastas","12":"first","13":"outofstock","14":"sale","15":"shipping-taxable","16":"purchasable","17":"product-type-simple"},"_links":{"self":[{"href":"https:\/\/jnats.eu\/fr\/wp-json\/wp\/v2\/product\/2314","targetHints":{"allow":["GET"]}}],"collection":[{"href":"https:\/\/jnats.eu\/fr\/wp-json\/wp\/v2\/product"}],"about":[{"href":"https:\/\/jnats.eu\/fr\/wp-json\/wp\/v2\/types\/product"}],"replies":[{"embeddable":true,"href":"https:\/\/jnats.eu\/fr\/wp-json\/wp\/v2\/comments?post=2314"}],"wp:featuredmedia":[{"embeddable":true,"href":"https:\/\/jnats.eu\/fr\/wp-json\/wp\/v2\/media\/2320"}],"wp:attachment":[{"href":"https:\/\/jnats.eu\/fr\/wp-json\/wp\/v2\/media?parent=2314"}],"wp:term":[{"taxonomy":"product_brand","embeddable":true,"href":"https:\/\/jnats.eu\/fr\/wp-json\/wp\/v2\/product_brand?post=2314"},{"taxonomy":"product_cat","embeddable":true,"href":"https:\/\/jnats.eu\/fr\/wp-json\/wp\/v2\/product_cat?post=2314"},{"taxonomy":"product_tag","embeddable":true,"href":"https:\/\/jnats.eu\/fr\/wp-json\/wp\/v2\/product_tag?post=2314"}],"curies":[{"name":"wp","href":"https:\/\/api.w.org\/{rel}","templated":true}]}}