{"id":2343,"date":"2024-05-01T10:42:04","date_gmt":"2024-05-01T07:42:04","guid":{"rendered":"http:\/\/jnats.eu\/?post_type=product&#038;p=2343"},"modified":"2024-08-21T15:29:45","modified_gmt":"2024-08-21T12:29:45","slug":"nakayama-iromono-japoniskas-naturalus-akmuo-galandimui","status":"publish","type":"product","link":"https:\/\/jnats.eu\/fr\/produit-2\/nakayama-iromono-japoniskas-naturalus-akmuo-galandimui\/","title":{"rendered":"Nakayama Iromono Pierre naturelle japonaise pour l&#039;aff\u00fbtage"},"content":{"rendered":"<p>Ce magnifique iromono Nakayama est une pierre naturelle japonaise dure et excellente pour la finition de tout aff\u00fbtage d&#039;outils. Il est pr\u00e9f\u00e9rable pour ceux qui ont plus d\u2019exp\u00e9rience, mais peut \u00eatre associ\u00e9 \u00e0 un nagura pour une exp\u00e9rience plus conviviale. La texture est tr\u00e8s fine (10k+) et le vernis a tendance \u00e0 se refl\u00e9ter. <\/p>\n\n\n\n<p>La pierre est extraite de la mine de Kato, c\u00e9l\u00e8bre pour ses pierres de Maruka.<\/p>\n\n\n\n<figure class=\"wp-block-embed is-type-video is-provider-youtube wp-block-embed-youtube wp-embed-aspect-16-9 wp-has-aspect-ratio\"><div class=\"wp-block-embed__wrapper\">\n<div class=\"video-container\"><iframe title=\"Nakayama Tomae Iromono, Nakayama Kiita Nashiji, Nakayama Suita Maruka\" width=\"1170\" height=\"658\" src=\"https:\/\/www.youtube.com\/embed\/IZ-D-qy6bYY?start=126&#038;feature=oembed\" frameborder=\"0\" allow=\"accelerometer; autoplay; clipboard-write; encrypted-media; gyroscope; picture-in-picture; web-share\" referrerpolicy=\"strict-origin-when-cross-origin\" allowfullscreen><\/iframe><\/div>\n<\/div><\/figure>\n\n\n\n<p><strong>Nakayama (\u4e2d\u5c71)<\/strong><\/p>\n\n\n\n<p>Cette mine de l'Est est c\u00e9l\u00e8bre pour ses pierres de finition pour l'aiguisage et est peut-\u00eatre le site d'aiguisage le plus recherch\u00e9 par les professionnels et les amateurs. Compar\u00e9es aux pierres de duret\u00e9 et de finesse similaires provenant d'autres mines, les pierres de Nakayama sont r\u00e9put\u00e9es pour leur sensation d'aiguisage plus agr\u00e9able et leur vitesse de travail \u00e9lev\u00e9e. Les pierres multicouches (Hondomae, Shikitomae) et Kiita sont particuli\u00e8rement appr\u00e9ci\u00e9es.<\/p>","protected":false},"excerpt":{"rendered":"<ul>\n<li>Convient pour la finition des rasoirs, des couteaux, des ciseaux, des outils de menuiserie et autres.<\/li>\n<li>Dimensions environ : 150x60x21 mm<\/li>\n<li>Poids : 455g<\/li>\n<li>Duret\u00e9\u00a0:\u00a0Niv 4,5<\/li>\n<li>La surface est lisse et pr\u00eate \u00e0 travailler<\/li>\n<\/ul>","protected":false},"featured_media":2349,"comment_status":"open","ping_status":"closed","template":"","meta":[],"product_brand":[],"product_cat":[22],"product_tag":[49],"class_list":{"0":"post-2343","1":"product","2":"type-product","3":"status-publish","4":"has-post-thumbnail","6":"product_cat-jnats","7":"product_tag-nakayama","8":"product_shipping_class-iprastas","10":"first","11":"outofstock","12":"shipping-taxable","13":"purchasable","14":"product-type-simple"},"_links":{"self":[{"href":"https:\/\/jnats.eu\/fr\/wp-json\/wp\/v2\/product\/2343","targetHints":{"allow":["GET"]}}],"collection":[{"href":"https:\/\/jnats.eu\/fr\/wp-json\/wp\/v2\/product"}],"about":[{"href":"https:\/\/jnats.eu\/fr\/wp-json\/wp\/v2\/types\/product"}],"replies":[{"embeddable":true,"href":"https:\/\/jnats.eu\/fr\/wp-json\/wp\/v2\/comments?post=2343"}],"wp:featuredmedia":[{"embeddable":true,"href":"https:\/\/jnats.eu\/fr\/wp-json\/wp\/v2\/media\/2349"}],"wp:attachment":[{"href":"https:\/\/jnats.eu\/fr\/wp-json\/wp\/v2\/media?parent=2343"}],"wp:term":[{"taxonomy":"product_brand","embeddable":true,"href":"https:\/\/jnats.eu\/fr\/wp-json\/wp\/v2\/product_brand?post=2343"},{"taxonomy":"product_cat","embeddable":true,"href":"https:\/\/jnats.eu\/fr\/wp-json\/wp\/v2\/product_cat?post=2343"},{"taxonomy":"product_tag","embeddable":true,"href":"https:\/\/jnats.eu\/fr\/wp-json\/wp\/v2\/product_tag?post=2343"}],"curies":[{"name":"wp","href":"https:\/\/api.w.org\/{rel}","templated":true}]}}