{"id":2357,"date":"2024-05-01T11:04:25","date_gmt":"2024-05-01T08:04:25","guid":{"rendered":"http:\/\/jnats.eu\/?post_type=product&#038;p=2357"},"modified":"2024-08-26T08:58:17","modified_gmt":"2024-08-26T05:58:17","slug":"nakayama-tomae-iromono-nashiji","status":"publish","type":"product","link":"https:\/\/jnats.eu\/fr\/produit-2\/nakayama-tomae-iromono-nashiji\/","title":{"rendered":"Nakayama Tomae Iromono Nashiji"},"content":{"rendered":"<p>Pierre de finition japonaise \u00e0 aiguiser naturelle Nakayama Tomae Awasedo. C&#039;est une pierre de duret\u00e9 moyenne avec une excellente vitesse d&#039;aff\u00fbtage. Nous le recommandons pour la finition des couteaux ou la pr\u00e9finition des rasoirs. Id\u00e9al \u00e9galement pour finir les rasoirs si vous n&#039;utilisez pas trop de force.<\/p>\n\n\n\n<p>Il s\u2019agit d\u2019une \u00e9norme pierre de forme r\u00e9guli\u00e8re qui fait tr\u00e8s bien le travail\u00a0!<\/p>\n\n\n\n<p>Cette pierre grise pr\u00e9sente un motif de d\u00e9grad\u00e9s de tons roses et verd\u00e2tres, parsem\u00e9 de petits points de nashiji. Aucune ligne ou inclusion n'est visible. Un examen plus approfondi de la face lat\u00e9rale montre que la pierre pourrait devenir noire \u00e0 l'avenir, avec des points namazu jaunes. Avec cette pierre, vous ferez donc un voyage int\u00e9ressant et impr\u00e9visible dans le monde des pierres \u00e0 aiguiser naturelles japonaises \ud83d\ude42 . <\/p>\n\n\n\n<p>S\u00e9rieusement, m\u00eame si la couleur change, la pierre devrait fonctionner de mani\u00e8re tr\u00e8s similaire. Cela se voit dans la structure homog\u00e8ne qui forme les c\u00f4t\u00e9s.<\/p>\n\n\n\n<figure class=\"wp-block-embed is-type-video is-provider-youtube wp-block-embed-youtube wp-embed-aspect-16-9 wp-has-aspect-ratio\"><div class=\"wp-block-embed__wrapper\">\n<div class=\"video-container\"><iframe title=\"Nakayama Tomae Iromono, Nakayama Kiita Nashiji, Nakayama Suita Maruka\" width=\"1170\" height=\"658\" src=\"https:\/\/www.youtube.com\/embed\/IZ-D-qy6bYY?start=3&#038;feature=oembed\" frameborder=\"0\" allow=\"accelerometer; autoplay; clipboard-write; encrypted-media; gyroscope; picture-in-picture; web-share\" referrerpolicy=\"strict-origin-when-cross-origin\" allowfullscreen><\/iframe><\/div>\n<\/div><\/figure>\n\n\n\n<p><strong>Nakayama (\u4e2d\u5c71)<\/strong><\/p>\n\n\n\n<p>Cette mine de l&#039;Est est c\u00e9l\u00e8bre pour ses pierres de finition d&#039;aff\u00fbtage awasedo et est peut-\u00eatre la premi\u00e8re parmi les plus recherch\u00e9es parmi les professionnels et les amateurs d&#039;aff\u00fbtage. Compar\u00e9es aux pierres de duret\u00e9 et de finesse similaires provenant d&#039;autres mines, les pierres Nakayama sont connues pour leur r\u00e9ponse d&#039;aff\u00fbtage plus agr\u00e9able et leur vitesse de travail \u00e9lev\u00e9e. Les pierres multicouches (Hondomae, Shikitomae) et Kiita sont particuli\u00e8rement appr\u00e9ci\u00e9es.<\/p>","protected":false},"excerpt":{"rendered":"<ul>\n<li>Convient pour la finition des rasoirs, des couteaux, des ciseaux, des outils de menuiserie et autres.<\/li>\n<li>Dimensions : 208x76x41 mm<\/li>\n<li>Poids : 1600g<\/li>\n<li>Duret\u00e9 : Lv 4<\/li>\n<li>La surface est lisse et pr\u00eate \u00e0 \u00eatre travaill\u00e9e.<\/li>\n<li>Nous recommandons de travailler avec de l'eau chaude, car l'eau froide nuit \u00e0 la rapidit\u00e9 et \u00e0 la r\u00e9activit\u00e9.<\/li>\n<\/ul>","protected":false},"featured_media":2362,"comment_status":"open","ping_status":"closed","template":"","meta":[],"product_brand":[],"product_cat":[22],"product_tag":[41,49,48,67],"class_list":{"0":"post-2357","1":"product","2":"type-product","3":"status-publish","4":"has-post-thumbnail","6":"product_cat-jnats","7":"product_tag-iromono","8":"product_tag-nakayama","9":"product_tag-nashiji","10":"product_tag-tomae","11":"product_shipping_class-iprastas","13":"first","14":"instock","15":"shipping-taxable","16":"purchasable","17":"product-type-simple"},"_links":{"self":[{"href":"https:\/\/jnats.eu\/fr\/wp-json\/wp\/v2\/product\/2357","targetHints":{"allow":["GET"]}}],"collection":[{"href":"https:\/\/jnats.eu\/fr\/wp-json\/wp\/v2\/product"}],"about":[{"href":"https:\/\/jnats.eu\/fr\/wp-json\/wp\/v2\/types\/product"}],"replies":[{"embeddable":true,"href":"https:\/\/jnats.eu\/fr\/wp-json\/wp\/v2\/comments?post=2357"}],"wp:featuredmedia":[{"embeddable":true,"href":"https:\/\/jnats.eu\/fr\/wp-json\/wp\/v2\/media\/2362"}],"wp:attachment":[{"href":"https:\/\/jnats.eu\/fr\/wp-json\/wp\/v2\/media?parent=2357"}],"wp:term":[{"taxonomy":"product_brand","embeddable":true,"href":"https:\/\/jnats.eu\/fr\/wp-json\/wp\/v2\/product_brand?post=2357"},{"taxonomy":"product_cat","embeddable":true,"href":"https:\/\/jnats.eu\/fr\/wp-json\/wp\/v2\/product_cat?post=2357"},{"taxonomy":"product_tag","embeddable":true,"href":"https:\/\/jnats.eu\/fr\/wp-json\/wp\/v2\/product_tag?post=2357"}],"curies":[{"name":"wp","href":"https:\/\/api.w.org\/{rel}","templated":true}]}}