{"id":2409,"date":"2024-05-02T11:17:24","date_gmt":"2024-05-02T08:17:24","guid":{"rendered":"http:\/\/jnats.eu\/?post_type=product&#038;p=2409"},"modified":"2025-03-26T14:29:09","modified_gmt":"2025-03-26T12:29:09","slug":"ohira-koyama-imanishi","status":"publish","type":"product","link":"https:\/\/jnats.eu\/fr\/produit-2\/ohira-koyama-imanishi\/","title":{"rendered":"Ohira Koyama Imanishi"},"content":{"rendered":"<p>La finesse de cette pierre \u00e0 aiguiser naturelle haute densit\u00e9 est approximativement \u00e9gale \u00e0 celle du synth\u00e9tique #8000. Si vous souhaitez acc\u00e9l\u00e9rer le travail avant chaque s\u00e9ance d&#039;aff\u00fbtage, il est recommand\u00e9 d&#039;utiliser une pierre Nagura ou une plaque diamant\u00e9e pour former une bouillie, et d&#039;utiliser de l&#039;eau comme lubrifiant pour un meilleur retour d&#039;aff\u00fbtage. Ohira Koyama Imanishi peut travailler avec succ\u00e8s sans ces \u00ab danses avec tambours \u00bb.<\/p>\n\n\n\n<p>Il n&#039;est pas n\u00e9cessaire de tremper les pierres \u00e0 aiguiser japonaises. Appliquez simplement de l&#039;eau sur la surface lorsque vous \u00eates pr\u00eat \u00e0 l&#039;utiliser. Une fois termin\u00e9, rincez et laissez s\u00e9cher \u00e0 temp\u00e9rature ambiante. Ne pas laisser dans l&#039;eau.<\/p>","protected":false},"excerpt":{"rendered":"<ul>\n<li>Convient pour la finition des couteaux, de la menuiserie et d&#039;autres outils. Pour les rasoirs - pr\u00e9finition.<\/li>\n<li>Dimensions environ : 205x78x33 mm<\/li>\n<li>Poids : 1328 g<\/li>\n<li>Duret\u00e9\u00a0:\u00a0Niv 4,5<\/li>\n<li>La surface est lisse et pr\u00eate \u00e0 travailler<\/li>\n<\/ul>","protected":false},"featured_media":2414,"comment_status":"open","ping_status":"closed","template":"","meta":[],"product_brand":[],"product_cat":[22],"product_tag":[254,271,47],"class_list":{"0":"post-2409","1":"product","2":"type-product","3":"status-publish","4":"has-post-thumbnail","6":"product_cat-jnats","7":"product_tag-imanishi","8":"product_tag-koyama","9":"product_tag-ohira","10":"product_shipping_class-iprastas","12":"first","13":"outofstock","14":"sale","15":"shipping-taxable","16":"purchasable","17":"product-type-simple"},"_links":{"self":[{"href":"https:\/\/jnats.eu\/fr\/wp-json\/wp\/v2\/product\/2409","targetHints":{"allow":["GET"]}}],"collection":[{"href":"https:\/\/jnats.eu\/fr\/wp-json\/wp\/v2\/product"}],"about":[{"href":"https:\/\/jnats.eu\/fr\/wp-json\/wp\/v2\/types\/product"}],"replies":[{"embeddable":true,"href":"https:\/\/jnats.eu\/fr\/wp-json\/wp\/v2\/comments?post=2409"}],"wp:featuredmedia":[{"embeddable":true,"href":"https:\/\/jnats.eu\/fr\/wp-json\/wp\/v2\/media\/2414"}],"wp:attachment":[{"href":"https:\/\/jnats.eu\/fr\/wp-json\/wp\/v2\/media?parent=2409"}],"wp:term":[{"taxonomy":"product_brand","embeddable":true,"href":"https:\/\/jnats.eu\/fr\/wp-json\/wp\/v2\/product_brand?post=2409"},{"taxonomy":"product_cat","embeddable":true,"href":"https:\/\/jnats.eu\/fr\/wp-json\/wp\/v2\/product_cat?post=2409"},{"taxonomy":"product_tag","embeddable":true,"href":"https:\/\/jnats.eu\/fr\/wp-json\/wp\/v2\/product_tag?post=2409"}],"curies":[{"name":"wp","href":"https:\/\/api.w.org\/{rel}","templated":true}]}}