{"id":2417,"date":"2024-05-03T09:02:02","date_gmt":"2024-05-03T06:02:02","guid":{"rendered":"http:\/\/jnats.eu\/?post_type=product&#038;p=2417"},"modified":"2024-05-03T09:42:24","modified_gmt":"2024-05-03T06:42:24","slug":"hatahoshi-hatanaka-%e7%b4%94%e7%9c%9f%e6%ad%a3%e6%9c%ac%e5%b1%b1-jyunshin-shohonyama","status":"publish","type":"product","link":"https:\/\/jnats.eu\/fr\/produit-2\/hatahoshi-hatanaka-%e7%b4%94%e7%9c%9f%e6%ad%a3%e6%9c%ac%e5%b1%b1-jyunshin-shohonyama\/","title":{"rendered":"Hatahoshi Hatanaka, \u7d14\u7535\u5f71\u672c\u5c71 Jyunshin sh\u014dhonyama Pierres \u00e0 aiguiser"},"content":{"rendered":"<p>Actuellement, les seules pierres de finition d&#039;aff\u00fbtage Nakayama authentiques et neuves sont commercialis\u00e9es par Hatanaka, le dernier propri\u00e9taire de la mine. Lui seul d\u00e9tient le droit d&#039;utiliser le nom de la mine Nakayama, ainsi que les noms prot\u00e9g\u00e9s par le droit d&#039;auteur et les tampons encreurs qui y sont associ\u00e9s, m\u00eame si la mine est physiquement ferm\u00e9e. Il a conserv\u00e9 le droit de tamponner tout inventaire restant de l&#039;entreprise familiale, et bon nombre de ses nouvelles pierres proviendraient des vastes stocks de brut qui ont \u00e9t\u00e9 extraits depuis que son p\u00e8re \u00e9tait associ\u00e9 \u00e0 Kato.<\/p>\n\n\n\n<p>Hatanaka g\u00e8re l&#039;entreprise aussi astucieusement que Kato, sans inonder le march\u00e9 de pierres qui voyagent depuis lui par les canaux qu&#039;il a choisis. Il voit \u00e9galement les activit\u00e9s des faussaires de timbres. Son entreprise se situe au sommet de la pyramide mondiale Tennen Toishi et la r\u00e9putation est la chose la plus importante pour lui, c&#039;est pourquoi les pierres authentiques Hatahoshi Hatanaka se distinguent toujours par leur plus haute qualit\u00e9 et sont tr\u00e8s appr\u00e9ci\u00e9es.<\/p>\n\n\n\n<figure class=\"wp-block-embed is-type-video is-provider-youtube wp-block-embed-youtube wp-embed-aspect-16-9 wp-has-aspect-ratio\"><div class=\"wp-block-embed__wrapper\">\n<div class=\"video-container\"><iframe title=\"Hatahoshi Hatanaka, \u7d14\u7535\u5f71\u672c\u5c71 Pierres \u00e0 aiguiser Jyunshin\" width=\"1170\" height=\"658\" src=\"https:\/\/www.youtube.com\/embed\/ekLZW0ghpeU?feature=oembed\" frameborder=\"0\" allow=\"accelerometer; autoplay; clipboard-write; encrypted-media; gyroscope; picture-in-picture; web-share\" referrerpolicy=\"strict-origin-when-cross-origin\" allowfullscreen><\/iframe><\/div>\n<\/div><\/figure>","protected":false},"excerpt":{"rendered":"<p>Vendu<\/p>","protected":false},"featured_media":2420,"comment_status":"open","ping_status":"closed","template":"","meta":[],"product_brand":[],"product_cat":[22],"product_tag":[273,269,274,272],"class_list":{"0":"post-2417","1":"product","2":"type-product","3":"status-publish","4":"has-post-thumbnail","6":"product_cat-jnats","7":"product_tag-hatahoshi","8":"product_tag-hatanaka","9":"product_tag-jyunshin","10":"product_tag-272","12":"first","13":"outofstock","14":"shipping-taxable","15":"purchasable","16":"product-type-simple"},"_links":{"self":[{"href":"https:\/\/jnats.eu\/fr\/wp-json\/wp\/v2\/product\/2417","targetHints":{"allow":["GET"]}}],"collection":[{"href":"https:\/\/jnats.eu\/fr\/wp-json\/wp\/v2\/product"}],"about":[{"href":"https:\/\/jnats.eu\/fr\/wp-json\/wp\/v2\/types\/product"}],"replies":[{"embeddable":true,"href":"https:\/\/jnats.eu\/fr\/wp-json\/wp\/v2\/comments?post=2417"}],"wp:featuredmedia":[{"embeddable":true,"href":"https:\/\/jnats.eu\/fr\/wp-json\/wp\/v2\/media\/2420"}],"wp:attachment":[{"href":"https:\/\/jnats.eu\/fr\/wp-json\/wp\/v2\/media?parent=2417"}],"wp:term":[{"taxonomy":"product_brand","embeddable":true,"href":"https:\/\/jnats.eu\/fr\/wp-json\/wp\/v2\/product_brand?post=2417"},{"taxonomy":"product_cat","embeddable":true,"href":"https:\/\/jnats.eu\/fr\/wp-json\/wp\/v2\/product_cat?post=2417"},{"taxonomy":"product_tag","embeddable":true,"href":"https:\/\/jnats.eu\/fr\/wp-json\/wp\/v2\/product_tag?post=2417"}],"curies":[{"name":"wp","href":"https:\/\/api.w.org\/{rel}","templated":true}]}}