{"id":2421,"date":"2024-05-03T09:27:54","date_gmt":"2024-05-03T06:27:54","guid":{"rendered":"http:\/\/jnats.eu\/?post_type=product&#038;p=2421"},"modified":"2024-10-15T09:03:23","modified_gmt":"2024-10-15T06:03:23","slug":"narutaki-specialiai-skustuvams-atrinkti-uzbaigimo-akmenys","status":"publish","type":"product","link":"https:\/\/jnats.eu\/fr\/produit-2\/narutaki-specialiai-skustuvams-atrinkti-uzbaigimo-akmenys\/","title":{"rendered":"Pierres de finition s\u00e9lectionn\u00e9es sp\u00e9cifiquement pour les rasoirs Narutaki"},"content":{"rendered":"<p>Pierres de finition vintage sp\u00e9cialement s\u00e9lectionn\u00e9es pour les rasoirs de la mine Narutaki. Au milieu du si\u00e8cle dernier, ces pierres \u00e9taient largement utilis\u00e9es et la comp\u00e9tence de ceux qui les traitaient peut \u00eatre mise en doute. Nous pouvons donc garantir un rasage parfait apr\u00e8s avoir fini d\u2019aff\u00fbter avec ces pierres.<\/p>\n\n\n\n<p>Nagura n&#039;est pas n\u00e9cessaire car les pierres ne sont pas tr\u00e8s dures et lib\u00e8rent leur propre suspension.<\/p>\n\n\n\n<p><strong>Naruto (\u9cf4\u7027, \u9cf4\u6edd)<\/strong><br>Une mine orientale qui produit des pierres de finition tr\u00e8s appr\u00e9ci\u00e9es par les togishi pour le jizuya. Il est int\u00e9ressant de noter que le m\u00eame terme est souvent utilis\u00e9 pour d\u00e9crire la r\u00e9gion o\u00f9 sont extraites les pierres des mines de l\u2019Est. Les pierres provenant de la mine Hon-Narutaki elle-m\u00eame sont assez rarement vues dans le commerce de nos jours.<\/p>\n\n\n\n<figure class=\"wp-block-embed is-type-video is-provider-youtube wp-block-embed-youtube wp-embed-aspect-16-9 wp-has-aspect-ratio\"><div class=\"wp-block-embed__wrapper\">\n<div class=\"video-container\"><iframe title=\"Pierres \u00e0 aiguiser de finition Narutaki sp\u00e9cialement s\u00e9lectionn\u00e9es pour les rasoirs\" width=\"1170\" height=\"658\" src=\"https:\/\/www.youtube.com\/embed\/ziKIUoWWSCc?feature=oembed\" frameborder=\"0\" allow=\"accelerometer; autoplay; clipboard-write; encrypted-media; gyroscope; picture-in-picture; web-share\" referrerpolicy=\"strict-origin-when-cross-origin\" allowfullscreen><\/iframe><\/div>\n<\/div><\/figure>","protected":false},"excerpt":{"rendered":"<ol>\n<li><del>Dimensions : 163x56x22 mm ; Poids 528 g.\u00a0<\/del> Vendu<\/li>\n<li><del>Dimensions : 156x56x26 mm ; Poids 559 g.<\/del> Vendu<\/li>\n<li><del>Dimensions : 148x52x26 mm ; Poids 489 g.<\/del><\/li>\n<li><del>Dimensions : 155x57x24 mm ; Poids 554 g.<\/del> <strong>Pas de couvercle de bo\u00eete.<\/strong><\/li>\n<\/ol>","protected":false},"featured_media":2429,"comment_status":"open","ping_status":"closed","template":"","meta":[],"product_brand":[],"product_cat":[22],"product_tag":[146],"class_list":{"0":"post-2421","1":"product","2":"type-product","3":"status-publish","4":"has-post-thumbnail","6":"product_cat-jnats","7":"product_tag-narutaki","8":"product_shipping_class-iprastas","10":"first","11":"outofstock","12":"sold-individually","13":"shipping-taxable","14":"purchasable","15":"product-type-variable"},"_links":{"self":[{"href":"https:\/\/jnats.eu\/fr\/wp-json\/wp\/v2\/product\/2421","targetHints":{"allow":["GET"]}}],"collection":[{"href":"https:\/\/jnats.eu\/fr\/wp-json\/wp\/v2\/product"}],"about":[{"href":"https:\/\/jnats.eu\/fr\/wp-json\/wp\/v2\/types\/product"}],"replies":[{"embeddable":true,"href":"https:\/\/jnats.eu\/fr\/wp-json\/wp\/v2\/comments?post=2421"}],"wp:featuredmedia":[{"embeddable":true,"href":"https:\/\/jnats.eu\/fr\/wp-json\/wp\/v2\/media\/2429"}],"wp:attachment":[{"href":"https:\/\/jnats.eu\/fr\/wp-json\/wp\/v2\/media?parent=2421"}],"wp:term":[{"taxonomy":"product_brand","embeddable":true,"href":"https:\/\/jnats.eu\/fr\/wp-json\/wp\/v2\/product_brand?post=2421"},{"taxonomy":"product_cat","embeddable":true,"href":"https:\/\/jnats.eu\/fr\/wp-json\/wp\/v2\/product_cat?post=2421"},{"taxonomy":"product_tag","embeddable":true,"href":"https:\/\/jnats.eu\/fr\/wp-json\/wp\/v2\/product_tag?post=2421"}],"curies":[{"name":"wp","href":"https:\/\/api.w.org\/{rel}","templated":true}]}}