{"id":2434,"date":"2024-05-03T10:27:43","date_gmt":"2024-05-03T07:27:43","guid":{"rendered":"http:\/\/jnats.eu\/?post_type=product&#038;p=2434"},"modified":"2024-06-29T15:55:34","modified_gmt":"2024-06-29T12:55:34","slug":"narutaki-awasedo-maruichi-for-kamisori","status":"publish","type":"product","link":"https:\/\/jnats.eu\/fr\/produit-2\/narutaki-awasedo-maruichi-for-kamisori\/","title":{"rendered":"NARUTAKI AWASEDO Maruichi pour Kamisori\u00a0"},"content":{"rendered":"<p>Les Narutak-toi sont des pierres fines obtenues dans les r\u00e9gions de Narutaki, Umegahata et Takao.<\/p>\n\n\n\n<p>La pierre naturelle japonaise NARUTAKI AWASEDO Maruichi pour Kamisori, sp\u00e9cialement s\u00e9lectionn\u00e9e pour la finition de l&#039;aff\u00fbtage des rasoirs, agit rapidement et lib\u00e8re une quantit\u00e9 suffisante de sa suspension. Il n&#039;y a pas besoin d&#039;une pierre plus tendre (mikawa ou tomo nagura) ni d&#039;une plaque de diamant us\u00e9e pour former une suspension.<\/p>\n\n\n\n<p>Sur la lame en acier Aogami 2, le Hagane a une finition miroir, tandis que le Jigae, plus doux, a une finition argent mat brillant.<\/p>\n\n\n\n<p>Les pierres \u00e0 aiguiser Narutaki sont parmi les plus belles extraites de Kyoto depuis pr\u00e8s de 900 ans. \u00c0 l&#039;\u00e9poque des samoura\u00efs, c&#039;\u00e9tait une question militaire tr\u00e8s importante car il s&#039;agissait d&#039;un aiguiseur d&#039;armes. Ainsi, pendant des centaines d&#039;ann\u00e9es, les montagnes ont \u00e9t\u00e9 gard\u00e9es par l&#039;empereur japonais, les shoguns ou le gouvernement. Seule la famille Honmu a longtemps exploit\u00e9 la montagne. Le Narutaki-to est utilis\u00e9 pour aiguiser et polir les \u00e9p\u00e9es japonaises, mais le Kanna (ciseau japonais), l&#039;obliamsl, le Kamisori, etc. permettaient \u00e9galement l&#039;utilisation de pierres plus petites ou de moindre qualit\u00e9.<\/p>\n\n\n\n<p>Une meule naturelle a une \u00e9chelle de travail plus grande qu&#039;une pierre artificielle, nous ne connaissons donc pas le r\u00e9sultat exact avant d&#039;avoir fini d&#039;aff\u00fbter. L&#039;abrasif des pierres \u00e0 aiguiser artificielles ne se d\u00e9compose pas en tailles plus petites, et les particules naturelles peuvent \u00eatre d\u00e9compos\u00e9es en tailles plus petites, qui sont m\u00e9lang\u00e9es \u00e0 la ferraille d&#039;acier pour produire la finition Jigane et Hagane appropri\u00e9e.<\/p>","protected":false},"excerpt":{"rendered":"<ul>\n<li>Convient pour la finition des rasoirs, couteaux, menuiserie et autres outils.<\/li>\n<li>Dimensions environ : 133x82x24 mm<\/li>\n<li>Poids : 609 g<\/li>\n<li>Duret\u00e9 : Lv 5<\/li>\n<li>La surface est lisse et pr\u00eate \u00e0 travailler<\/li>\n<\/ul>","protected":false},"featured_media":2439,"comment_status":"open","ping_status":"closed","template":"","meta":[],"product_brand":[],"product_cat":[22],"product_tag":[40,25,275,146],"class_list":{"0":"post-2434","1":"product","2":"type-product","3":"status-publish","4":"has-post-thumbnail","6":"product_cat-jnats","7":"product_tag-awasedo","8":"product_tag-kamisori","9":"product_tag-maruichi","10":"product_tag-narutaki","11":"product_shipping_class-iprastas","13":"first","14":"outofstock","15":"shipping-taxable","16":"purchasable","17":"product-type-simple"},"_links":{"self":[{"href":"https:\/\/jnats.eu\/fr\/wp-json\/wp\/v2\/product\/2434","targetHints":{"allow":["GET"]}}],"collection":[{"href":"https:\/\/jnats.eu\/fr\/wp-json\/wp\/v2\/product"}],"about":[{"href":"https:\/\/jnats.eu\/fr\/wp-json\/wp\/v2\/types\/product"}],"replies":[{"embeddable":true,"href":"https:\/\/jnats.eu\/fr\/wp-json\/wp\/v2\/comments?post=2434"}],"wp:featuredmedia":[{"embeddable":true,"href":"https:\/\/jnats.eu\/fr\/wp-json\/wp\/v2\/media\/2439"}],"wp:attachment":[{"href":"https:\/\/jnats.eu\/fr\/wp-json\/wp\/v2\/media?parent=2434"}],"wp:term":[{"taxonomy":"product_brand","embeddable":true,"href":"https:\/\/jnats.eu\/fr\/wp-json\/wp\/v2\/product_brand?post=2434"},{"taxonomy":"product_cat","embeddable":true,"href":"https:\/\/jnats.eu\/fr\/wp-json\/wp\/v2\/product_cat?post=2434"},{"taxonomy":"product_tag","embeddable":true,"href":"https:\/\/jnats.eu\/fr\/wp-json\/wp\/v2\/product_tag?post=2434"}],"curies":[{"name":"wp","href":"https:\/\/api.w.org\/{rel}","templated":true}]}}