{"id":2442,"date":"2024-05-03T10:33:17","date_gmt":"2024-05-03T07:33:17","guid":{"rendered":"http:\/\/jnats.eu\/?post_type=product&#038;p=2442"},"modified":"2024-11-28T23:41:07","modified_gmt":"2024-11-28T21:41:07","slug":"narutaki-awasedo-maruichi-for-kamisori-2","status":"publish","type":"product","link":"https:\/\/jnats.eu\/fr\/produit-2\/narutaki-awasedo-maruichi-for-kamisori-2\/","title":{"rendered":"Maruichi Maruka pour Kamisori\u00a0"},"content":{"rendered":"<p>Les Narutak-toi sont des pierres fines obtenues dans les r\u00e9gions de Narutaki, Umegahata et Takao.<\/p>\n\n\n\n<p>La pierre naturelle japonaise NARUTAKI AWASEDO Maruichi Maruka pour Kamisori, sp\u00e9cialement s\u00e9lectionn\u00e9e pour la finition de l'aiguisage des rasoirs, travaille rapidement et produit une quantit\u00e9 suffisante de sa suspension. La suspension ne n\u00e9cessite pas de pierre plus douce (mikawa ou tomo nagura) ou de plaque diamant\u00e9e us\u00e9e.<\/p>\n\n\n\n<p>Sur la lame en acier Aogami 2, le Hagane a une finition miroir, tandis que le Jigae, plus doux, a une finition argent mat brillant.<\/p>\n\n\n\n<p>Les pierres \u00e0 aiguiser de Narutaki sont parmi les plus fines extraites \u00e0 Kyoto depuis pr\u00e8s de 900 ans. \u00c0 l'\u00e9poque des samoura\u00efs, elles \u00e9taient tr\u00e8s importantes sur le plan militaire, car elles permettaient d'aiguiser les armes, et pendant des centaines d'ann\u00e9es, les montagnes ont \u00e9t\u00e9 gard\u00e9es par l'empereur, le shogun ou le gouvernement japonais. Seule la famille Honma a longtemps exploit\u00e9 la montagne. Narutaki-to \u00e9tait utilis\u00e9 pour aiguiser et polir les sabres japonais, mais des pierres plus petites ou de moindre qualit\u00e9 \u00e9taient \u00e9galement utilis\u00e9es pour le Kanna (ciseau japonais), les rabots, le Kamisori, etc.<\/p>\n\n\n\n<p>Une meule naturelle a une \u00e9chelle de travail plus grande qu&#039;une pierre artificielle, nous ne connaissons donc pas le r\u00e9sultat exact avant d&#039;avoir fini d&#039;aff\u00fbter. L&#039;abrasif des pierres \u00e0 aiguiser artificielles ne se d\u00e9compose pas en tailles plus petites, et les particules naturelles peuvent \u00eatre d\u00e9compos\u00e9es en tailles plus petites, qui sont m\u00e9lang\u00e9es \u00e0 la ferraille d&#039;acier pour produire la finition Jigane et Hagane appropri\u00e9e.<\/p>","protected":false},"excerpt":{"rendered":"<ul>\n<li>Convient pour la finition des rasoirs, couteaux, menuiserie et autres outils.<\/li>\n<li>Dimensions environ : 144x84x28 mm<\/li>\n<li>Poids : 857 g<\/li>\n<li>Duret\u00e9 : Lv 5<\/li>\n<li>La surface est lisse et pr\u00eate \u00e0 travailler<\/li>\n<\/ul>","protected":false},"featured_media":2444,"comment_status":"open","ping_status":"closed","template":"","meta":[],"product_brand":[],"product_cat":[22],"product_tag":[40,275],"class_list":{"0":"post-2442","1":"product","2":"type-product","3":"status-publish","4":"has-post-thumbnail","6":"product_cat-jnats","7":"product_tag-awasedo","8":"product_tag-maruichi","9":"product_shipping_class-iprastas","11":"first","12":"outofstock","13":"shipping-taxable","14":"purchasable","15":"product-type-simple"},"_links":{"self":[{"href":"https:\/\/jnats.eu\/fr\/wp-json\/wp\/v2\/product\/2442","targetHints":{"allow":["GET"]}}],"collection":[{"href":"https:\/\/jnats.eu\/fr\/wp-json\/wp\/v2\/product"}],"about":[{"href":"https:\/\/jnats.eu\/fr\/wp-json\/wp\/v2\/types\/product"}],"replies":[{"embeddable":true,"href":"https:\/\/jnats.eu\/fr\/wp-json\/wp\/v2\/comments?post=2442"}],"wp:featuredmedia":[{"embeddable":true,"href":"https:\/\/jnats.eu\/fr\/wp-json\/wp\/v2\/media\/2444"}],"wp:attachment":[{"href":"https:\/\/jnats.eu\/fr\/wp-json\/wp\/v2\/media?parent=2442"}],"wp:term":[{"taxonomy":"product_brand","embeddable":true,"href":"https:\/\/jnats.eu\/fr\/wp-json\/wp\/v2\/product_brand?post=2442"},{"taxonomy":"product_cat","embeddable":true,"href":"https:\/\/jnats.eu\/fr\/wp-json\/wp\/v2\/product_cat?post=2442"},{"taxonomy":"product_tag","embeddable":true,"href":"https:\/\/jnats.eu\/fr\/wp-json\/wp\/v2\/product_tag?post=2442"}],"curies":[{"name":"wp","href":"https:\/\/api.w.org\/{rel}","templated":true}]}}