{"id":2449,"date":"2024-05-03T10:44:53","date_gmt":"2024-05-03T07:44:53","guid":{"rendered":"http:\/\/jnats.eu\/?post_type=product&#038;p=2449"},"modified":"2024-11-28T23:41:07","modified_gmt":"2024-11-28T21:41:07","slug":"honyama-goto-yamashiro","status":"publish","type":"product","link":"https:\/\/jnats.eu\/fr\/produit-2\/honyama-goto-yamashiro\/","title":{"rendered":"Honyama Goto Yamashiro"},"content":{"rendered":"<p>Honyama Goto Yamashiro travaille rapidement et lib\u00e8re une quantit\u00e9 suffisante de sa suspension. Une pierre plus tendre (mikawa ou tomo nagura) ou une plaque de diamant us\u00e9e n&#039;est pas n\u00e9cessaire pour former une suspension.<\/p>","protected":false},"excerpt":{"rendered":"<ul>\n<li>Convient pour la finition des rasoirs, couteaux, menuiserie et autres outils.<\/li>\n<li>Dimensions environ : 144x85x28 mm<\/li>\n<li>Poids : 888 g<\/li>\n<li>Duret\u00e9 : Lv 4<\/li>\n<li><strong>Il y a une fente peu profonde sous l&#039;\u00e9tiquette, ce qui ne devrait pas g\u00eaner le travail<\/strong><\/li>\n<\/ul>","protected":false},"featured_media":2455,"comment_status":"open","ping_status":"closed","template":"","meta":[],"product_brand":[],"product_cat":[22],"product_tag":[276,270,247],"class_list":{"0":"post-2449","1":"product","2":"type-product","3":"status-publish","4":"has-post-thumbnail","6":"product_cat-jnats","7":"product_tag-goto","8":"product_tag-honyama","9":"product_tag-yamashiro","10":"product_shipping_class-iprastas","12":"first","13":"outofstock","14":"shipping-taxable","15":"purchasable","16":"product-type-simple"},"_links":{"self":[{"href":"https:\/\/jnats.eu\/fr\/wp-json\/wp\/v2\/product\/2449","targetHints":{"allow":["GET"]}}],"collection":[{"href":"https:\/\/jnats.eu\/fr\/wp-json\/wp\/v2\/product"}],"about":[{"href":"https:\/\/jnats.eu\/fr\/wp-json\/wp\/v2\/types\/product"}],"replies":[{"embeddable":true,"href":"https:\/\/jnats.eu\/fr\/wp-json\/wp\/v2\/comments?post=2449"}],"wp:featuredmedia":[{"embeddable":true,"href":"https:\/\/jnats.eu\/fr\/wp-json\/wp\/v2\/media\/2455"}],"wp:attachment":[{"href":"https:\/\/jnats.eu\/fr\/wp-json\/wp\/v2\/media?parent=2449"}],"wp:term":[{"taxonomy":"product_brand","embeddable":true,"href":"https:\/\/jnats.eu\/fr\/wp-json\/wp\/v2\/product_brand?post=2449"},{"taxonomy":"product_cat","embeddable":true,"href":"https:\/\/jnats.eu\/fr\/wp-json\/wp\/v2\/product_cat?post=2449"},{"taxonomy":"product_tag","embeddable":true,"href":"https:\/\/jnats.eu\/fr\/wp-json\/wp\/v2\/product_tag?post=2449"}],"curies":[{"name":"wp","href":"https:\/\/api.w.org\/{rel}","templated":true}]}}