{"id":2468,"date":"2024-05-03T11:12:03","date_gmt":"2024-05-03T08:12:03","guid":{"rendered":"http:\/\/jnats.eu\/?post_type=product&#038;p=2468"},"modified":"2025-09-09T08:41:05","modified_gmt":"2025-09-09T05:41:05","slug":"maruoyama-shin-ogami","status":"publish","type":"product","link":"https:\/\/jnats.eu\/fr\/produit-2\/maruoyama-shin-ogami\/","title":{"rendered":"Maruoyama Shin Ogami"},"content":{"rendered":"<p>Maruoyama Shin Ogami convient \u00e0 l&#039;aff\u00fbtage de finition de tous types d&#039;outils tels que couteaux, raboteuses, ciseaux, rasoirs, etc. Il est facile \u00e0 aff\u00fbter, peut finir rapidement et bien, puis couper avec l&#039;outil pendant longtemps.<\/p>\n\n\n\n<p>La mine Maruo est situ\u00e9e dans les monts Tanba. Situ\u00e9e au nord-ouest de la ville de Kameoka, la montagne de pierre naturelle appel\u00e9e Nishimono est relativement nouvelle et son exploitation mini\u00e8re a commenc\u00e9 \u00e0 l&#039;\u00e9poque Meiji (date de fin : 30 juillet 1912, date de d\u00e9but : 25 janvier 1868). Il y avait environ 500 entr\u00e9es principales et combin\u00e9es en pierre, grandes et petites, dans un rayon de 3 km autour du site. L\u2019un d\u2019eux est le mont Maruo, o\u00f9 la famille Tatar exploite actuellement des mines.<\/p>\n\n\n\n<p>Shoji de troisi\u00e8me g\u00e9n\u00e9ration et Yozo de quatri\u00e8me g\u00e9n\u00e9ration ont commenc\u00e9 l&#039;exploitation mini\u00e8re en 1970. La mine contient les couches Suita et Tomae form\u00e9es par Honguchi, et des pierres taill\u00e9es de haute qualit\u00e9 sont encore extraites aujourd&#039;hui. L&#039;exploitation mini\u00e8re est enti\u00e8rement souterraine, ce qui est tr\u00e8s rare de nos jours.<\/p>","protected":false},"excerpt":{"rendered":"<ul>\n<li>Convient pour la finition des rasoirs, couteaux, menuiserie et autres outils.<\/li>\n<li>Dimensions : 196x40x67 mm<\/li>\n<li>Poids : 1060 g<\/li>\n<li>Duret\u00e9 : Lv 4<\/li>\n<li>La surface est lisse et pr\u00eate \u00e0 travailler<\/li>\n<\/ul>","protected":false},"featured_media":2471,"comment_status":"open","ping_status":"closed","template":"","meta":[],"product_brand":[],"product_cat":[22],"product_tag":[233],"class_list":{"0":"post-2468","1":"product","2":"type-product","3":"status-publish","4":"has-post-thumbnail","6":"product_cat-jnats","7":"product_tag-maruoyama","8":"product_shipping_class-iprastas","10":"first","11":"instock","12":"sale","13":"shipping-taxable","14":"purchasable","15":"product-type-simple"},"_links":{"self":[{"href":"https:\/\/jnats.eu\/fr\/wp-json\/wp\/v2\/product\/2468","targetHints":{"allow":["GET"]}}],"collection":[{"href":"https:\/\/jnats.eu\/fr\/wp-json\/wp\/v2\/product"}],"about":[{"href":"https:\/\/jnats.eu\/fr\/wp-json\/wp\/v2\/types\/product"}],"replies":[{"embeddable":true,"href":"https:\/\/jnats.eu\/fr\/wp-json\/wp\/v2\/comments?post=2468"}],"wp:featuredmedia":[{"embeddable":true,"href":"https:\/\/jnats.eu\/fr\/wp-json\/wp\/v2\/media\/2471"}],"wp:attachment":[{"href":"https:\/\/jnats.eu\/fr\/wp-json\/wp\/v2\/media?parent=2468"}],"wp:term":[{"taxonomy":"product_brand","embeddable":true,"href":"https:\/\/jnats.eu\/fr\/wp-json\/wp\/v2\/product_brand?post=2468"},{"taxonomy":"product_cat","embeddable":true,"href":"https:\/\/jnats.eu\/fr\/wp-json\/wp\/v2\/product_cat?post=2468"},{"taxonomy":"product_tag","embeddable":true,"href":"https:\/\/jnats.eu\/fr\/wp-json\/wp\/v2\/product_tag?post=2468"}],"curies":[{"name":"wp","href":"https:\/\/api.w.org\/{rel}","templated":true}]}}