{"id":2485,"date":"2024-05-03T12:03:57","date_gmt":"2024-05-03T09:03:57","guid":{"rendered":"http:\/\/jnats.eu\/?post_type=product&#038;p=2485"},"modified":"2024-05-04T11:06:23","modified_gmt":"2024-05-04T08:06:23","slug":"atago-awasedo-imanishi","status":"publish","type":"product","link":"https:\/\/jnats.eu\/fr\/produit-2\/atago-awasedo-imanishi\/","title":{"rendered":"Atago Awasedo Imanishi"},"content":{"rendered":"<p>Malgr\u00e9 son apparence sans pr\u00e9tention, la pierre de finition \u00e0 aiguiser japonaise Atago Awasedo Imanishi est un plaisir \u00e0 utiliser. Les grandes dimensions procurent une sensation d&#039;aff\u00fbtage extr\u00eamement stable et la puret\u00e9 de la pierre garantit des r\u00e9sultats constants pendant toute une vie. C&#039;est un \u00ab bourreau de travail \u00bb qui peut durer toute une vie pour un aff\u00fbteur professionnel et un passionn\u00e9 de polissage. La pierre est solide mais pas si dure qu\u2019elle soit trop difficile \u00e0 utiliser pour les utilisateurs moins exp\u00e9riment\u00e9s. En utilisant une suspension extraite lat\u00e9ralement ou par plaque diamant\u00e9e, il efface 6k assez rapidement. Les pierres synth\u00e9tiques rayent et laissent un kasumi agr\u00e9able, et avec une pierre propre, le couteau peut \u00eatre encore affin\u00e9 pour obtenir une finition fine et brillante. Cette pierre convient \u00e0 tout, des couteaux aux outils et rasoirs. La pierre est d\u2019une couleur grise uniforme avec de l\u00e9g\u00e8res bandes.<\/p>\n\n\n\n<p><strong>Atagoyama<\/strong><br>Cette mine extrait des pierres de Chu-ishi naori, qui sont g\u00e9n\u00e9ralement grandes et propres. Le mont Atago est souvent consid\u00e9r\u00e9 comme le centre de la zone mini\u00e8re de pierre \u00e0 aiguiser de Kyoto.<\/p>","protected":false},"excerpt":{"rendered":"<ul>\n<li>Convient pour les couteaux de finition, les ciseaux, les outils de menuiserie et autres.<\/li>\n<li>Dimensions : 205x75x43 mm<\/li>\n<li>Poids : 1690 g<\/li>\n<li>Duret\u00e9 : Lv 4<\/li>\n<li>La surface est lisse et pr\u00eate \u00e0 \u00eatre travaill\u00e9e.<\/li>\n<li>Les lignes sont s\u00e9curis\u00e9es.<\/li>\n<li>Nous recommandons de travailler avec de l'eau chaude, car l'eau froide nuit \u00e0 la rapidit\u00e9 et \u00e0 la r\u00e9activit\u00e9.<\/li>\n<\/ul>","protected":false},"featured_media":2490,"comment_status":"open","ping_status":"closed","template":"","meta":[],"product_brand":[],"product_cat":[22],"product_tag":[242,278,254],"class_list":{"0":"post-2485","1":"product","2":"type-product","3":"status-publish","4":"has-post-thumbnail","6":"product_cat-jnats","7":"product_tag-atago","8":"product_tag-atago-awasedo","9":"product_tag-imanishi","10":"product_shipping_class-iprastas","12":"first","13":"instock","14":"sale","15":"shipping-taxable","16":"purchasable","17":"product-type-simple"},"_links":{"self":[{"href":"https:\/\/jnats.eu\/fr\/wp-json\/wp\/v2\/product\/2485","targetHints":{"allow":["GET"]}}],"collection":[{"href":"https:\/\/jnats.eu\/fr\/wp-json\/wp\/v2\/product"}],"about":[{"href":"https:\/\/jnats.eu\/fr\/wp-json\/wp\/v2\/types\/product"}],"replies":[{"embeddable":true,"href":"https:\/\/jnats.eu\/fr\/wp-json\/wp\/v2\/comments?post=2485"}],"wp:featuredmedia":[{"embeddable":true,"href":"https:\/\/jnats.eu\/fr\/wp-json\/wp\/v2\/media\/2490"}],"wp:attachment":[{"href":"https:\/\/jnats.eu\/fr\/wp-json\/wp\/v2\/media?parent=2485"}],"wp:term":[{"taxonomy":"product_brand","embeddable":true,"href":"https:\/\/jnats.eu\/fr\/wp-json\/wp\/v2\/product_brand?post=2485"},{"taxonomy":"product_cat","embeddable":true,"href":"https:\/\/jnats.eu\/fr\/wp-json\/wp\/v2\/product_cat?post=2485"},{"taxonomy":"product_tag","embeddable":true,"href":"https:\/\/jnats.eu\/fr\/wp-json\/wp\/v2\/product_tag?post=2485"}],"curies":[{"name":"wp","href":"https:\/\/api.w.org\/{rel}","templated":true}]}}