{"id":2493,"date":"2024-05-03T12:13:07","date_gmt":"2024-05-03T09:13:07","guid":{"rendered":"http:\/\/jnats.eu\/?post_type=product&#038;p=2493"},"modified":"2024-05-04T11:06:47","modified_gmt":"2024-05-04T08:06:47","slug":"izoriyama-awasedo-imanishi","status":"publish","type":"product","link":"https:\/\/jnats.eu\/fr\/produit-2\/izoriyama-awasedo-imanishi\/","title":{"rendered":"Izoriyama Awasedo Imanishi"},"content":{"rendered":"<p>La pierre \u00e0 aiguiser japonaise Izoriyama Awasedo Imanishi est agr\u00e9able \u00e0 utiliser et fonctionne rapidement. Les grandes dimensions procurent une sensation d&#039;aff\u00fbtage extr\u00eamement stable et la puret\u00e9 de la pierre garantit des r\u00e9sultats constants pendant toute une vie. C&#039;est un \u00ab bourreau de travail \u00bb qui peut durer toute une vie pour un aff\u00fbteur professionnel et un passionn\u00e9 de polissage. La pierre est solide, mais pas si dure qu\u2019elle soit trop difficile \u00e0 utiliser pour les utilisateurs moins exp\u00e9riment\u00e9s. \u00c0 l&#039;aide d&#039;une suspension \u00e0 extraction lat\u00e9rale ou \u00e0 disque diamant\u00e9, il en efface 6 mille assez rapidement. Les pierres synth\u00e9tiques rayent et laissent un kasumi agr\u00e9able, et avec une pierre propre, le couteau peut \u00eatre encore affin\u00e9 pour obtenir une finition fine et brillante. Cette pierre convient \u00e0 tout, des couteaux aux outils et rasoirs. <\/p>","protected":false},"excerpt":{"rendered":"<ul>\n<li>Convient pour la finition des rasoirs, des couteaux, des ciseaux, des outils de menuiserie et autres.<\/li>\n<li>Dimensions : 205x78x45mm<\/li>\n<li>Poids : 1850g<\/li>\n<li>Duret\u00e9\u00a0:\u00a0Niv 4,5<\/li>\n<li>La surface est lisse et pr\u00eate \u00e0 \u00eatre travaill\u00e9e.<\/li>\n<li>Nous recommandons de travailler avec de l'eau chaude, car l'eau froide nuit \u00e0 la rapidit\u00e9 et \u00e0 la r\u00e9activit\u00e9.<\/li>\n<\/ul>","protected":false},"featured_media":2494,"comment_status":"open","ping_status":"closed","template":"","meta":[],"product_brand":[],"product_cat":[22],"product_tag":[40,254,279],"class_list":{"0":"post-2493","1":"product","2":"type-product","3":"status-publish","4":"has-post-thumbnail","6":"product_cat-jnats","7":"product_tag-awasedo","8":"product_tag-imanishi","9":"product_tag-izoriyama","10":"product_shipping_class-iprastas","12":"first","13":"instock","14":"sale","15":"shipping-taxable","16":"purchasable","17":"product-type-simple"},"_links":{"self":[{"href":"https:\/\/jnats.eu\/fr\/wp-json\/wp\/v2\/product\/2493","targetHints":{"allow":["GET"]}}],"collection":[{"href":"https:\/\/jnats.eu\/fr\/wp-json\/wp\/v2\/product"}],"about":[{"href":"https:\/\/jnats.eu\/fr\/wp-json\/wp\/v2\/types\/product"}],"replies":[{"embeddable":true,"href":"https:\/\/jnats.eu\/fr\/wp-json\/wp\/v2\/comments?post=2493"}],"wp:featuredmedia":[{"embeddable":true,"href":"https:\/\/jnats.eu\/fr\/wp-json\/wp\/v2\/media\/2494"}],"wp:attachment":[{"href":"https:\/\/jnats.eu\/fr\/wp-json\/wp\/v2\/media?parent=2493"}],"wp:term":[{"taxonomy":"product_brand","embeddable":true,"href":"https:\/\/jnats.eu\/fr\/wp-json\/wp\/v2\/product_brand?post=2493"},{"taxonomy":"product_cat","embeddable":true,"href":"https:\/\/jnats.eu\/fr\/wp-json\/wp\/v2\/product_cat?post=2493"},{"taxonomy":"product_tag","embeddable":true,"href":"https:\/\/jnats.eu\/fr\/wp-json\/wp\/v2\/product_tag?post=2493"}],"curies":[{"name":"wp","href":"https:\/\/api.w.org\/{rel}","templated":true}]}}