{"id":2509,"date":"2024-05-03T12:31:41","date_gmt":"2024-05-03T09:31:41","guid":{"rendered":"http:\/\/jnats.eu\/?post_type=product&#038;p=2509"},"modified":"2025-09-19T08:00:58","modified_gmt":"2025-09-19T05:00:58","slug":"narutaki-suita","status":"publish","type":"product","link":"https:\/\/jnats.eu\/fr\/produit-2\/narutaki-suita\/","title":{"rendered":"Costume Naruto"},"content":{"rendered":"<p>Homog\u00e8ne et de forme id\u00e9ale, Narutaki Suita convient \u00e0 la finition d&#039;aff\u00fbtage de tous les outils et pr\u00e9sente une vitesse de travail et une uniformit\u00e9 moyennes.<\/p>\n\n\n\n<p><strong>Naruto (\u9cf4\u7027, \u9cf4\u6edd)<\/strong><br>Une mine orientale qui produit des pierres de finition tr\u00e8s appr\u00e9ci\u00e9es par les togishi pour le jizuya. Il est int\u00e9ressant de noter que le m\u00eame terme est souvent utilis\u00e9 pour d\u00e9crire la r\u00e9gion o\u00f9 sont extraites les pierres des mines de l\u2019Est. Les pierres provenant de la mine Hon-Narutaki elle-m\u00eame sont assez rarement vues dans le commerce de nos jours.<\/p>","protected":false},"excerpt":{"rendered":"<ul>\n<li>Convient pour les couteaux de finition, les ciseaux, les outils de menuiserie et autres.<\/li>\n<li>Dimensions : 213x37x35mm<\/li>\n<li>Poids : 677 g<\/li>\n<li>Duret\u00e9 : Lv 4.8<\/li>\n<li>Liss\u00e9 et pr\u00eat \u00e0 l'emploi.<\/li>\n<li>Nous recommandons de travailler avec de l'eau chaude, car l'eau froide nuit \u00e0 la rapidit\u00e9 et \u00e0 la r\u00e9activit\u00e9.<\/li>\n<\/ul>","protected":false},"featured_media":2511,"comment_status":"open","ping_status":"closed","template":"","meta":[],"product_brand":[],"product_cat":[22],"product_tag":[146,50],"class_list":{"0":"post-2509","1":"product","2":"type-product","3":"status-publish","4":"has-post-thumbnail","6":"product_cat-jnats","7":"product_tag-narutaki","8":"product_tag-suita","9":"product_shipping_class-iprastas","11":"first","12":"outofstock","13":"sale","14":"shipping-taxable","15":"purchasable","16":"product-type-simple"},"_links":{"self":[{"href":"https:\/\/jnats.eu\/fr\/wp-json\/wp\/v2\/product\/2509","targetHints":{"allow":["GET"]}}],"collection":[{"href":"https:\/\/jnats.eu\/fr\/wp-json\/wp\/v2\/product"}],"about":[{"href":"https:\/\/jnats.eu\/fr\/wp-json\/wp\/v2\/types\/product"}],"replies":[{"embeddable":true,"href":"https:\/\/jnats.eu\/fr\/wp-json\/wp\/v2\/comments?post=2509"}],"wp:featuredmedia":[{"embeddable":true,"href":"https:\/\/jnats.eu\/fr\/wp-json\/wp\/v2\/media\/2511"}],"wp:attachment":[{"href":"https:\/\/jnats.eu\/fr\/wp-json\/wp\/v2\/media?parent=2509"}],"wp:term":[{"taxonomy":"product_brand","embeddable":true,"href":"https:\/\/jnats.eu\/fr\/wp-json\/wp\/v2\/product_brand?post=2509"},{"taxonomy":"product_cat","embeddable":true,"href":"https:\/\/jnats.eu\/fr\/wp-json\/wp\/v2\/product_cat?post=2509"},{"taxonomy":"product_tag","embeddable":true,"href":"https:\/\/jnats.eu\/fr\/wp-json\/wp\/v2\/product_tag?post=2509"}],"curies":[{"name":"wp","href":"https:\/\/api.w.org\/{rel}","templated":true}]}}