{"id":2529,"date":"2024-05-03T12:53:45","date_gmt":"2024-05-03T09:53:45","guid":{"rendered":"http:\/\/jnats.eu\/?post_type=product&#038;p=2529"},"modified":"2025-07-22T00:35:55","modified_gmt":"2025-07-21T21:35:55","slug":"ohira-awasedo-japoniskas-naturalus-akmuo-galandimui","status":"publish","type":"product","link":"https:\/\/jnats.eu\/fr\/produit-2\/ohira-awasedo-japoniskas-naturalus-akmuo-galandimui\/","title":{"rendered":"Pierre \u00e0 aiguiser naturelle japonaise Ohira Awasedo"},"content":{"rendered":"<p>Pierre \u00e0 aiguiser naturelle japonaise Ohira Awasedo rapide et uniforme provenant d&#039;une mine actuellement active r\u00e9put\u00e9e pour sa qualit\u00e9 et sa vari\u00e9t\u00e9 de roches.<\/p>\n\n\n\n<p><strong>Ohira (\u5927\u5e73, Oohira, Ohirayama)<\/strong><br>Mine occidentale, r\u00e9put\u00e9e pour la qualit\u00e9 de l&#039;Uchigumori et du Suita. Bien que la mine soit encore exploit\u00e9e occasionnellement, les uchigumori et Ohira suita exportables sont de plus en plus difficiles \u00e0 trouver. De nombreux mineurs seraient pr\u00e9occup\u00e9s par l\u2019approvisionnement \u00e0 long terme en pierres uchigumori de qualit\u00e9. En raison de la qualit\u00e9 sup\u00e9rieure de l&#039;Ohira suita et de l&#039;uchigumori, il n&#039;est pas rare que des pierres provenant d&#039;autres mines soient estampill\u00e9es ou vendues sous le nom d&#039;Ohira.<\/p>","protected":false},"excerpt":{"rendered":"<ul>\n<li>Convient pour la finition des couteaux, de la menuiserie et d&#039;autres outils. Pour les rasoirs - pr\u00e9finition.<\/li>\n<li>Dimensions : 156x87x27 mm<\/li>\n<li>Poids : 900g<\/li>\n<li>Duret\u00e9 : Lv 4<\/li>\n<li>La surface est lisse et pr\u00eate \u00e0 travailler<\/li>\n<\/ul>","protected":false},"featured_media":2531,"comment_status":"open","ping_status":"closed","template":"","meta":[],"product_brand":[],"product_cat":[22],"product_tag":[40,47],"class_list":{"0":"post-2529","1":"product","2":"type-product","3":"status-publish","4":"has-post-thumbnail","6":"product_cat-jnats","7":"product_tag-awasedo","8":"product_tag-ohira","9":"product_shipping_class-iprastas","11":"first","12":"outofstock","13":"sale","14":"shipping-taxable","15":"purchasable","16":"product-type-simple"},"_links":{"self":[{"href":"https:\/\/jnats.eu\/fr\/wp-json\/wp\/v2\/product\/2529","targetHints":{"allow":["GET"]}}],"collection":[{"href":"https:\/\/jnats.eu\/fr\/wp-json\/wp\/v2\/product"}],"about":[{"href":"https:\/\/jnats.eu\/fr\/wp-json\/wp\/v2\/types\/product"}],"replies":[{"embeddable":true,"href":"https:\/\/jnats.eu\/fr\/wp-json\/wp\/v2\/comments?post=2529"}],"wp:featuredmedia":[{"embeddable":true,"href":"https:\/\/jnats.eu\/fr\/wp-json\/wp\/v2\/media\/2531"}],"wp:attachment":[{"href":"https:\/\/jnats.eu\/fr\/wp-json\/wp\/v2\/media?parent=2529"}],"wp:term":[{"taxonomy":"product_brand","embeddable":true,"href":"https:\/\/jnats.eu\/fr\/wp-json\/wp\/v2\/product_brand?post=2529"},{"taxonomy":"product_cat","embeddable":true,"href":"https:\/\/jnats.eu\/fr\/wp-json\/wp\/v2\/product_cat?post=2529"},{"taxonomy":"product_tag","embeddable":true,"href":"https:\/\/jnats.eu\/fr\/wp-json\/wp\/v2\/product_tag?post=2529"}],"curies":[{"name":"wp","href":"https:\/\/api.w.org\/{rel}","templated":true}]}}