{"id":2558,"date":"2024-05-05T09:44:49","date_gmt":"2024-05-05T06:44:49","guid":{"rendered":"http:\/\/jnats.eu\/?post_type=product&#038;p=2558"},"modified":"2024-07-19T15:51:05","modified_gmt":"2024-07-19T12:51:05","slug":"techninis-jaspis-jasma-rusiskas-naturalus-galandimo-akmuo-2","status":"publish","type":"product","link":"https:\/\/jnats.eu\/fr\/produit-2\/techninis-jaspis-jasma-rusiskas-naturalus-galandimo-akmuo-2\/","title":{"rendered":"Jaspe technique (Ja\u0161ma) Pierre \u00e0 aiguiser naturelle russe"},"content":{"rendered":"<p>Le jaspe technique (ja\u0161ma - \u044f\u0448\u043c\u0430) est une meule verte ou vert fonc\u00e9. C&#039;est l&#039;une des vari\u00e9t\u00e9s s\u00e9cr\u00e9toires de roches cristallines, constitu\u00e9e principalement de quartz, de calc\u00e9doine et d&#039;impuret\u00e9s d&#039;autres min\u00e9raux (\u00e9pidote, actinolite, chlorite, mica, pyrite, oxydes et hydroxydes de fer et de mangan\u00e8se). Le jaspe est d&#039;origine s\u00e9dimentaire ou volcanique. Composition approximative du jaspe : quartz et calc\u00e9doine (SiO2) 80-95% ; oxyde d&#039;aluminium (Al2O3) et oxyde de fer (Fe2O3) jusqu&#039;\u00e0 15 % ; oxyde de calcium (CaO) - 3-6% (et autres). Il est \u00e0 noter que le quartz et la calc\u00e9doine ont la m\u00eame formule chimique (SiO2) et ne diff\u00e8rent l\u2019un de l\u2019autre que par l\u2019apparence.<\/p>\n\n\n\n<p>Le jaspe industriel est extrait dans les zones o\u00f9 se trouvent des roches feuillet\u00e9es ou en couches. Le jaspe technique comprend principalement le quartz et le quartz calc\u00e9doine, qui sont des vari\u00e9t\u00e9s de jaspe ruban\u00e9 ou ruban\u00e9. Le plus souvent, ce type de jaspe a une couleur verte, directement li\u00e9e \u00e0 la couleur de la boue \u00e9mise par les volcans sous-marins. Pendant des millions d&#039;ann\u00e9es, ils ont \u00e9clat\u00e9 \u00e0 travers de grandes quantit\u00e9s de silice sous forme de lave, puis se sont d\u00e9pos\u00e9s sous forme de silice, puis, \u00e9galement pendant des millions d&#039;ann\u00e9es, ont subi un processus de recristallisation. Le Jaspe peut \u00e9galement \u00eatre d&#039;origine secondaire \u00e0 partir de mati\u00e8res premi\u00e8res organiques. Un exemple est celui des arbres p\u00e9trifi\u00e9s qui ont \u00e9t\u00e9 transform\u00e9s au fil des millions d\u2019ann\u00e9es en diverses formes de quartz, dont le jaspe. Aussi, la formation secondaire de jaspe peut survenir \u00e0 partir de certains types d\u2019organismes vivants : \u00e9ponges, algues, etc.<\/p>\n\n\n\n<p>Contrairement aux autres types de jaspe, le jaspe industriel a une densit\u00e9 beaucoup plus \u00e9lev\u00e9e car il se compose g\u00e9n\u00e9ralement de 80 \u00e0 901 TP3T de quartz et de 10 \u00e0 151 TP3T de chlorite (un min\u00e9ral semblable au mica de la sous-classe des silicates en couches) avec un m\u00e9lange d&#039;\u00e9pidote. , thiosite et argile. Jasper a une fracture peign\u00e9e, d&#039;apparence similaire \u00e0 la surface interne des coquilles. Outre le jaspe ordinaire, le jaspe tachet\u00e9 est \u00e9galement class\u00e9 comme jaspe technique. Selon le nombre et la densit\u00e9 des taches, les jaspes tachet\u00e9s se r\u00e9partissent en plusieurs types : faiblement tachet\u00e9s, denses, flous, tachet\u00e9s de jaune, etc. Dans le m\u00eame temps, un plus petit nombre de taches indique une plus grande uniformit\u00e9 du jaspe, directement li\u00e9e \u00e0 son efficacit\u00e9 de travail.<\/p>\n\n\n\n<p><em>Plus le jaspe est uniforme, meilleure est la qualit\u00e9 de la pierre \u00e0 aiguiser, plus le trait est net et plus la coupe du couteau apr\u00e8s aff\u00fbtage est agressive.<\/em><\/p>\n\n\n\n<p>Dans l\u2019industrie, le jaspe technique est principalement utilis\u00e9 comme mati\u00e8re premi\u00e8re, ainsi que comme pierres de finition et d\u00e9coratives. En fait, les pierres pr\u00e9cieuses de la plus basse qualit\u00e9, impropres \u00e0 l&#039;artisanat, aux souvenirs et \u00e0 la vaisselle, sont appel\u00e9es \u00ab jaspe technique \u00bb. On en fabrique des arbres de traitement, des coupelles, des prismes de support pour instruments de mesure, etc. Ce type de jaspe se caract\u00e9rise par une r\u00e9sistance, une duret\u00e9, une uniformit\u00e9 maximales et, surtout, la r\u00e9p\u00e9tabilit\u00e9 des propri\u00e9t\u00e9s de la pierre extraite dans un seul gisement.<br>Il existe de nombreux gisements industriels de jaspe en Russie. Les jaspes gris et vert gris\u00e2tre sont extraits dans le gisement de Kalkan, les gisements Kushkuldinskoye, Anastasevskoye, Muldakaevskoye, Malomuinakovskoye et Naurazovskoye, o\u00f9 se trouvent des jaspes d&#039;autres nuances, sont \u00e9galement consid\u00e9r\u00e9s comme assez grands. \u00c0 l&#039;\u00e9tranger, il existe des gisements de jaspe industriel en Inde, au Japon, en Allemagne, en France, en Ouzb\u00e9kistan et au Tadjikistan.<\/p>\n\n\n\n<p>En aff\u00fbtage, le jaspe industriel est utilis\u00e9 comme pierre de finition et de polissage. Il pr\u00e9sente la plus grande efficacit\u00e9 lors du travail avec de l&#039;acier au carbone tel que Aogami, Shirogami, R6M5, U7, 65G, etc. Apr\u00e8s le jaspe, ils obtiennent une surface mate uniforme avec une coupe agressive. La pierre aff\u00fbte \u00e9galement les aciers en poudre RWL, CPM S 35VN, S30V, ELMAX d&#039;une duret\u00e9 allant jusqu&#039;\u00e0 63HRC. La pierre est con\u00e7ue pour fonctionner avec de la graisse, mais peut \u00e9galement fonctionner avec de l&#039;eau. Cependant, travailler avec de l\u2019eau donne une surface de lame plus rugueuse qu\u2019avec de l\u2019huile. Les aff\u00fbteurs exp\u00e9riment\u00e9s, comparant le jaspe technique au wasita ou \u00e0 l&#039;Arkansas, notent le travail plus fin de ces pierres et le couteau plus tranchant coup\u00e9 apr\u00e8s aff\u00fbtage. Le couteau avec une finition d&#039;aff\u00fbtage technique en jaspe offre des r\u00e9sultats optimaux lorsque vous travaillez avec du bois, de la viande et d&#039;autres mat\u00e9riaux denses.<\/p>\n\n\n\n<p>Le jaspe technique n\u2019est pas class\u00e9 comme une pierre rare qui ne peut \u00eatre achet\u00e9e que par des professionnels de l\u2019aff\u00fbtage. C&#039;est une pierre courante et largement vendue. Jasper est vendu \u00e0 la fois en grands rectangles pour l&#039;aff\u00fbtage \u00e0 la main et en morceaux de taille \u00ab apexo\u00efde \u00bb pour les supports abrasifs standard. Apr\u00e8s avoir parcouru un long voyage de plusieurs si\u00e8cles, il n&#039;abandonne toujours pas son poste.<\/p>","protected":false},"excerpt":{"rendered":"<ul>\n<li>Dimensions : 171x39x18 mm<\/li>\n<li>Poids : 322g<\/li>\n<li>Duret\u00e9\u00a0:\u00a0Niv 5+++<\/li>\n<li>Convient pour la finition des rasoirs, des couteaux et des outils.<\/li>\n<li>La pierre est tr\u00e8s homog\u00e8ne, pas de lignes toxiques.<\/li>\n<li>Les deux parties sont pr\u00eates \u00e0 travailler.<\/li>\n<li>Utilis\u00e9 en URSS comme alternative aux pierres translucides de l\u2019Arkansas. Il est conseill\u00e9 de travailler avec de la graisse, mais c&#039;est \u00e9galement possible avec de l&#039;eau. Une pierre \u00e0 usure tr\u00e8s tr\u00e8s lente et donc difficile \u00e0 niveler.<\/li>\n<\/ul>","protected":false},"featured_media":2561,"comment_status":"open","ping_status":"closed","template":"","meta":[],"product_brand":[],"product_cat":[22],"product_tag":[282],"class_list":{"0":"post-2558","1":"product","2":"type-product","3":"status-publish","4":"has-post-thumbnail","6":"product_cat-jnats","7":"product_tag-jaspis","8":"product_shipping_class-iprastas","10":"first","11":"outofstock","12":"shipping-taxable","13":"purchasable","14":"product-type-simple"},"_links":{"self":[{"href":"https:\/\/jnats.eu\/fr\/wp-json\/wp\/v2\/product\/2558","targetHints":{"allow":["GET"]}}],"collection":[{"href":"https:\/\/jnats.eu\/fr\/wp-json\/wp\/v2\/product"}],"about":[{"href":"https:\/\/jnats.eu\/fr\/wp-json\/wp\/v2\/types\/product"}],"replies":[{"embeddable":true,"href":"https:\/\/jnats.eu\/fr\/wp-json\/wp\/v2\/comments?post=2558"}],"wp:featuredmedia":[{"embeddable":true,"href":"https:\/\/jnats.eu\/fr\/wp-json\/wp\/v2\/media\/2561"}],"wp:attachment":[{"href":"https:\/\/jnats.eu\/fr\/wp-json\/wp\/v2\/media?parent=2558"}],"wp:term":[{"taxonomy":"product_brand","embeddable":true,"href":"https:\/\/jnats.eu\/fr\/wp-json\/wp\/v2\/product_brand?post=2558"},{"taxonomy":"product_cat","embeddable":true,"href":"https:\/\/jnats.eu\/fr\/wp-json\/wp\/v2\/product_cat?post=2558"},{"taxonomy":"product_tag","embeddable":true,"href":"https:\/\/jnats.eu\/fr\/wp-json\/wp\/v2\/product_tag?post=2558"}],"curies":[{"name":"wp","href":"https:\/\/api.w.org\/{rel}","templated":true}]}}