{"id":2563,"date":"2024-05-05T09:55:23","date_gmt":"2024-05-05T06:55:23","guid":{"rendered":"http:\/\/jnats.eu\/?post_type=product&#038;p=2563"},"modified":"2024-05-09T18:05:01","modified_gmt":"2024-05-09T15:05:01","slug":"vokiskas-naturalus-galandinimo-akmuo-echter-wasser-abziehstein-genuine-water-hone","status":"publish","type":"product","link":"https:\/\/jnats.eu\/fr\/produit-2\/vokiskas-naturalus-galandinimo-akmuo-echter-wasser-abziehstein-genuine-water-hone\/","title":{"rendered":"Pierre \u00e0 aiguiser naturelle allemande Echter Wasser-Abziehstein v\u00e9ritable pierre \u00e0 aiguiser \u00e0 eau"},"content":{"rendered":"<p>Echter Wasser-Abziehstein V\u00e9ritable aiguiseur \u00e0 eau pour rasoirs, couteaux et outils avec nagura. <\/p>\n\n\n\n<p>Muller Schleifechnik. Fabriqu\u00e9 en Allemagne. <\/p>\n\n\n\n<p>Pierre \u00e0 aiguiser naturelle allemande \u00e0 grain fin pour aff\u00fbter les rasoirs et les scalpels. Convient pour une utilisation avec de plus grandes quantit\u00e9s d\u2019eau.<\/p>","protected":false},"excerpt":{"rendered":"<ul>\n<li>Dimensions : 200x50x20 mm<\/li>\n<li>Poids : 570g<\/li>\n<li>Duret\u00e9 : Lv 4<\/li>\n<li>Convient pour la finition des rasoirs, des couteaux et des outils.<\/li>\n<li>La pierre est tr\u00e8s homog\u00e8ne, pas de lignes toxiques.<\/li>\n<li>Les deux parties sont pr\u00eates \u00e0 travailler.<\/li>\n<\/ul>","protected":false},"featured_media":2564,"comment_status":"open","ping_status":"closed","template":"","meta":[],"product_brand":[],"product_cat":[22],"product_tag":[283],"class_list":{"0":"post-2563","1":"product","2":"type-product","3":"status-publish","4":"has-post-thumbnail","6":"product_cat-jnats","7":"product_tag-echter","8":"product_shipping_class-iprastas","10":"first","11":"outofstock","12":"shipping-taxable","13":"purchasable","14":"product-type-simple"},"_links":{"self":[{"href":"https:\/\/jnats.eu\/fr\/wp-json\/wp\/v2\/product\/2563","targetHints":{"allow":["GET"]}}],"collection":[{"href":"https:\/\/jnats.eu\/fr\/wp-json\/wp\/v2\/product"}],"about":[{"href":"https:\/\/jnats.eu\/fr\/wp-json\/wp\/v2\/types\/product"}],"replies":[{"embeddable":true,"href":"https:\/\/jnats.eu\/fr\/wp-json\/wp\/v2\/comments?post=2563"}],"wp:featuredmedia":[{"embeddable":true,"href":"https:\/\/jnats.eu\/fr\/wp-json\/wp\/v2\/media\/2564"}],"wp:attachment":[{"href":"https:\/\/jnats.eu\/fr\/wp-json\/wp\/v2\/media?parent=2563"}],"wp:term":[{"taxonomy":"product_brand","embeddable":true,"href":"https:\/\/jnats.eu\/fr\/wp-json\/wp\/v2\/product_brand?post=2563"},{"taxonomy":"product_cat","embeddable":true,"href":"https:\/\/jnats.eu\/fr\/wp-json\/wp\/v2\/product_cat?post=2563"},{"taxonomy":"product_tag","embeddable":true,"href":"https:\/\/jnats.eu\/fr\/wp-json\/wp\/v2\/product_tag?post=2563"}],"curies":[{"name":"wp","href":"https:\/\/api.w.org\/{rel}","templated":true}]}}