{"id":2567,"date":"2024-05-05T10:13:50","date_gmt":"2024-05-05T07:13:50","guid":{"rendered":"http:\/\/jnats.eu\/?post_type=product&#038;p=2567"},"modified":"2024-06-29T15:55:34","modified_gmt":"2024-06-29T12:55:34","slug":"charnley-forest-naturalus-britiskas-galandimo-akmuo","status":"publish","type":"product","link":"https:\/\/jnats.eu\/fr\/produit-2\/charnley-forest-naturalus-britiskas-galandimo-akmuo\/","title":{"rendered":"Charnley Forest Pierre \u00e0 aiguiser britannique naturelle"},"content":{"rendered":"<p>La pierre \u00e0 aiguiser naturelle britannique Charnley Forest est tr\u00e8s dure et tr\u00e8s fine, ce qui la rend parfaite pour finir l&#039;aff\u00fbtage des rasoirs. La for\u00eat de Charnley est novaculitique et semblable aux roches de l&#039;Arkansas. Nous recommandons de travailler avec de la graisse, mais l&#039;eau est \u00e9galement possible.<\/p>\n\n\n\n<p>Dans une bo\u00eete en bois dont la pierre peut \u00eatre facilement retir\u00e9e. Les lignes brunes sont l\u00e9g\u00e8rement plus rugueuses que le reste de la surface.<\/p>","protected":false},"excerpt":{"rendered":"<ul>\n<li>Dimensions environ : 285x48x30 mm<\/li>\n<li>Poids sans bo\u00eete : 986 g<\/li>\n<li>Poids avec bo\u00eete : 1657 g<\/li>\n<li>Duret\u00e9 : Lv 5<\/li>\n<li>Convient pour la finition des couteaux et des outils. \u00c9viter les taches brunes peut \u00e9galement finir les rasoirs.<\/li>\n<li>Nous recommandons de travailler avec de la graisse, mais l&#039;eau est \u00e9galement possible.<\/li>\n<\/ul>","protected":false},"featured_media":2569,"comment_status":"open","ping_status":"closed","template":"","meta":[],"product_brand":[],"product_cat":[22],"product_tag":[284],"class_list":{"0":"post-2567","1":"product","2":"type-product","3":"status-publish","4":"has-post-thumbnail","6":"product_cat-jnats","7":"product_tag-charnley-forest","8":"product_shipping_class-iprastas","10":"first","11":"outofstock","12":"shipping-taxable","13":"purchasable","14":"product-type-simple"},"_links":{"self":[{"href":"https:\/\/jnats.eu\/fr\/wp-json\/wp\/v2\/product\/2567","targetHints":{"allow":["GET"]}}],"collection":[{"href":"https:\/\/jnats.eu\/fr\/wp-json\/wp\/v2\/product"}],"about":[{"href":"https:\/\/jnats.eu\/fr\/wp-json\/wp\/v2\/types\/product"}],"replies":[{"embeddable":true,"href":"https:\/\/jnats.eu\/fr\/wp-json\/wp\/v2\/comments?post=2567"}],"wp:featuredmedia":[{"embeddable":true,"href":"https:\/\/jnats.eu\/fr\/wp-json\/wp\/v2\/media\/2569"}],"wp:attachment":[{"href":"https:\/\/jnats.eu\/fr\/wp-json\/wp\/v2\/media?parent=2567"}],"wp:term":[{"taxonomy":"product_brand","embeddable":true,"href":"https:\/\/jnats.eu\/fr\/wp-json\/wp\/v2\/product_brand?post=2567"},{"taxonomy":"product_cat","embeddable":true,"href":"https:\/\/jnats.eu\/fr\/wp-json\/wp\/v2\/product_cat?post=2567"},{"taxonomy":"product_tag","embeddable":true,"href":"https:\/\/jnats.eu\/fr\/wp-json\/wp\/v2\/product_tag?post=2567"}],"curies":[{"name":"wp","href":"https:\/\/api.w.org\/{rel}","templated":true}]}}