{"id":2580,"date":"2025-04-02T11:16:59","date_gmt":"2025-04-02T08:16:59","guid":{"rendered":"http:\/\/jnats.eu\/?post_type=product&#038;p=2580"},"modified":"2025-09-30T12:24:17","modified_gmt":"2025-09-30T09:24:17","slug":"mikawa-nagura-asano","status":"publish","type":"product","link":"https:\/\/jnats.eu\/fr\/produit-2\/mikawa-nagura-asano\/","title":{"rendered":"Asano Mikawa Nagura"},"content":{"rendered":"<p>Comme les autres naguras, Mikawa Asano est traditionnellement utilis\u00e9 pour cr\u00e9er une p\u00e2te abrasive sur une pierre \u00e0 aiguiser naturelle. La diff\u00e9rence avec les autres est honorable. Asano est une tentative de cr\u00e9er un syst\u00e8me de notation gratuit qui permettra \u00e0 l&#039;utilisateur de choisir une progression d&#039;aff\u00fbtage allant de grossier \u00e0 fin. <\/p>\n\n\n\n<p>En fait, un seul tour, n&#039;importe lequel d&#039;entre eux, suffit pour l&#039;aff\u00fbtage, car les particules abrasives naturelles se d\u00e9composent et deviennent plus fines lors de l&#039;aff\u00fbtage. Si n\u00e9cessaire, la suspension peut \u00eatre recr\u00e9\u00e9e en utilisant le m\u00eame Mikawa nagura.  <\/p>\n\n\n\n<p>L&#039;exception \u00e0 la r\u00e8gle est Muchi. Ce dernier peut \u00eatre trop rugueux dans certains cas et il est d\u00e9conseill\u00e9 de l&#039;utiliser pour les rasoirs. <\/p>\n\n\n\n<p>Ce type de pierre est extrait de la mine Junmikawa Shiro, dans le district de Kitashitara, pr\u00e9fecture d&#039;Aichi. La roche qui s&#039;y trouve est constitu\u00e9e de 10 \u00e0 12 couches, selon la zone fouill\u00e9e. Parmi ces couches, il y en a 8 utilisables et 4 d\u2019entre elles sont les plus populaires. Les zones comportant 12 couches utilisables comprennent deux couches Tenjyo diff\u00e9rentes, ainsi que Yae Botan et Botan, qui sont tr\u00e8s similaires. Comme pour toutes les pierres naturelles japonaises, chaque sp\u00e9cimen peut varier. <\/p>\n\n\n\n<p>Mikawa nagura est class\u00e9 du plus grossier au plus fin comme suit\u00a0: <strong>Mushi [\u30e0\u30b7] &gt; Ban [\u30d0\u30f3] &gt; Atsu [\u30a2\u30c4] &gt; Yae Botan [\u516b\u91cd\u30dc\u30bf\u30f3] &gt; Botan [\u30dc\u30bf\u30f3] &gt; Tenjyo [\u5929\u4e0a] &gt; Mejiro [\u76ee\u767d] &gt; Koma [\u30b3\u30de]<\/strong><\/p>\n\n\n\n<p>Les nagura Asano Mikawa sont class\u00e9s comme suit en fonction de leur vitesse de fonctionnement :<strong> Ban &gt; Koma &gt; Yae Botan &gt; Botan &gt; Atsu &gt;Tenjo &gt; Mejiro.<\/strong><\/p>\n\n\n\n<p>La r\u00e9partition ne correspond pas toujours exactement \u00e0 la r\u00e9alit\u00e9, car chaque pierre naturelle est unique et poss\u00e8de des propri\u00e9t\u00e9s l\u00e9g\u00e8rement diff\u00e9rentes, mais dans la plupart des cas, c'est vrai. <\/p>\n\n\n\n<p>Apr\u00e8s les nagurs, l\u2019aff\u00fbtage est g\u00e9n\u00e9ralement effectu\u00e9 sur la m\u00eame pierre propre qui constituait la base. Certains terminent le processus d&#039;aff\u00fbtage des rasoirs avec une suspension liquide et obtiennent ainsi un rasage doux et s\u00fbr, car la lame devient alors non agressive pour la peau, mais coupe les poils.<\/p>\n\n\n\n<figure class=\"wp-block-embed is-type-video is-provider-youtube wp-block-embed-youtube wp-embed-aspect-16-9 wp-has-aspect-ratio\"><div class=\"wp-block-embed__wrapper\">\n<div class=\"video-container\"><iframe title=\"Asano Mikawa Nagura\" width=\"1170\" height=\"658\" src=\"https:\/\/www.youtube.com\/embed\/uzbRmb6lzcI?feature=oembed\" frameborder=\"0\" allow=\"accelerometer; autoplay; clipboard-write; encrypted-media; gyroscope; picture-in-picture; web-share\" referrerpolicy=\"strict-origin-when-cross-origin\" allowfullscreen><\/iframe><\/div>\n<\/div><\/figure>","protected":false},"excerpt":{"rendered":"<ol>\n<li><strong>Botan [botan] \u2013 200 g. 85\u20ac<\/strong><\/li>\n<li><strong>Botan [botan] \u2013 130 g. 65\u20ac<\/strong><\/li>\n<li><strong>Botan [botan] \u2013 100 g. 45\u20ac<\/strong><\/li>\n<li><strong>Botan [botan] \u2013 110 g. 50\u20ac<\/strong><\/li>\n<li><strong>Botan [botan] \u2013 196 g. 82\u20ac<\/strong><\/li>\n<li><strong>Mejiro [\u76ee\u767d] \u2013 225 g. 100\u20ac<\/strong><\/li>\n<li><strong>Mejiro [\u76ee\u767d] \u2013 124 g. 60\u20ac<\/strong><\/li>\n<li><strong>Tenjyo [\u5929\u4e0a] \u2013 120 g. 58\u20ac<\/strong><\/li>\n<li><strong>Tenjyo [\u5929\u4e0a] \u2013 115 g. 52\u20ac\u00a0<\/strong><\/li>\n<li><strong>Coma [\u30b3\u30de] \u2013 107 g. 80\u20ac<\/strong><\/li>\n<li><strong>Coma [\u30b3\u30de] \u2013 105 g. 79\u20ac <\/strong><strong>\u00a0<\/strong><\/li>\n<li><strong>Coma [\u30b3\u30de] \u2013 166 g. 150\u20ac<\/strong><\/li>\n<\/ol>\n<p><span style=\"color: #993300;\"><strong>Si vous ne voyez pas l&#039;article dans la liste d\u00e9roulante, cela signifie qu&#039;il est vendu.<\/strong><\/span><\/p>","protected":false},"featured_media":4271,"comment_status":"open","ping_status":"closed","template":"","meta":[],"product_brand":[],"product_cat":[22],"product_tag":[285,151,153],"class_list":{"0":"post-2580","1":"product","2":"type-product","3":"status-publish","4":"has-post-thumbnail","6":"product_cat-jnats","7":"product_tag-asano","8":"product_tag-mikawa","9":"product_tag-nagura","10":"product_shipping_class-light","12":"first","13":"outofstock","14":"shipping-taxable","15":"product-type-variable"},"_links":{"self":[{"href":"https:\/\/jnats.eu\/fr\/wp-json\/wp\/v2\/product\/2580","targetHints":{"allow":["GET"]}}],"collection":[{"href":"https:\/\/jnats.eu\/fr\/wp-json\/wp\/v2\/product"}],"about":[{"href":"https:\/\/jnats.eu\/fr\/wp-json\/wp\/v2\/types\/product"}],"replies":[{"embeddable":true,"href":"https:\/\/jnats.eu\/fr\/wp-json\/wp\/v2\/comments?post=2580"}],"wp:featuredmedia":[{"embeddable":true,"href":"https:\/\/jnats.eu\/fr\/wp-json\/wp\/v2\/media\/4271"}],"wp:attachment":[{"href":"https:\/\/jnats.eu\/fr\/wp-json\/wp\/v2\/media?parent=2580"}],"wp:term":[{"taxonomy":"product_brand","embeddable":true,"href":"https:\/\/jnats.eu\/fr\/wp-json\/wp\/v2\/product_brand?post=2580"},{"taxonomy":"product_cat","embeddable":true,"href":"https:\/\/jnats.eu\/fr\/wp-json\/wp\/v2\/product_cat?post=2580"},{"taxonomy":"product_tag","embeddable":true,"href":"https:\/\/jnats.eu\/fr\/wp-json\/wp\/v2\/product_tag?post=2580"}],"curies":[{"name":"wp","href":"https:\/\/api.w.org\/{rel}","templated":true}]}}