{"id":2618,"date":"2024-05-08T13:30:08","date_gmt":"2024-05-08T10:30:08","guid":{"rendered":"http:\/\/jnats.eu\/?post_type=product&#038;p=2618"},"modified":"2024-08-26T19:59:17","modified_gmt":"2024-08-26T16:59:17","slug":"surgical-black-arkansas-amerikietiskas-galandinimo-akmuo","status":"publish","type":"product","link":"https:\/\/jnats.eu\/fr\/produit-2\/surgical-black-arkansas-amerikietiskas-galandinimo-akmuo\/","title":{"rendered":"Pierre \u00e0 aiguiser chirurgicale am\u00e9ricaine Arkansas noire"},"content":{"rendered":"<p>La pierre \u00e0 aiguiser Surgical Black Arkansas a un grain d&#039;environ 4 000 \u00e0 6 000. Comme son nom l\u2019indique, cela cr\u00e9era une lame tr\u00e8s tranchante, comme un scalpel. Assez long et large pour toutes les t\u00e2ches d&#039;aff\u00fbtage, des couteaux de cuisine aux rasoirs en passant par divers outils de menuiserie. La pierre est dans une caisse en bois s\u00e9par\u00e9e pour le stockage et le transport.<\/p>\n\n\n\n<p><br>Il est pr\u00e9f\u00e9rable d&#039;utiliser de l&#039;huile min\u00e9rale, de l&#039;huile pour b\u00e9b\u00e9, de l&#039;huile d&#039;aff\u00fbtage sp\u00e9ciale ou de l&#039;huile d&#039;olive lorsque vous travaillez avec toutes les pierres de l&#039;Arkansas. Appliquez quelques gouttes sur la surface de la pierre pour \u00e9viter le colmatage, r\u00e9duire la friction lors de l&#039;aff\u00fbtage et garder la pierre propre. L&#039;eau peut \u00e9galement \u00eatre utilis\u00e9e, mais la graisse donne un r\u00e9sultat l\u00e9g\u00e8rement meilleur. L\u2019utilisation d\u2019eau rendra \u00e9galement le nettoyage de la pierre un peu plus difficile. Surtout si vous avez d\u00e9j\u00e0 utilis\u00e9 une pierre avec de l&#039;huile.<\/p>\n\n\n\n<p>Ces pierres naturelles sont tr\u00e8s dures et n\u2019ont pas besoin d\u2019\u00eatre ponc\u00e9es aussi souvent que la plupart des pierres synth\u00e9tiques. <\/p>","protected":false},"excerpt":{"rendered":"<ul>\n<li>Dimensions environ : 103x49x13 mm<\/li>\n<li>Poids sans bo\u00eete : 357 g<\/li>\n<li>Poids avec bo\u00eete : 606 g<\/li>\n<li>Duret\u00e9 : Lv 5<\/li>\n<li>Convient pour la finition des rasoirs, des couteaux et des outils.<\/li>\n<li>Nous recommandons de travailler avec de la graisse, mais l&#039;eau est \u00e9galement possible.<\/li>\n<\/ul>","protected":false},"featured_media":2622,"comment_status":"open","ping_status":"closed","template":"","meta":[],"product_brand":[],"product_cat":[22],"product_tag":[288,286,287],"class_list":{"0":"post-2618","1":"product","2":"type-product","3":"status-publish","4":"has-post-thumbnail","6":"product_cat-jnats","7":"product_tag-arkansas","8":"product_tag-black","9":"product_tag-surgical","10":"product_shipping_class-iprastas","12":"first","13":"outofstock","14":"shipping-taxable","15":"purchasable","16":"product-type-simple"},"_links":{"self":[{"href":"https:\/\/jnats.eu\/fr\/wp-json\/wp\/v2\/product\/2618","targetHints":{"allow":["GET"]}}],"collection":[{"href":"https:\/\/jnats.eu\/fr\/wp-json\/wp\/v2\/product"}],"about":[{"href":"https:\/\/jnats.eu\/fr\/wp-json\/wp\/v2\/types\/product"}],"replies":[{"embeddable":true,"href":"https:\/\/jnats.eu\/fr\/wp-json\/wp\/v2\/comments?post=2618"}],"wp:featuredmedia":[{"embeddable":true,"href":"https:\/\/jnats.eu\/fr\/wp-json\/wp\/v2\/media\/2622"}],"wp:attachment":[{"href":"https:\/\/jnats.eu\/fr\/wp-json\/wp\/v2\/media?parent=2618"}],"wp:term":[{"taxonomy":"product_brand","embeddable":true,"href":"https:\/\/jnats.eu\/fr\/wp-json\/wp\/v2\/product_brand?post=2618"},{"taxonomy":"product_cat","embeddable":true,"href":"https:\/\/jnats.eu\/fr\/wp-json\/wp\/v2\/product_cat?post=2618"},{"taxonomy":"product_tag","embeddable":true,"href":"https:\/\/jnats.eu\/fr\/wp-json\/wp\/v2\/product_tag?post=2618"}],"curies":[{"name":"wp","href":"https:\/\/api.w.org\/{rel}","templated":true}]}}