{"id":2623,"date":"2024-05-08T13:41:39","date_gmt":"2024-05-08T10:41:39","guid":{"rendered":"http:\/\/jnats.eu\/?post_type=product&#038;p=2623"},"modified":"2024-11-19T14:20:29","modified_gmt":"2024-11-19T12:20:29","slug":"translucent-hard-arkansas-ir-whale-oil-stone-mini-akmenu-komplektas","status":"publish","type":"product","link":"https:\/\/jnats.eu\/fr\/produit-2\/translucent-hard-arkansas-ir-whale-oil-stone-mini-akmenu-komplektas\/","title":{"rendered":"Ensemble de mini pierres translucides dures Arkansas et huile de baleine"},"content":{"rendered":"<p>La pierre \u00e0 aiguiser Hard Arkansas a un grain d&#039;environ 10 000. Cela vous permettra d\u2019obtenir une lame tr\u00e8s tranchante. <\/p>\n\n\n\n<p>Il est pr\u00e9f\u00e9rable d&#039;utiliser de l&#039;huile min\u00e9rale, de l&#039;huile pour b\u00e9b\u00e9, de l&#039;huile d&#039;aff\u00fbtage sp\u00e9ciale ou de l&#039;huile d&#039;olive lorsque vous travaillez avec toutes les pierres de l&#039;Arkansas. Appliquez quelques gouttes sur la surface de la pierre pour \u00e9viter le colmatage, r\u00e9duire la friction lors de l&#039;aff\u00fbtage et garder la pierre propre. L&#039;eau peut \u00e9galement \u00eatre utilis\u00e9e, mais la graisse donne un r\u00e9sultat l\u00e9g\u00e8rement meilleur. L\u2019utilisation d\u2019eau rendra \u00e9galement le nettoyage de la pierre un peu plus difficile. Surtout si vous avez d\u00e9j\u00e0 utilis\u00e9 une pierre avec de l&#039;huile.<\/p>\n\n\n\n<p>Ces pierres naturelles sont tr\u00e8s dures et n\u2019ont pas besoin d\u2019\u00eatre ponc\u00e9es aussi souvent que la plupart des pierres synth\u00e9tiques.<\/p>\n\n\n\n<p>Pierre \u00e0 huile de baleine d&#039;environ 3000 grains. Travailler avec de la graisse.<\/p>","protected":false},"excerpt":{"rendered":"<p><strong>Arkansas dur translucide<\/strong><\/p>\n<ul>\n<li>Dimensions : 99x25x12 mm<\/li>\n<li>Poids : 83g<\/li>\n<li>Duret\u00e9 : Lv 5<\/li>\n<li>Convient pour la finition des rasoirs, des couteaux et des outils.<\/li>\n<li>Nous recommandons de travailler avec de la graisse, mais l&#039;eau est \u00e9galement possible.<\/li>\n<\/ul>\n<p><strong>Pierre \u00e0 huile de baleine<\/strong><\/p>\n<ul>\n<li>Dimensions : 103x21x13 mm<\/li>\n<li>Poids : 79g<\/li>\n<li>Grain\u00a0:\u00a0#3000<\/li>\n<li>Convient pour aff\u00fbter les rasoirs, les couteaux et les outils.<\/li>\n<li>Nous recommandons de travailler avec de la graisse.<\/li>\n<\/ul>\n<p>&nbsp;<\/p>","protected":false},"featured_media":2624,"comment_status":"open","ping_status":"closed","template":"","meta":[],"product_brand":[],"product_cat":[22],"product_tag":[288,289],"class_list":{"0":"post-2623","1":"product","2":"type-product","3":"status-publish","4":"has-post-thumbnail","6":"product_cat-jnats","7":"product_tag-arkansas","8":"product_tag-translucent-hard-arkansas","9":"product_shipping_class-iprastas","11":"first","12":"outofstock","13":"shipping-taxable","14":"purchasable","15":"product-type-simple"},"_links":{"self":[{"href":"https:\/\/jnats.eu\/fr\/wp-json\/wp\/v2\/product\/2623","targetHints":{"allow":["GET"]}}],"collection":[{"href":"https:\/\/jnats.eu\/fr\/wp-json\/wp\/v2\/product"}],"about":[{"href":"https:\/\/jnats.eu\/fr\/wp-json\/wp\/v2\/types\/product"}],"replies":[{"embeddable":true,"href":"https:\/\/jnats.eu\/fr\/wp-json\/wp\/v2\/comments?post=2623"}],"wp:featuredmedia":[{"embeddable":true,"href":"https:\/\/jnats.eu\/fr\/wp-json\/wp\/v2\/media\/2624"}],"wp:attachment":[{"href":"https:\/\/jnats.eu\/fr\/wp-json\/wp\/v2\/media?parent=2623"}],"wp:term":[{"taxonomy":"product_brand","embeddable":true,"href":"https:\/\/jnats.eu\/fr\/wp-json\/wp\/v2\/product_brand?post=2623"},{"taxonomy":"product_cat","embeddable":true,"href":"https:\/\/jnats.eu\/fr\/wp-json\/wp\/v2\/product_cat?post=2623"},{"taxonomy":"product_tag","embeddable":true,"href":"https:\/\/jnats.eu\/fr\/wp-json\/wp\/v2\/product_tag?post=2623"}],"curies":[{"name":"wp","href":"https:\/\/api.w.org\/{rel}","templated":true}]}}