{"id":265,"date":"2024-02-27T11:59:19","date_gmt":"2024-02-27T09:59:19","guid":{"rendered":"http:\/\/jnats.eu\/?post_type=product&#038;p=265"},"modified":"2025-09-03T00:47:47","modified_gmt":"2025-09-02T21:47:47","slug":"costume-momiji-tomono","status":"publish","type":"product","link":"https:\/\/jnats.eu\/fr\/produit-2\/costume-momiji-tomono\/","title":{"rendered":"Pierre \u00e0 aiguiser naturelle japonaise Suita Momiji Tomono"},"content":{"rendered":"<p>Pr\u00e9sentation de Suita Momiji Tomono, une pierre \u00e0 aiguiser japonaise qui fait ressortir le meilleur des couteaux.<\/p>\n\n\n\n<p>Am\u00e9liorez votre exp\u00e9rience d&#039;aff\u00fbtage avec la pierre \u00e0 aiguiser japonaise de Suita Momiji Tomono, un outil exclusif con\u00e7u pour aff\u00fbter les lames \u00e0 la perfection avec une pr\u00e9cision in\u00e9gal\u00e9e. Soigneusement s\u00e9lectionn\u00e9e et savamment travaill\u00e9e, la pierre Suita est respect\u00e9e tant par les passionn\u00e9s que par les professionnels pour ses qualit\u00e9s exceptionnelles, notamment sa rapidit\u00e9 de travail.<\/p>\n\n\n\n<p><strong>Caract\u00e9ristiques principales:<\/strong><\/p>\n\n\n\n<p>Douceur abrasive et polyvalence : la pierre Suita poss\u00e8de un niveau de grain constant. Que vous souhaitiez redonner de l&#039;\u00e9moussement \u00e0 une lame de couteau ou am\u00e9liorer le tranchant d&#039;autres outils, cette pierre s&#039;adapte facilement \u00e0 vos besoins d&#039;aff\u00fbtage.<\/p>\n\n\n\n<p>Composition naturelle : Originaire du riche paysage g\u00e9ologique du Japon, la pierre Suita est une merveille naturelle avec une composition unique qui la distingue. Sa structure riche en min\u00e9raux contribue \u00e0 la capacit\u00e9 de la pierre \u00e0 cr\u00e9er des ar\u00eates vives et une finition miroir sur les couteaux.<\/p>\n\n\n\n<p>Application universelle : la pierre Suita est parfaite pour aff\u00fbter les couteaux de cuisine, les outils de menuiserie, les rasoirs, etc. Sa polyvalence en fait un compagnon indispensable pour les professionnels et amateurs culinaires qui recherchent la plus haute pr\u00e9cision dans leur travail.<\/p>\n\n\n\n<p>Artisanat professionnel : chaque pierre Suite est m\u00e9ticuleusement usin\u00e9e pour garantir l&#039;uniformit\u00e9 et la coh\u00e9rence. La durabilit\u00e9 et la long\u00e9vit\u00e9 de la pierre en font un investissement judicieux pour ceux qui appr\u00e9cient le savoir-faire dans l\u2019entretien des couteaux.<\/p>\n\n\n\n<p>Facilit\u00e9 d\u2019utilisation : La pierre Suita est pratique, m\u00eame pour ceux qui d\u00e9butent dans l\u2019auto-aff\u00fbtage. Sa composition facilite un meulage efficace du m\u00e9tal, \u00e9vite le colmatage et assure un aff\u00fbtage en douceur.<\/p>\n\n\n\n<p>Instructions d&#039;entretien et d&#039;utilisation :<\/p>\n\n\n\n<p>Afin de maximiser la dur\u00e9e de vie et l\u2019efficacit\u00e9 de la pierre Suita, il est recommand\u00e9 de travailler avec de l\u2019eau ti\u00e8de. <\/p>\n\n\n\n<p>Am\u00e9liorez vos rituels d&#039;aff\u00fbtage avec la pierre \u00e0 aiguiser japonaise Suita, o\u00f9 la tradition rencontre la pr\u00e9cision. Investissez dans l&#039;artisanat et profitez du tranchant et de la durabilit\u00e9 des couteaux comme jamais auparavant.<\/p>\n\n\n\n<figure class=\"wp-block-embed is-type-video is-provider-youtube wp-block-embed-youtube wp-embed-aspect-16-9 wp-has-aspect-ratio\"><div class=\"wp-block-embed__wrapper\">\n<div class=\"video-container\"><iframe title=\"Pierres \u00e0 aiguiser naturelles japonaises : Aiwatani, Wakasa, Suita Momiji Tomono pierres \u00e0 aiguiser\" width=\"1170\" height=\"658\" src=\"https:\/\/www.youtube.com\/embed\/l3u342Q8jTo?start=501&#038;feature=oembed\" frameborder=\"0\" allow=\"accelerometer; autoplay; clipboard-write; encrypted-media; gyroscope; picture-in-picture; web-share\" referrerpolicy=\"strict-origin-when-cross-origin\" allowfullscreen><\/iframe><\/div>\n<\/div><\/figure>\n\n\n\n<p>Les principaux avantages des pierres \u00e0 aiguiser japonaises naturelles :<\/p>\n\n\n\n<ul class=\"wp-block-list\">\n<li>Les outils restent aff\u00fbt\u00e9s plus longtemps<\/li>\n\n\n\n<li>Les pierres ne sont pas contamin\u00e9es par les d\u00e9chets m\u00e9talliques.<\/li>\n\n\n\n<li>Facilit\u00e9 de d\u00e9montage du robinet-vanne<\/li>\n\n\n\n<li>Une r\u00e9ponse \u00e9tonnante qui vous permet de sentir exactement ce qui se passe sur la surface du m\u00e9tal.<\/li>\n<\/ul>","protected":false},"excerpt":{"rendered":"<ul>\n<li><strong>Duret\u00e9\u00a0:\u00a0Niv 4,5<\/strong><\/li>\n<li><strong>Dimensions : 207x78x47 mm<\/strong><\/li>\n<li><strong>Poids : 1850g<\/strong><\/li>\n<li><strong>Les lignes visibles sont totalement s\u00fbres et n&#039;interf\u00e8rent pas avec l&#039;aff\u00fbtage.<\/strong><\/li>\n<li>Une pierre extr\u00eamement rapide et propre avec une structure uniforme qui durera plusieurs fois. Convient pour la finition de l&#039;aff\u00fbtage des couteaux, de la menuiserie et d&#039;autres outils. Pour les rasoirs - pr\u00e9finition. Comme la plupart des pierres naturelles japonaises, cette Suita assure une longue dur\u00e9e de vie de la lame et un bon tranchant.<\/li>\n<\/ul>","protected":false},"featured_media":1172,"comment_status":"open","ping_status":"closed","template":"","meta":[],"product_brand":[],"product_cat":[22],"product_tag":[62,50,63],"class_list":{"0":"post-265","1":"product","2":"type-product","3":"status-publish","4":"has-post-thumbnail","6":"product_cat-jnats","7":"product_tag-momiji","8":"product_tag-suita","9":"product_tag-tomono","10":"product_shipping_class-iprastas","12":"first","13":"outofstock","14":"sale","15":"shipping-taxable","16":"purchasable","17":"product-type-simple"},"_links":{"self":[{"href":"https:\/\/jnats.eu\/fr\/wp-json\/wp\/v2\/product\/265","targetHints":{"allow":["GET"]}}],"collection":[{"href":"https:\/\/jnats.eu\/fr\/wp-json\/wp\/v2\/product"}],"about":[{"href":"https:\/\/jnats.eu\/fr\/wp-json\/wp\/v2\/types\/product"}],"replies":[{"embeddable":true,"href":"https:\/\/jnats.eu\/fr\/wp-json\/wp\/v2\/comments?post=265"}],"wp:featuredmedia":[{"embeddable":true,"href":"https:\/\/jnats.eu\/fr\/wp-json\/wp\/v2\/media\/1172"}],"wp:attachment":[{"href":"https:\/\/jnats.eu\/fr\/wp-json\/wp\/v2\/media?parent=265"}],"wp:term":[{"taxonomy":"product_brand","embeddable":true,"href":"https:\/\/jnats.eu\/fr\/wp-json\/wp\/v2\/product_brand?post=265"},{"taxonomy":"product_cat","embeddable":true,"href":"https:\/\/jnats.eu\/fr\/wp-json\/wp\/v2\/product_cat?post=265"},{"taxonomy":"product_tag","embeddable":true,"href":"https:\/\/jnats.eu\/fr\/wp-json\/wp\/v2\/product_tag?post=265"}],"curies":[{"name":"wp","href":"https:\/\/api.w.org\/{rel}","templated":true}]}}