{"id":2654,"date":"2024-05-13T08:09:43","date_gmt":"2024-05-13T05:09:43","guid":{"rendered":"http:\/\/jnats.eu\/?post_type=product&#038;p=2654"},"modified":"2024-09-04T12:36:00","modified_gmt":"2024-09-04T09:36:00","slug":"naniwa-super-stone-s8000-wa-with-stand-grit-8000","status":"publish","type":"product","link":"https:\/\/jnats.eu\/fr\/produit-2\/naniwa-super-stone-s8000-wa-with-stand-grit-8000\/","title":{"rendered":"Naniwa Super Stone S8000 WA avec support grain #8000"},"content":{"rendered":"","protected":false},"excerpt":{"rendered":"<ul>\n<li>Utilis\u00e9 pour le polissage et la finition ultra nette. Particuli\u00e8rement appr\u00e9ci\u00e9 par les aff\u00fbteurs de rasoirs pour son travail en douceur. Convient \u00e9galement \u00e0 l'aff\u00fbtage de l'acier fragile. Gr\u00e2ce \u00e0 son liant doux, elle travaille beaucoup plus finement que les pierres dures de m\u00eame granulom\u00e9trie.<\/li>\n<li>Liant r\u00e9sine<\/li>\n<li>Corindon blanc<\/li>\n<li>Taille des grains : #8000<\/li>\n<li>Pas besoin de tremper<\/li>\n<li>Dimensions : 210 x 70 x 10 mm<\/li>\n<\/ul>","protected":false},"featured_media":2655,"comment_status":"open","ping_status":"closed","template":"","meta":[],"product_brand":[],"product_cat":[290],"product_tag":[197],"class_list":{"0":"post-2654","1":"product","2":"type-product","3":"status-publish","4":"has-post-thumbnail","6":"product_cat-whetstones","7":"product_tag-naniwa","8":"product_shipping_class-iprastas","10":"first","11":"outofstock","12":"shipping-taxable","13":"purchasable","14":"product-type-simple"},"_links":{"self":[{"href":"https:\/\/jnats.eu\/fr\/wp-json\/wp\/v2\/product\/2654","targetHints":{"allow":["GET"]}}],"collection":[{"href":"https:\/\/jnats.eu\/fr\/wp-json\/wp\/v2\/product"}],"about":[{"href":"https:\/\/jnats.eu\/fr\/wp-json\/wp\/v2\/types\/product"}],"replies":[{"embeddable":true,"href":"https:\/\/jnats.eu\/fr\/wp-json\/wp\/v2\/comments?post=2654"}],"wp:featuredmedia":[{"embeddable":true,"href":"https:\/\/jnats.eu\/fr\/wp-json\/wp\/v2\/media\/2655"}],"wp:attachment":[{"href":"https:\/\/jnats.eu\/fr\/wp-json\/wp\/v2\/media?parent=2654"}],"wp:term":[{"taxonomy":"product_brand","embeddable":true,"href":"https:\/\/jnats.eu\/fr\/wp-json\/wp\/v2\/product_brand?post=2654"},{"taxonomy":"product_cat","embeddable":true,"href":"https:\/\/jnats.eu\/fr\/wp-json\/wp\/v2\/product_cat?post=2654"},{"taxonomy":"product_tag","embeddable":true,"href":"https:\/\/jnats.eu\/fr\/wp-json\/wp\/v2\/product_tag?post=2654"}],"curies":[{"name":"wp","href":"https:\/\/api.w.org\/{rel}","templated":true}]}}