{"id":2656,"date":"2024-05-13T08:13:00","date_gmt":"2024-05-13T05:13:00","guid":{"rendered":"http:\/\/jnats.eu\/?post_type=product&#038;p=2656"},"modified":"2026-01-05T10:48:33","modified_gmt":"2026-01-05T08:48:33","slug":"naniwa-super-stone-s3000-wa-with-stand-grit-3000","status":"publish","type":"product","link":"https:\/\/jnats.eu\/fr\/produit-2\/naniwa-super-stone-s3000-wa-with-stand-grit-3000\/","title":{"rendered":"Naniwa Super Stone S3000 WA avec support grain #3000"},"content":{"rendered":"<figure class=\"wp-block-embed is-type-video is-provider-youtube wp-block-embed-youtube wp-embed-aspect-16-9 wp-has-aspect-ratio\"><div class=\"wp-block-embed__wrapper\">\n<div class=\"video-container\"><iframe title=\"Aiguiser un couteau en acier \u00e0 poudre | Naniwa Super Stone #3000 et #8000\" width=\"1170\" height=\"658\" src=\"https:\/\/www.youtube.com\/embed\/t_jQgegySmQ?feature=oembed\" frameborder=\"0\" allow=\"accelerometer; autoplay; clipboard-write; encrypted-media; gyroscope; picture-in-picture; web-share\" referrerpolicy=\"strict-origin-when-cross-origin\" allowfullscreen><\/iframe><\/div>\n<\/div><\/figure>","protected":false},"excerpt":{"rendered":"<ul>\n<li>Utilis\u00e9 pour la finition des couteaux et l&#039;\u00e9tape d&#039;aff\u00fbtage interm\u00e9diaire des rasoirs. Particuli\u00e8rement appr\u00e9ci\u00e9 pour aff\u00fbter les rasoirs gr\u00e2ce \u00e0 son travail doux. \u00c9galement recommand\u00e9 pour aff\u00fbter l&#039;acier cassant. Gr\u00e2ce au liant souple, le travail est beaucoup plus fin que les pierres dures de m\u00eame grain.<\/li>\n<li>Liant r\u00e9sine<\/li>\n<li>Corindon blanc<\/li>\n<li>Grain\u00a0:\u00a0#3000<\/li>\n<li>Aucun trempage n'est n\u00e9cessaire, il suffit d'un jet d'eau (Splash&amp;Go)<\/li>\n<li>Dimensions : 210 x 70 x 10 mm<\/li>\n<\/ul>","protected":false},"featured_media":2657,"comment_status":"open","ping_status":"closed","template":"","meta":[],"product_brand":[],"product_cat":[290],"product_tag":[197],"class_list":{"0":"post-2656","1":"product","2":"type-product","3":"status-publish","4":"has-post-thumbnail","6":"product_cat-whetstones","7":"product_tag-naniwa","8":"product_shipping_class-iprastas","10":"first","11":"outofstock","12":"sale","13":"shipping-taxable","14":"purchasable","15":"product-type-simple"},"_links":{"self":[{"href":"https:\/\/jnats.eu\/fr\/wp-json\/wp\/v2\/product\/2656","targetHints":{"allow":["GET"]}}],"collection":[{"href":"https:\/\/jnats.eu\/fr\/wp-json\/wp\/v2\/product"}],"about":[{"href":"https:\/\/jnats.eu\/fr\/wp-json\/wp\/v2\/types\/product"}],"replies":[{"embeddable":true,"href":"https:\/\/jnats.eu\/fr\/wp-json\/wp\/v2\/comments?post=2656"}],"wp:featuredmedia":[{"embeddable":true,"href":"https:\/\/jnats.eu\/fr\/wp-json\/wp\/v2\/media\/2657"}],"wp:attachment":[{"href":"https:\/\/jnats.eu\/fr\/wp-json\/wp\/v2\/media?parent=2656"}],"wp:term":[{"taxonomy":"product_brand","embeddable":true,"href":"https:\/\/jnats.eu\/fr\/wp-json\/wp\/v2\/product_brand?post=2656"},{"taxonomy":"product_cat","embeddable":true,"href":"https:\/\/jnats.eu\/fr\/wp-json\/wp\/v2\/product_cat?post=2656"},{"taxonomy":"product_tag","embeddable":true,"href":"https:\/\/jnats.eu\/fr\/wp-json\/wp\/v2\/product_tag?post=2656"}],"curies":[{"name":"wp","href":"https:\/\/api.w.org\/{rel}","templated":true}]}}