{"id":2659,"date":"2024-05-13T08:28:21","date_gmt":"2024-05-13T05:28:21","guid":{"rendered":"http:\/\/jnats.eu\/?post_type=product&#038;p=2659"},"modified":"2026-04-01T11:53:42","modified_gmt":"2026-04-01T08:53:42","slug":"naniwa-220-pa-bgs-022p-pink-alumina-traditional-whetstone","status":"publish","type":"product","link":"https:\/\/jnats.eu\/fr\/produit-2\/naniwa-220-pa-bgs-022p-pink-alumina-traditional-whetstone\/","title":{"rendered":"Naniwa #220 PA BGS-022p Pierre \u00e0 aiguiser traditionnelle en alumine rose"},"content":{"rendered":"<p>La pierre \u00e0 eau traditionnelle en alumine rose Naniwa grain 220 est similaire \u00e0 la s\u00e9rie de pierres Naniwa Traditional, mais a \u00e9t\u00e9 con\u00e7ue pour s&#039;user plus lentement et fonctionner plus rapidement.<\/p>\n\n\n\n<figure class=\"wp-block-embed is-type-video is-provider-youtube wp-block-embed-youtube wp-embed-aspect-16-9 wp-has-aspect-ratio\"><div class=\"wp-block-embed__wrapper\">\n<div class=\"video-container\"><iframe title=\"Test de la pierre \u00e0 aiguiser en oxyde d&#039;aluminium rose de Naniwa avec Shirogami Honyaki\" width=\"1170\" height=\"658\" src=\"https:\/\/www.youtube.com\/embed\/DuBMwsrQGaY?feature=oembed\" frameborder=\"0\" allow=\"accelerometer; autoplay; clipboard-write; encrypted-media; gyroscope; picture-in-picture; web-share\" referrerpolicy=\"strict-origin-when-cross-origin\" allowfullscreen><\/iframe><\/div>\n<\/div><\/figure>\n\n\n\n<p>Les pierres \u00e0 eau traditionnelles de Naniwa offrent un excellent \u00e9quilibre entre le prix et la performance. Vous b\u00e9n\u00e9ficiez de la qualit\u00e9 et de l'attention que Naniwa accorde \u00e0 toutes ses pierres, sans avoir \u00e0 payer les prix plus \u00e9lev\u00e9s des gammes de pierres plus on\u00e9reuses. Contrairement aux pierres Super, elles ont un liant traditionnel qui absorbe l'eau. Nous recommandons de les tremper dans l'eau avant de les utiliser.<\/p>\n\n\n\n<p>La bo\u00eete est dot\u00e9e d'un cadre en haut qui permet de placer une pierre pour le travail. La bo\u00eete est munie de pieds en caoutchouc et de trous d'a\u00e9ration permettant de placer la pierre \u00e0 l'int\u00e9rieur et de la refermer imm\u00e9diatement apr\u00e8s le travail.<\/p>\n\n\n\n<p>Fabriqu\u00e9e \u00e0 partir d'oxyde d'aluminium rose, qui est plus dur et plus durable que l'oxyde d'aluminium blanc habituel ou le carbure de silicium utilis\u00e9 dans d'autres pierres \u00e0 aiguiser. L'alumine rose contient des additifs d'oxyde de chrome qui lui donnent une couleur rose et augmentent sa duret\u00e9 et sa r\u00e9sistance \u00e0 l'abrasion.<\/p>\n\n\n\n<p><strong>Avantages<\/strong>:<\/p>\n\n\n\n<ul class=\"wp-block-list\">\n<li><strong>Durabilit\u00e9<\/strong>R : L'oxyde d'aluminium rose s'use plus lentement que le carbure de silicium, de sorte que la pierre conserve sa forme plus longtemps.<\/li>\n\n\n\n<li><strong>Efficacit\u00e9<\/strong>Les pierres en carbure de silicium : Elles offrent une bonne vitesse de meulage, mais sont moins agressives que les pierres en carbure de silicium, de sorte qu'elles n'endommagent pas la surface du m\u00e9tal aussi profond\u00e9ment.<\/li>\n\n\n\n<li>Fabriqu\u00e9 au Japon, garantissant une haute qualit\u00e9 et des techniques de production traditionnelles.<\/li>\n<\/ul>","protected":false},"excerpt":{"rendered":"<ul>\n<li>L'oxyde d'aluminium rose s'use plus lentement que le carbure de silicium, de sorte que la pierre conserve sa forme plus longtemps. Elle offre une bonne vitesse de meulage, mais est moins agressive que les pierres en carbure de silicium et n'endommage donc pas la surface du m\u00e9tal aussi profond\u00e9ment.<!-- \/wp:list --><\/li>\n<li>Grain\u00a0:\u00a0#220<\/li>\n<li>Utilis\u00e9 pour les premi\u00e8res \u00e9tapes d\u2019aff\u00fbtage<\/li>\n<li>Vous devez tremper dans l&#039;eau avant de travailler<\/li>\n<li>Dimensions : 210 x 70 x 20 mm<\/li>\n<\/ul>","protected":false},"featured_media":2660,"comment_status":"open","ping_status":"closed","template":"","meta":[],"product_brand":[],"product_cat":[290],"product_tag":[197],"class_list":{"0":"post-2659","1":"product","2":"type-product","3":"status-publish","4":"has-post-thumbnail","6":"product_cat-whetstones","7":"product_tag-naniwa","8":"product_shipping_class-iprastas","10":"first","11":"instock","12":"shipping-taxable","13":"purchasable","14":"product-type-simple"},"_links":{"self":[{"href":"https:\/\/jnats.eu\/fr\/wp-json\/wp\/v2\/product\/2659","targetHints":{"allow":["GET"]}}],"collection":[{"href":"https:\/\/jnats.eu\/fr\/wp-json\/wp\/v2\/product"}],"about":[{"href":"https:\/\/jnats.eu\/fr\/wp-json\/wp\/v2\/types\/product"}],"replies":[{"embeddable":true,"href":"https:\/\/jnats.eu\/fr\/wp-json\/wp\/v2\/comments?post=2659"}],"wp:featuredmedia":[{"embeddable":true,"href":"https:\/\/jnats.eu\/fr\/wp-json\/wp\/v2\/media\/2660"}],"wp:attachment":[{"href":"https:\/\/jnats.eu\/fr\/wp-json\/wp\/v2\/media?parent=2659"}],"wp:term":[{"taxonomy":"product_brand","embeddable":true,"href":"https:\/\/jnats.eu\/fr\/wp-json\/wp\/v2\/product_brand?post=2659"},{"taxonomy":"product_cat","embeddable":true,"href":"https:\/\/jnats.eu\/fr\/wp-json\/wp\/v2\/product_cat?post=2659"},{"taxonomy":"product_tag","embeddable":true,"href":"https:\/\/jnats.eu\/fr\/wp-json\/wp\/v2\/product_tag?post=2659"}],"curies":[{"name":"wp","href":"https:\/\/api.w.org\/{rel}","templated":true}]}}