{"id":2665,"date":"2024-05-13T08:43:33","date_gmt":"2024-05-13T05:43:33","guid":{"rendered":"http:\/\/jnats.eu\/?post_type=product&#038;p=2665"},"modified":"2025-06-05T13:22:58","modified_gmt":"2025-06-05T10:22:58","slug":"naniwa-1000-wa-sekimonzen-toishi","status":"publish","type":"product","link":"https:\/\/jnats.eu\/fr\/produit-2\/naniwa-1000-wa-sekimonzen-toishi\/","title":{"rendered":"Naniwa #1000 WA Sekimonzen Toishi"},"content":{"rendered":"<p>Arr\u00eatez de p\u00e9ter... vos 5 millim\u00e8tres ! Achetez quelque chose que vous n'aurez pas honte de prendre en main ou de montrer aux autres. Ayez du respect pour vous-m\u00eame !<\/p>\n\n\n\n<p>La Naniwa #1000 WA Sekimonzen Toishi est une grande pierre \u00e0 aiguiser pour aiguiser vos couteaux \u00e9mouss\u00e9s (comme dans). Comme vous utiliserez beaucoup une pierre \u00e0 aiguiser avec ce grain, elle s&#039;usera assez rapidement. Afin de garantir une longue dur\u00e9e de vie, Naniwa a rendu cette pierre \u00e0 aiguiser tr\u00e8s \u00e9paisse. Trois fois plus \u00e9paisse qu&#039;une pierre \u00e0 aiguiser moyenne !<\/p>","protected":false},"excerpt":{"rendered":"<ul>\n<li>Utilis\u00e9 pour l&#039;\u00e9tape d&#039;aff\u00fbtage interm\u00e9diaire<\/li>\n<li>Corindon blanc<\/li>\n<li>Grain\u00a0:\u00a0#1000<\/li>\n<li>Tu dois tremper<\/li>\n<li>Dimensions : 210 x 70 x 60 mm<\/li>\n<li>Poids : 1810 g<\/li>\n<\/ul>","protected":false},"featured_media":2666,"comment_status":"open","ping_status":"closed","template":"","meta":[],"product_brand":[],"product_cat":[290],"product_tag":[197],"class_list":{"0":"post-2665","1":"product","2":"type-product","3":"status-publish","4":"has-post-thumbnail","6":"product_cat-whetstones","7":"product_tag-naniwa","8":"product_shipping_class-iprastas","10":"first","11":"outofstock","12":"sale","13":"shipping-taxable","14":"purchasable","15":"product-type-simple"},"_links":{"self":[{"href":"https:\/\/jnats.eu\/fr\/wp-json\/wp\/v2\/product\/2665","targetHints":{"allow":["GET"]}}],"collection":[{"href":"https:\/\/jnats.eu\/fr\/wp-json\/wp\/v2\/product"}],"about":[{"href":"https:\/\/jnats.eu\/fr\/wp-json\/wp\/v2\/types\/product"}],"replies":[{"embeddable":true,"href":"https:\/\/jnats.eu\/fr\/wp-json\/wp\/v2\/comments?post=2665"}],"wp:featuredmedia":[{"embeddable":true,"href":"https:\/\/jnats.eu\/fr\/wp-json\/wp\/v2\/media\/2666"}],"wp:attachment":[{"href":"https:\/\/jnats.eu\/fr\/wp-json\/wp\/v2\/media?parent=2665"}],"wp:term":[{"taxonomy":"product_brand","embeddable":true,"href":"https:\/\/jnats.eu\/fr\/wp-json\/wp\/v2\/product_brand?post=2665"},{"taxonomy":"product_cat","embeddable":true,"href":"https:\/\/jnats.eu\/fr\/wp-json\/wp\/v2\/product_cat?post=2665"},{"taxonomy":"product_tag","embeddable":true,"href":"https:\/\/jnats.eu\/fr\/wp-json\/wp\/v2\/product_tag?post=2665"}],"curies":[{"name":"wp","href":"https:\/\/api.w.org\/{rel}","templated":true}]}}