{"id":2667,"date":"2024-05-13T08:52:39","date_gmt":"2024-05-13T05:52:39","guid":{"rendered":"http:\/\/jnats.eu\/?post_type=product&#038;p=2667"},"modified":"2024-06-04T20:07:48","modified_gmt":"2024-06-04T17:07:48","slug":"naniwa-aotoishi-2000-ir-0260","status":"publish","type":"product","link":"https:\/\/jnats.eu\/fr\/produit-2\/naniwa-aotoishi-2000-ir-0260\/","title":{"rendered":"Naniwa Aotoishi #2000 IR-0260"},"content":{"rendered":"<p>La Naniwa Aotoishi est une grosse pierre \u00e0 aiguiser pour aiguiser vos couteaux \u00e9mouss\u00e9s (comme en contr\u00f4le). #2000 est une granulom\u00e9trie tr\u00e8s pratique. Assez grossier pour aiguiser rapidement les couteaux usag\u00e9s et assez fin pour une finition vraiment tranchante. Comme vous utiliserez beaucoup une pierre \u00e0 aiguiser avec ce grain, elle s&#039;usera assez rapidement. Afin de garantir une longue dur\u00e9e de vie, Naniwa a rendu cette pierre \u00e0 aiguiser tr\u00e8s \u00e9paisse. Au moins deux fois plus \u00e9paisse qu&#039;une pierre \u00e0 aiguiser moyenne\u00a0!<\/p>\n\n\n\n<p>Au fil des ann\u00e9es, Aotoishi est devenu de plus en plus populaire. Non seulement en raison de l\u2019\u00e9paisseur de la pierre, mais aussi parce que la pierre est si efficace et polyvalente. Le nom Aotoishi fait r\u00e9f\u00e9rence \u00e0 la couleur verte et au fait qu&#039;il s&#039;agit d&#039;une pierre \u00e0 aiguiser. Cependant, parmi de nombreux fans, Aotoishi est souvent qualifi\u00e9 de \u00ab brique verte de la joie \u00bb.<\/p>\n\n\n\n<figure class=\"wp-block-embed is-type-video is-provider-youtube wp-block-embed-youtube wp-embed-aspect-16-9 wp-has-aspect-ratio\"><div class=\"wp-block-embed__wrapper\">\n<div class=\"video-container\"><iframe title=\"Naniwa Aotoshi, \u00ab brique verte de la joie \u00bb. Une s\u00e9ance d&#039;aff\u00fbtage de pierre\" width=\"1170\" height=\"658\" src=\"https:\/\/www.youtube.com\/embed\/avkcYvT65QM?feature=oembed\" frameborder=\"0\" allow=\"accelerometer; autoplay; clipboard-write; encrypted-media; gyroscope; picture-in-picture; web-share\" referrerpolicy=\"strict-origin-when-cross-origin\" allowfullscreen><\/iframe><\/div>\n<\/div><\/figure>","protected":false},"excerpt":{"rendered":"<ul>\n<li>Utilis\u00e9 pour l&#039;aff\u00fbtage ou la finition interm\u00e9diaire<\/li>\n<li>Corindon blanc<\/li>\n<li>Grain\u00a0:\u00a0#2000<\/li>\n<li>Tu dois tremper<\/li>\n<li>Dimensions : 210 x 70 x 55 mm<\/li>\n<li>Poids : 1780 g<\/li>\n<\/ul>","protected":false},"featured_media":2668,"comment_status":"open","ping_status":"closed","template":"","meta":[],"product_brand":[],"product_cat":[290],"product_tag":[197],"class_list":{"0":"post-2667","1":"product","2":"type-product","3":"status-publish","4":"has-post-thumbnail","6":"product_cat-whetstones","7":"product_tag-naniwa","8":"product_shipping_class-iprastas","10":"first","11":"outofstock","12":"shipping-taxable","13":"purchasable","14":"product-type-simple"},"_links":{"self":[{"href":"https:\/\/jnats.eu\/fr\/wp-json\/wp\/v2\/product\/2667","targetHints":{"allow":["GET"]}}],"collection":[{"href":"https:\/\/jnats.eu\/fr\/wp-json\/wp\/v2\/product"}],"about":[{"href":"https:\/\/jnats.eu\/fr\/wp-json\/wp\/v2\/types\/product"}],"replies":[{"embeddable":true,"href":"https:\/\/jnats.eu\/fr\/wp-json\/wp\/v2\/comments?post=2667"}],"wp:featuredmedia":[{"embeddable":true,"href":"https:\/\/jnats.eu\/fr\/wp-json\/wp\/v2\/media\/2668"}],"wp:attachment":[{"href":"https:\/\/jnats.eu\/fr\/wp-json\/wp\/v2\/media?parent=2667"}],"wp:term":[{"taxonomy":"product_brand","embeddable":true,"href":"https:\/\/jnats.eu\/fr\/wp-json\/wp\/v2\/product_brand?post=2667"},{"taxonomy":"product_cat","embeddable":true,"href":"https:\/\/jnats.eu\/fr\/wp-json\/wp\/v2\/product_cat?post=2667"},{"taxonomy":"product_tag","embeddable":true,"href":"https:\/\/jnats.eu\/fr\/wp-json\/wp\/v2\/product_tag?post=2667"}],"curies":[{"name":"wp","href":"https:\/\/api.w.org\/{rel}","templated":true}]}}