{"id":2669,"date":"2024-05-13T09:01:52","date_gmt":"2024-05-13T06:01:52","guid":{"rendered":"http:\/\/jnats.eu\/?post_type=product&#038;p=2669"},"modified":"2024-07-09T23:11:51","modified_gmt":"2024-07-09T20:11:51","slug":"king-deluxe-stone-1000","status":"publish","type":"product","link":"https:\/\/jnats.eu\/fr\/produit-2\/king-deluxe-stone-1000\/","title":{"rendered":"Tr\u00e8s grand lit de luxe en pierre #1000"},"content":{"rendered":"<p>Assez de souffler votre 5mm ! Achetez un article dont vous n&#039;aurez pas honte d&#039;en prendre une poign\u00e9e vous-m\u00eame ou de le montrer aux autres. Ayez du respect pour vous-m\u00eame !<\/p>\n\n\n\n<p>La pierre \u00e0 aiguiser parfaite pour garder votre lame aff\u00fbt\u00e9e. Vous pouvez l&#039;utiliser pour les ciseaux, les couteaux, les rasoirs, etc.<br>Avant utilisation, trempez-la dans l&#039;eau pendant environ 3 minutes pour saturer la pierre d&#039;eau. Si la surface de la pierre s\u00e8che pendant les travaux, arrosez-la d&#039;eau.<\/p>\n\n\n\n<p>Utilisez-le toujours sur une surface lisse, stable et antid\u00e9rapante. Bien rincer \u00e0 l&#039;eau apr\u00e8s utilisation. Laissez-le s\u00e9cher et rangez-le dans un endroit \u00e0 l\u2019abri de la lumi\u00e8re directe du soleil.<\/p>\n\n\n\n<p>Si une partie de la pierre est \u00e9br\u00e9ch\u00e9e lors de sa chute, veillez \u00e0 lisser la partie \u00e9br\u00e9ch\u00e9e pour \u00e9viter d&#039;endommager la lame lors de l&#039;aff\u00fbtage avec celle-ci.<\/p>\n\n\n\n<p>Matsunaga Stone Co., Ltd. est un fabricant et vendeur de produits de broyage et autres produits dont le si\u00e8ge est dans la pr\u00e9fecture d&#039;Osaka. Ils proposent la s\u00e9rie King Grindstone, d\u00e9velopp\u00e9e au fil d&#039;ann\u00e9es de recherche et utilisant les derni\u00e8res technologies, ainsi que des meules pour couper, aff\u00fbter, polir et une vari\u00e9t\u00e9 d&#039;autres applications.<\/p>","protected":false},"excerpt":{"rendered":"<ul>\n<li>Utilis\u00e9 pour l&#039;\u00e9tape d&#039;aff\u00fbtage interm\u00e9diaire<\/li>\n<li>Oxyde d&#039;aluminium<\/li>\n<li>Grain\u00a0:\u00a0#1000<\/li>\n<li>Tu dois tremper<\/li>\n<li>Dimensions : 209 x 70 x 60 mm<\/li>\n<li>Poids : 1700g<\/li>\n<\/ul>","protected":false},"featured_media":2670,"comment_status":"open","ping_status":"closed","template":"","meta":[],"product_brand":[],"product_cat":[290],"product_tag":[292],"class_list":{"0":"post-2669","1":"product","2":"type-product","3":"status-publish","4":"has-post-thumbnail","6":"product_cat-whetstones","7":"product_tag-king","8":"product_shipping_class-iprastas","10":"first","11":"outofstock","12":"shipping-taxable","13":"purchasable","14":"product-type-simple"},"_links":{"self":[{"href":"https:\/\/jnats.eu\/fr\/wp-json\/wp\/v2\/product\/2669","targetHints":{"allow":["GET"]}}],"collection":[{"href":"https:\/\/jnats.eu\/fr\/wp-json\/wp\/v2\/product"}],"about":[{"href":"https:\/\/jnats.eu\/fr\/wp-json\/wp\/v2\/types\/product"}],"replies":[{"embeddable":true,"href":"https:\/\/jnats.eu\/fr\/wp-json\/wp\/v2\/comments?post=2669"}],"wp:featuredmedia":[{"embeddable":true,"href":"https:\/\/jnats.eu\/fr\/wp-json\/wp\/v2\/media\/2670"}],"wp:attachment":[{"href":"https:\/\/jnats.eu\/fr\/wp-json\/wp\/v2\/media?parent=2669"}],"wp:term":[{"taxonomy":"product_brand","embeddable":true,"href":"https:\/\/jnats.eu\/fr\/wp-json\/wp\/v2\/product_brand?post=2669"},{"taxonomy":"product_cat","embeddable":true,"href":"https:\/\/jnats.eu\/fr\/wp-json\/wp\/v2\/product_cat?post=2669"},{"taxonomy":"product_tag","embeddable":true,"href":"https:\/\/jnats.eu\/fr\/wp-json\/wp\/v2\/product_tag?post=2669"}],"curies":[{"name":"wp","href":"https:\/\/api.w.org\/{rel}","templated":true}]}}