{"id":2671,"date":"2024-05-13T09:11:46","date_gmt":"2024-05-13T06:11:46","guid":{"rendered":"http:\/\/jnats.eu\/?post_type=product&#038;p=2671"},"modified":"2025-07-18T14:01:01","modified_gmt":"2025-07-18T11:01:01","slug":"naniwa-1000-gc3f-gc-sekimonzen-toishi","status":"publish","type":"product","link":"https:\/\/jnats.eu\/fr\/produit-2\/naniwa-1000-gc3f-gc-sekimonzen-toishi\/","title":{"rendered":"Naniwa #1000 GC3F GC Sekimonzen Toishi"},"content":{"rendered":"<p>Les pierres \u00e0 aiguiser en c\u00e9ramique cuites \u00e0 haute temp\u00e9rature s'usent lentement. Excellente pierre \u00e0 aiguiser pour l'aff\u00fbtage et le r\u00e9glage des lames.<\/p>\n\n\n\n<figure class=\"wp-block-embed is-type-video is-provider-youtube wp-block-embed-youtube wp-embed-aspect-16-9 wp-has-aspect-ratio\"><div class=\"wp-block-embed__wrapper\">\n<div class=\"video-container\"><iframe title=\"Naniwa #1000 et Sakai Tohji #6000 vs Aogami 1\" width=\"1170\" height=\"658\" src=\"https:\/\/www.youtube.com\/embed\/X6OjexRGeWc?feature=oembed\" frameborder=\"0\" allow=\"accelerometer; autoplay; clipboard-write; encrypted-media; gyroscope; picture-in-picture; web-share\" referrerpolicy=\"strict-origin-when-cross-origin\" allowfullscreen><\/iframe><\/div>\n<\/div><\/figure>","protected":false},"excerpt":{"rendered":"<ul>\n<li>Utilis\u00e9 pour l\u2019\u00e9tape d\u2019aff\u00fbtage interm\u00e9diaire. Une pierre \u00e0 action rapide et \u00e0 usure lente.<\/li>\n<li>Carbure de silicium vert<\/li>\n<li>Liant : c\u00e9ramique<\/li>\n<li>Grain\u00a0:\u00a0#1000<\/li>\n<li>Tremper dans l'eau pendant quelques minutes avant utilisation<\/li>\n<li>Dimensions : 207 x 67 x 35 mm<\/li>\n<\/ul>","protected":false},"featured_media":2672,"comment_status":"open","ping_status":"closed","template":"","meta":[],"product_brand":[],"product_cat":[290],"product_tag":[197],"class_list":{"0":"post-2671","1":"product","2":"type-product","3":"status-publish","4":"has-post-thumbnail","6":"product_cat-whetstones","7":"product_tag-naniwa","8":"product_shipping_class-iprastas","10":"first","11":"outofstock","12":"sale","13":"shipping-taxable","14":"purchasable","15":"product-type-simple"},"_links":{"self":[{"href":"https:\/\/jnats.eu\/fr\/wp-json\/wp\/v2\/product\/2671","targetHints":{"allow":["GET"]}}],"collection":[{"href":"https:\/\/jnats.eu\/fr\/wp-json\/wp\/v2\/product"}],"about":[{"href":"https:\/\/jnats.eu\/fr\/wp-json\/wp\/v2\/types\/product"}],"replies":[{"embeddable":true,"href":"https:\/\/jnats.eu\/fr\/wp-json\/wp\/v2\/comments?post=2671"}],"wp:featuredmedia":[{"embeddable":true,"href":"https:\/\/jnats.eu\/fr\/wp-json\/wp\/v2\/media\/2672"}],"wp:attachment":[{"href":"https:\/\/jnats.eu\/fr\/wp-json\/wp\/v2\/media?parent=2671"}],"wp:term":[{"taxonomy":"product_brand","embeddable":true,"href":"https:\/\/jnats.eu\/fr\/wp-json\/wp\/v2\/product_brand?post=2671"},{"taxonomy":"product_cat","embeddable":true,"href":"https:\/\/jnats.eu\/fr\/wp-json\/wp\/v2\/product_cat?post=2671"},{"taxonomy":"product_tag","embeddable":true,"href":"https:\/\/jnats.eu\/fr\/wp-json\/wp\/v2\/product_tag?post=2671"}],"curies":[{"name":"wp","href":"https:\/\/api.w.org\/{rel}","templated":true}]}}