{"id":273,"date":"2024-02-27T12:07:33","date_gmt":"2024-02-27T10:07:33","guid":{"rendered":"http:\/\/jnats.eu\/?post_type=product&#038;p=273"},"modified":"2024-10-28T17:27:57","modified_gmt":"2024-10-28T15:27:57","slug":"aiwatani-asagi-awasedo","status":"publish","type":"product","link":"https:\/\/jnats.eu\/fr\/produit-2\/aiwatani-asagi-awasedo\/","title":{"rendered":"Aiwatani Asagi Awasedo pierre \u00e0 aiguiser naturelle japonaise"},"content":{"rendered":"<ul class=\"wp-block-list\">\n<li><strong>Duret\u00e9 : Lv 5<\/strong><\/li>\n\n\n\n<li><strong>Dimensions : 205x73x21 mm<\/strong><\/li>\n\n\n\n<li><strong>Poids : 877 g<\/strong><\/li>\n\n\n\n<li>Pierre dure. Parfait pour finir d&#039;aff\u00fbter les rasoirs, les couteaux, la menuiserie et autres outils. Comme la plupart des pierres naturelles japonaises, celle-ci offre une dur\u00e9e de vie de lame plus longue (par rapport aux pierres synth\u00e9tiques) et un bon tranchant. De plus, il emp\u00eache la formation d&#039;une grille lors de l&#039;aff\u00fbtage, ce qui rend le processus plus facile et plus rapide. <\/li>\n\n\n\n<li><strong>La ligne visible est s\u00e9curitaire.<\/strong><\/li>\n<\/ul>\n\n\n\n<figure class=\"wp-block-embed is-type-video is-provider-youtube wp-block-embed-youtube wp-embed-aspect-16-9 wp-has-aspect-ratio\"><div class=\"wp-block-embed__wrapper\">\n<div class=\"video-container\"><iframe title=\"Couteau \u00e0 aiguiser Acier poudr\u00e9 14cr14MoVNb Aiwatani Asagi\" width=\"1170\" height=\"658\" src=\"https:\/\/www.youtube.com\/embed\/E_C_5gOmUfw?feature=oembed\" frameborder=\"0\" allow=\"accelerometer; autoplay; clipboard-write; encrypted-media; gyroscope; picture-in-picture; web-share\" allowfullscreen><\/iframe><\/div>\n<\/div><\/figure>","protected":false},"excerpt":{"rendered":"<p><!-- wp:list --><\/p>\n<ul><!-- wp:list-item --><\/p>\n<li><strong>Duret\u00e9 : Lv 5<\/strong><\/li>\n<p><!-- \/wp:list-item --><\/p>\n<p><!-- wp:list-item --><\/p>\n<li><strong>Dimensions : 205x73x21 mm<\/strong><\/li>\n<p><!-- \/wp:list-item --><\/p>\n<p><!-- wp:list-item --><\/p>\n<li><strong>Poids : 877 g<\/strong><\/li>\n<p><!-- \/wp:list-item --><\/p>\n<p><!-- wp:list-item --><\/p>\n<li>Pierre dure. Parfait pour finir d&#039;aff\u00fbter les rasoirs, les couteaux, la menuiserie et autres outils. Comme la plupart des pierres naturelles japonaises, celle-ci offre une dur\u00e9e de vie de lame plus longue (par rapport aux pierres synth\u00e9tiques) et un bon tranchant. De plus, il emp\u00eache la formation d&#039;une grille lors de l&#039;aff\u00fbtage, ce qui rend le processus plus facile et plus rapide.<\/li>\n<p><!-- \/wp:list-item --><\/ul>\n<p><!-- \/wp:list --><\/p>\n<p>&nbsp;<\/p>","protected":false},"featured_media":1190,"comment_status":"open","ping_status":"closed","template":"","meta":[],"product_brand":[],"product_cat":[22],"product_tag":[65,64,45,40],"class_list":{"0":"post-273","1":"product","2":"type-product","3":"status-publish","4":"has-post-thumbnail","6":"product_cat-jnats","7":"product_tag-aiwatani","8":"product_tag-aiwatani-asagi-awasedo","9":"product_tag-asagi","10":"product_tag-awasedo","11":"product_shipping_class-iprastas","13":"first","14":"outofstock","15":"sale","16":"shipping-taxable","17":"purchasable","18":"product-type-simple"},"_links":{"self":[{"href":"https:\/\/jnats.eu\/fr\/wp-json\/wp\/v2\/product\/273","targetHints":{"allow":["GET"]}}],"collection":[{"href":"https:\/\/jnats.eu\/fr\/wp-json\/wp\/v2\/product"}],"about":[{"href":"https:\/\/jnats.eu\/fr\/wp-json\/wp\/v2\/types\/product"}],"replies":[{"embeddable":true,"href":"https:\/\/jnats.eu\/fr\/wp-json\/wp\/v2\/comments?post=273"}],"wp:featuredmedia":[{"embeddable":true,"href":"https:\/\/jnats.eu\/fr\/wp-json\/wp\/v2\/media\/1190"}],"wp:attachment":[{"href":"https:\/\/jnats.eu\/fr\/wp-json\/wp\/v2\/media?parent=273"}],"wp:term":[{"taxonomy":"product_brand","embeddable":true,"href":"https:\/\/jnats.eu\/fr\/wp-json\/wp\/v2\/product_brand?post=273"},{"taxonomy":"product_cat","embeddable":true,"href":"https:\/\/jnats.eu\/fr\/wp-json\/wp\/v2\/product_cat?post=273"},{"taxonomy":"product_tag","embeddable":true,"href":"https:\/\/jnats.eu\/fr\/wp-json\/wp\/v2\/product_tag?post=273"}],"curies":[{"name":"wp","href":"https:\/\/api.w.org\/{rel}","templated":true}]}}