{"id":2776,"date":"2025-08-21T08:23:35","date_gmt":"2025-08-21T05:23:35","guid":{"rendered":"http:\/\/jnats.eu\/?post_type=product&#038;p=2776"},"modified":"2025-09-30T11:22:08","modified_gmt":"2025-09-30T08:22:08","slug":"iwasaki-kamisori-swedish-steel","status":"publish","type":"product","link":"https:\/\/jnats.eu\/fr\/produit-2\/iwasaki-kamisori-swedish-steel\/","title":{"rendered":"Iwasaki kamisori Swedish Steel (NOS)"},"content":{"rendered":"<figure class=\"wp-block-embed is-type-video is-provider-youtube wp-block-embed-youtube wp-embed-aspect-9-16 wp-has-aspect-ratio\"><div class=\"wp-block-embed__wrapper\">\n<div class=\"video-container\"><iframe title=\"Iwasaki kamisori Swedish Steel (NOS)\" width=\"563\" height=\"1000\" src=\"https:\/\/www.youtube.com\/embed\/DL6KQ6jBGuI?feature=oembed\" frameborder=\"0\" allow=\"accelerometer; autoplay; clipboard-write; encrypted-media; gyroscope; picture-in-picture; web-share\" referrerpolicy=\"strict-origin-when-cross-origin\" allowfullscreen><\/iframe><\/div>\n<\/div><\/figure>\n\n\n\n<p>Le rasoir Iwasaki est l'un des plus appr\u00e9ci\u00e9s des collectionneurs et des amateurs de rasage traditionnel pour la qualit\u00e9 de son acier tremp\u00e9 et de sa fabrication. Le rasoir a \u00e9t\u00e9 fabriqu\u00e9 pendant la p\u00e9riode Showa, vers les ann\u00e9es 1950. Il a une longueur de 15 cm, un tranchant de 4,6 cm et p\u00e8se 36 g. Il s'agit d'un kamisori de taille moyenne et de poids l\u00e9ger.<\/p>\n\n\n\n<p>Semblable \u00e0 une \u00e9p\u00e9e de samoura\u00ef traditionnelle, ce Kamisori a \u00e9t\u00e9 forg\u00e9 \u00e0 la main \u00e0 partir de 2 couches, la partie coupante est en acier \u00e0 haute teneur en carbone et le support est un acier inoxydable plus simple. La couche interm\u00e9diaire est dure pour une nettet\u00e9 durable et un rasage agr\u00e9able, tandis que la couche de support offre la flexibilit\u00e9 n\u00e9cessaire.<\/p>\n\n\n\n<p>Les deux couches r\u00e9sistent bien \u00e0 la corrosion, mais aucun acier n&#039;est totalement exempt de rouille, alors gardez toujours votre rasoir au sec et prot\u00e9gez-le avec une fine couche d&#039;huile apr\u00e8s le rasage. <\/p>","protected":false},"excerpt":{"rendered":"<ul>\n<li>Mat\u00e9riau de la lame : Acier su\u00e9dois forg\u00e9 durci assez durement \u2013 63 HRC. Il conserve donc longtemps son tranchant.<\/li>\n<li>Dimensions approximatives de la lame (tous les kamisori sont l\u00e9g\u00e8rement diff\u00e9rents car ils sont fabriqu\u00e9s \u00e0 la main) : 46x20x4,5 mm<\/li>\n<li>Mat\u00e9riau du manche : acier forg\u00e9<\/li>\n<li>Longueur totale : 151 mm<\/li>\n<li>Poids 36g<\/li>\n<li>Origine : Japon<\/li>\n<\/ul>","protected":false},"featured_media":5125,"comment_status":"open","ping_status":"closed","template":"","meta":[],"product_brand":[],"product_cat":[23],"product_tag":[130,25,298],"class_list":{"0":"post-2776","1":"product","2":"type-product","3":"status-publish","4":"has-post-thumbnail","6":"product_cat-razors","7":"product_tag-iwasaki","8":"product_tag-kamisori","9":"product_tag-swedish-steel","10":"product_shipping_class-light","12":"first","13":"outofstock","14":"shipping-taxable","15":"product-type-variable"},"_links":{"self":[{"href":"https:\/\/jnats.eu\/fr\/wp-json\/wp\/v2\/product\/2776","targetHints":{"allow":["GET"]}}],"collection":[{"href":"https:\/\/jnats.eu\/fr\/wp-json\/wp\/v2\/product"}],"about":[{"href":"https:\/\/jnats.eu\/fr\/wp-json\/wp\/v2\/types\/product"}],"replies":[{"embeddable":true,"href":"https:\/\/jnats.eu\/fr\/wp-json\/wp\/v2\/comments?post=2776"}],"wp:featuredmedia":[{"embeddable":true,"href":"https:\/\/jnats.eu\/fr\/wp-json\/wp\/v2\/media\/5125"}],"wp:attachment":[{"href":"https:\/\/jnats.eu\/fr\/wp-json\/wp\/v2\/media?parent=2776"}],"wp:term":[{"taxonomy":"product_brand","embeddable":true,"href":"https:\/\/jnats.eu\/fr\/wp-json\/wp\/v2\/product_brand?post=2776"},{"taxonomy":"product_cat","embeddable":true,"href":"https:\/\/jnats.eu\/fr\/wp-json\/wp\/v2\/product_cat?post=2776"},{"taxonomy":"product_tag","embeddable":true,"href":"https:\/\/jnats.eu\/fr\/wp-json\/wp\/v2\/product_tag?post=2776"}],"curies":[{"name":"wp","href":"https:\/\/api.w.org\/{rel}","templated":true}]}}