{"id":283,"date":"2024-02-29T10:57:24","date_gmt":"2024-02-29T08:57:24","guid":{"rendered":"http:\/\/jnats.eu\/?post_type=product&#038;p=283"},"modified":"2025-03-04T09:10:26","modified_gmt":"2025-03-04T07:10:26","slug":"shobudani-asagi","status":"publish","type":"product","link":"https:\/\/jnats.eu\/fr\/produit-2\/shobudani-asagi\/","title":{"rendered":"Shobudani Asagi Pierre naturelle japonaise pour aff\u00fbtage"},"content":{"rendered":"<ul class=\"wp-block-list\">\n<li><strong>Duret\u00e9 : Lv 4<\/strong><\/li>\n\n\n\n<li><strong>Dimensions : 206x76x33 mm<\/strong><\/li>\n\n\n\n<li><strong>Poids : 1320 g<\/strong><\/li>\n\n\n\n<li><em>Faiblesses : il y a une petite rainure \u00e0 environ 3 cm du bord dans la partie travaillante.<\/em><\/li>\n\n\n\n<li>Parfait pour finir les rasoirs pour un rasage ultra doux. Bien entendu, il conviendra pour finir l\u2019aff\u00fbtage des couteaux, outils de menuiserie et autres. Comme la plupart des pierres naturelles japonaises, celle-ci offre une dur\u00e9e de vie de lame plus longue (par rapport aux pierres synth\u00e9tiques) et un bon tranchant. De plus, il emp\u00eache la formation d&#039;une grille lors de l&#039;aff\u00fbtage, ce qui rend le processus plus facile et plus rapide. Il est recommand\u00e9 de travailler avec de l&#039;eau ti\u00e8de, car ce n&#039;est qu&#039;alors que toutes les meilleures propri\u00e9t\u00e9s abrasives sont r\u00e9v\u00e9l\u00e9es.<\/li>\n<\/ul>\n\n\n\n<figure class=\"wp-block-embed is-type-video is-provider-youtube wp-block-embed-youtube wp-embed-aspect-16-9 wp-has-aspect-ratio\"><div class=\"wp-block-embed__wrapper\">\n<div class=\"video-container\"><iframe title=\"Jnats : pierres \u00e0 aiguiser Umegahata Tomae, Ozuku, Shobudani Asagi\" width=\"1170\" height=\"658\" src=\"https:\/\/www.youtube.com\/embed\/mTqJM3yPskA?start=310&#038;feature=oembed\" frameborder=\"0\" allow=\"accelerometer; autoplay; clipboard-write; encrypted-media; gyroscope; picture-in-picture; web-share\" referrerpolicy=\"strict-origin-when-cross-origin\" allowfullscreen><\/iframe><\/div>\n<\/div><\/figure>\n\n\n\n<p>Les principaux avantages des pierres \u00e0 aiguiser japonaises naturelles :<\/p>\n\n\n\n<ul class=\"wp-block-list\">\n<li>Les outils restent aff\u00fbt\u00e9s plus longtemps<\/li>\n\n\n\n<li>Les pierres ne sont pas contamin\u00e9es par les d\u00e9chets m\u00e9talliques.<\/li>\n\n\n\n<li>Facilit\u00e9 de d\u00e9montage du robinet-vanne<\/li>\n\n\n\n<li>Une r\u00e9ponse \u00e9tonnante qui vous permet de sentir exactement ce qui se passe sur la surface du m\u00e9tal.<\/li>\n<\/ul>","protected":false},"excerpt":{"rendered":"<ul>\n<li><strong>Duret\u00e9 : Lv 4<\/strong><\/li>\n<li><strong>Dimensions : 206x76x33 mm<\/strong><\/li>\n<li><strong>Poids : 1320 g<\/strong><\/li>\n<li><em>Faiblesses : il y a une petite rainure \u00e0 environ 3 cm du bord dans la partie travaillante.<\/em><\/li>\n<li>Parfait pour finir les rasoirs pour un rasage ultra doux. Bien entendu, il conviendra pour finir l\u2019aff\u00fbtage des couteaux, outils de menuiserie et autres. Comme la plupart des pierres naturelles japonaises, celle-ci offre une dur\u00e9e de vie de lame plus longue (par rapport aux pierres synth\u00e9tiques) et un bon tranchant. De plus, il emp\u00eache la formation d&#039;une grille lors de l&#039;aff\u00fbtage, ce qui rend le processus plus facile et plus rapide. Il est recommand\u00e9 de travailler avec de l&#039;eau ti\u00e8de, car ce n&#039;est qu&#039;alors que toutes les meilleures propri\u00e9t\u00e9s abrasives sont r\u00e9v\u00e9l\u00e9es.<\/li>\n<\/ul>","protected":false},"featured_media":1251,"comment_status":"open","ping_status":"closed","template":"","meta":[],"product_brand":[],"product_cat":[22],"product_tag":[45,44],"class_list":{"0":"post-283","1":"product","2":"type-product","3":"status-publish","4":"has-post-thumbnail","6":"product_cat-jnats","7":"product_tag-asagi","8":"product_tag-shobudani","9":"product_shipping_class-iprastas","11":"first","12":"outofstock","13":"sale","14":"shipping-taxable","15":"purchasable","16":"product-type-simple"},"_links":{"self":[{"href":"https:\/\/jnats.eu\/fr\/wp-json\/wp\/v2\/product\/283","targetHints":{"allow":["GET"]}}],"collection":[{"href":"https:\/\/jnats.eu\/fr\/wp-json\/wp\/v2\/product"}],"about":[{"href":"https:\/\/jnats.eu\/fr\/wp-json\/wp\/v2\/types\/product"}],"replies":[{"embeddable":true,"href":"https:\/\/jnats.eu\/fr\/wp-json\/wp\/v2\/comments?post=283"}],"wp:featuredmedia":[{"embeddable":true,"href":"https:\/\/jnats.eu\/fr\/wp-json\/wp\/v2\/media\/1251"}],"wp:attachment":[{"href":"https:\/\/jnats.eu\/fr\/wp-json\/wp\/v2\/media?parent=283"}],"wp:term":[{"taxonomy":"product_brand","embeddable":true,"href":"https:\/\/jnats.eu\/fr\/wp-json\/wp\/v2\/product_brand?post=283"},{"taxonomy":"product_cat","embeddable":true,"href":"https:\/\/jnats.eu\/fr\/wp-json\/wp\/v2\/product_cat?post=283"},{"taxonomy":"product_tag","embeddable":true,"href":"https:\/\/jnats.eu\/fr\/wp-json\/wp\/v2\/product_tag?post=283"}],"curies":[{"name":"wp","href":"https:\/\/api.w.org\/{rel}","templated":true}]}}