{"id":313,"date":"2024-03-02T14:13:44","date_gmt":"2024-03-02T12:13:44","guid":{"rendered":"http:\/\/jnats.eu\/?post_type=product&#038;p=313"},"modified":"2026-01-30T18:16:12","modified_gmt":"2026-01-30T16:16:12","slug":"rasoirs-japonais-vintage-kamisori-nos","status":"publish","type":"product","link":"https:\/\/jnats.eu\/fr\/produit-2\/rasoirs-japonais-vintage-kamisori-nos\/","title":{"rendered":"Iwasaki Sanjo Seisakusho \u4e09\u6761\u88fd\u4f5c\u6240 Shizusaburo et Henkotsu Rasoirs japonais vintage Kamisori NOS"},"content":{"rendered":"<p>Le l\u00e9gendaire forgeron Shigeyoshi Iwasaki est n\u00e9 en 1933 et a \u00e9t\u00e9 form\u00e9, entre autres, par son p\u00e8re le Dr Iwasaki Kousuke, qui a cr\u00e9\u00e9 Iwasaki Kamisori, \u00e9galement m\u00e9tallurgiste, c\u00e9l\u00e8bre pour la classification de l'acier japonais, \u00e0 savoir le \"papier jaune\", le \"papier blanc\", le \"papier bleu\". etc.<br>Il a \u00e9galement particip\u00e9 \u00e0 l'\u00e9tude des \u00e9p\u00e9es et couteaux anciens conserv\u00e9s au mus\u00e9e Syousou-In, construit au 8e si\u00e8cle.<br>Lorsqu'il ne travaillait pas dans sa forge, il enseignait les techniques et la th\u00e9orie m\u00e9tallurgique aux jeunes forgerons de Sanjo comme Shigefusa et Yoshikane. Aujourd'hui, Shigeyoshi Iwasaki est \u00e0 la retraite, mais son apprenti, M. Ryoichi Mizuochi, fabrique d'autres magnifiques rasoirs portant le logo bien connu des amateurs : trois bandes dans un cercle !<\/p>\n\n\n\n<p><strong>Henkotsu est \u00e9galement l'un des kamisori vintage les plus pris\u00e9s du Japon.<\/strong><\/p>\n\n\n\n<p>Pr\u00e9sentation d&#039;une collection exclusive de rasoirs japonais vintage, la s\u00e9rie Kamisori, con\u00e7ue pour red\u00e9finir l&#039;exp\u00e9rience de toilettage de la barbe avec l&#039;artisanat et la pr\u00e9cision traditionnels japonais.<br><br>Fabriqu\u00e9 avec le plus grand soin et une attention aux d\u00e9tails, chaque rasoir Kamisori incarne l&#039;\u00e9l\u00e9gance et l&#039;efficacit\u00e9 intemporelles associ\u00e9es \u00e0 l&#039;h\u00e9ritage japonais. Ces rasoirs allient harmonieusement techniques traditionnelles et fonctionnalit\u00e9s modernes pour offrir l&#039;exp\u00e9rience de rasage ultime \u00e0 l&#039;homme exigeant. La lame en acier au carbone dur est forg\u00e9e dans une gaine en acier plus souple pour un tranchant et une durabilit\u00e9 maximales. C&#039;est ainsi que sont fabriqu\u00e9es les c\u00e9l\u00e8bres \u00e9p\u00e9es japonaises katana depuis de nombreux si\u00e8cles.<br><br>Caract\u00e9ristiques principales:<br><br>Artisanat japonais authentique : les rasoirs Kamisori sont m\u00e9ticuleusement fabriqu\u00e9s \u00e0 la main par des artisans qualifi\u00e9s qui ont perfectionn\u00e9 leur m\u00e9tier au fil des g\u00e9n\u00e9rations, garantissant une qualit\u00e9 et une pr\u00e9cision in\u00e9gal\u00e9es.<br><br>Mat\u00e9riaux de qualit\u00e9 sup\u00e9rieure : seuls les meilleurs mat\u00e9riaux sont utilis\u00e9s dans leurs rasoirs, notamment de l&#039;acier de haute qualit\u00e9 et des alliages japonais authentiques pour garantir durabilit\u00e9 et long\u00e9vit\u00e9.<br><br>Design intemporel : le design du rasoir Kamisori s&#039;inspire de l&#039;esth\u00e9tique japonaise vieille de plusieurs si\u00e8cles, avec des lignes \u00e9pur\u00e9es, une \u00e9l\u00e9gance minimaliste et des poign\u00e9es ergonomiques pour un contr\u00f4le et une maniabilit\u00e9 faciles.<br><br>Excellentes performances de rasage\u00a0: d\u00e9couvrez la pr\u00e9cision de rasage ultime avec les rasoirs Kamisori, con\u00e7us pour un rasage doux et de pr\u00e8s avec un minimum d&#039;irritation gr\u00e2ce \u00e0 des lames tranchantes et une r\u00e9partition \u00e9quilibr\u00e9e du poids.<br><br>Polyvalence : Que vous pr\u00e9f\u00e9riez un rasage de pr\u00e8s ou des d\u00e9tails complexes, les rasoirs Kamisori sont suffisamment polyvalents pour s&#039;adapter \u00e0 une vari\u00e9t\u00e9 de styles et de pr\u00e9f\u00e9rences de rasage, ce qui en fait un outil de toilettage essentiel pour l&#039;homme moderne.<br><br>Un objet de collection : Chaque rasoir Kamisori t\u00e9moigne du riche h\u00e9ritage de l&#039;artisanat japonais, ce qui en fait non seulement un accessoire de toilettage fonctionnel, mais \u00e9galement un objet de collection pris\u00e9 pour les passionn\u00e9s de la culture traditionnelle du rasage.<br><br>Profitez de l&#039;art traditionnel du rasage japonais avec les rasoirs Kamisori vintage et propulsez votre routine de rasage vers de nouveaux sommets de sophistication et de luxe. D\u00e9couvrez la diff\u00e9rence que l&#039;ing\u00e9nierie de pr\u00e9cision et le design intemporel peuvent faire pour obtenir un rasage parfait \u00e0 chaque fois.<\/p>","protected":false},"excerpt":{"rendered":"<ul>\n<li>NOS (New old stock) Rasoirs japonais traditionnels inutilis\u00e9s et soigneusement conserv\u00e9s avec des bo\u00eetes du milieu du si\u00e8cle dernier.<\/li>\n<li>Pr\u00e9sente des signes de corrosion.<\/li>\n<li>La lame en acier au carbone dur est forg\u00e9e dans une gaine en acier plus souple pour un tranchant et une durabilit\u00e9 maximales. C&#039;est ainsi que sont fabriqu\u00e9es les c\u00e9l\u00e8bres \u00e9p\u00e9es japonaises katana depuis de nombreux si\u00e8cles.<\/li>\n<li>\n<p>Rasoirs tr\u00e8s rares, \u0153uvres pr\u00e9coces de Shigeyoshi Iwasaki. Au milieu du si\u00e8cle dernier, Iwasaki a \u00e9t\u00e9 le seul \u00e0 utiliser trois lignes dans un cercle dans un logo. Iwasaki travaillait sur les rasoirs Nippon avant de cr\u00e9er le logo. Shizusaburo a cr\u00e9\u00e9 son propre logo apr\u00e8s l'apparition de ce rasoir.<\/p>\n<\/li>\n<li><strong>Gauche n\u00b0 2<\/strong><\/li>\n<li>Longueur totale : 150 mm<\/li>\n<li>Lame : 43x21x5 mm<\/li>\n<li>Poids : 36 g<\/li>\n<\/ul>","protected":false},"featured_media":1083,"comment_status":"open","ping_status":"closed","template":"","meta":[],"product_brand":[],"product_cat":[23],"product_tag":[25,55],"class_list":{"0":"post-313","1":"product","2":"type-product","3":"status-publish","4":"has-post-thumbnail","6":"product_cat-razors","7":"product_tag-kamisori","8":"product_tag-nos","9":"product_shipping_class-light","11":"first","12":"instock","13":"sold-individually","14":"shipping-taxable","15":"product-type-variable"},"_links":{"self":[{"href":"https:\/\/jnats.eu\/fr\/wp-json\/wp\/v2\/product\/313","targetHints":{"allow":["GET"]}}],"collection":[{"href":"https:\/\/jnats.eu\/fr\/wp-json\/wp\/v2\/product"}],"about":[{"href":"https:\/\/jnats.eu\/fr\/wp-json\/wp\/v2\/types\/product"}],"replies":[{"embeddable":true,"href":"https:\/\/jnats.eu\/fr\/wp-json\/wp\/v2\/comments?post=313"}],"wp:featuredmedia":[{"embeddable":true,"href":"https:\/\/jnats.eu\/fr\/wp-json\/wp\/v2\/media\/1083"}],"wp:attachment":[{"href":"https:\/\/jnats.eu\/fr\/wp-json\/wp\/v2\/media?parent=313"}],"wp:term":[{"taxonomy":"product_brand","embeddable":true,"href":"https:\/\/jnats.eu\/fr\/wp-json\/wp\/v2\/product_brand?post=313"},{"taxonomy":"product_cat","embeddable":true,"href":"https:\/\/jnats.eu\/fr\/wp-json\/wp\/v2\/product_cat?post=313"},{"taxonomy":"product_tag","embeddable":true,"href":"https:\/\/jnats.eu\/fr\/wp-json\/wp\/v2\/product_tag?post=313"}],"curies":[{"name":"wp","href":"https:\/\/api.w.org\/{rel}","templated":true}]}}