{"id":3184,"date":"2025-09-30T11:13:34","date_gmt":"2025-09-30T08:13:34","guid":{"rendered":"https:\/\/jnats.eu\/?post_type=product&#038;p=3184"},"modified":"2026-04-11T09:18:41","modified_gmt":"2026-04-11T06:18:41","slug":"jun-mikawa-shiro-nagura-mejiro-button-rinkinys","status":"publish","type":"product","link":"https:\/\/jnats.eu\/fr\/produit-2\/jun-mikawa-shiro-nagura-mejiro-button-rinkinys\/","title":{"rendered":"Mikawa Shiro Nagura Koma + Mejiro + Botan set"},"content":{"rendered":"<p>Comme les autres naguras, Mikawa Asano est traditionnellement utilis\u00e9 pour cr\u00e9er une p\u00e2te abrasive sur une pierre \u00e0 aiguiser naturelle. La diff\u00e9rence avec les autres est honorable. Asano est une tentative de cr\u00e9er un syst\u00e8me de notation gratuit qui permettra \u00e0 l&#039;utilisateur de choisir une progression d&#039;aff\u00fbtage allant de grossier \u00e0 fin.<\/p>\n\n\n\n<p>L'uspensia \u00e0 ongles acc\u00e9l\u00e8re le travail des pierres naturelles plus lentes, aff\u00fbte les carbures d'acier et maintient les outils aff\u00fbt\u00e9s plus longtemps. Il peut \u00e9galement \u00eatre utilis\u00e9 sur les pierres synth\u00e9tiques, les rendant plus douces et plus propres. Il est \u00e9galement possible de finir les rasoirs sur une suspension liquide si l'on souhaite un rasage non agressif et s\u00fbr.<\/p>\n\n\n\n<figure class=\"wp-block-embed is-type-video is-provider-youtube wp-block-embed-youtube wp-embed-aspect-16-9 wp-has-aspect-ratio\"><div class=\"wp-block-embed__wrapper\">\n<div class=\"video-container\"><iframe title=\"Aiguisage d&#039;un Henkotsu Kamisori sur une pierre \u00e0 aiguiser Nakayama Asagi Premium | Mejiro, Tenjo &amp; Koma Nagura\" width=\"1170\" height=\"658\" src=\"https:\/\/www.youtube.com\/embed\/xLUXM45tq0o?start=491&#038;feature=oembed\" frameborder=\"0\" allow=\"accelerometer; autoplay; clipboard-write; encrypted-media; gyroscope; picture-in-picture; web-share\" referrerpolicy=\"strict-origin-when-cross-origin\" allowfullscreen><\/iframe><\/div>\n<\/div><\/figure>\n\n\n\n<p>En fait, un seul tour, n&#039;importe lequel d&#039;entre eux, suffit pour l&#039;aff\u00fbtage, car les particules abrasives naturelles se d\u00e9composent et deviennent plus fines lors de l&#039;aff\u00fbtage. Si n\u00e9cessaire, la suspension peut \u00eatre recr\u00e9\u00e9e en utilisant le m\u00eame Mikawa nagura.<\/p>\n\n\n\n<p>L&#039;exception \u00e0 la r\u00e8gle est Muchi. Ce dernier peut \u00eatre trop rugueux dans certains cas et il est d\u00e9conseill\u00e9 de l&#039;utiliser pour les rasoirs.<\/p>\n\n\n\n<p>Ce type de pierre est extrait de la mine Junmikawa Shiro, dans le district de Kitashitara, pr\u00e9fecture d&#039;Aichi. La roche qui s&#039;y trouve est constitu\u00e9e de 10 \u00e0 12 couches, selon la zone fouill\u00e9e. Parmi ces couches, il y en a 8 utilisables et 4 d\u2019entre elles sont les plus populaires. Les zones comportant 12 couches utilisables comprennent deux couches Tenjyo diff\u00e9rentes, ainsi que Yae Botan et Botan, qui sont tr\u00e8s similaires. Comme pour toutes les pierres naturelles japonaises, chaque sp\u00e9cimen peut varier.<\/p>\n\n\n\n<p>Mikawa nagura est class\u00e9 du plus grossier au plus fin comme suit\u00a0:&nbsp;<strong>Mushi [\u30e0\u30b7] &gt; Ban [\u30d0\u30f3] &gt; Atsu [\u30a2\u30c4] &gt; Yae Botan [\u516b\u91cd\u30dc\u30bf\u30f3] &gt; Botan [\u30dc\u30bf\u30f3] &gt; Tenjyo [\u5929\u4e0a] &gt; Mejiro [\u76ee\u767d] &gt; Koma [\u30b3\u30de]<\/strong><\/p>\n\n\n\n<p>Les nagura de Mikawa sont class\u00e9s comme suit en fonction de leur vitesse de fonctionnement :<strong> Ban &gt; Koma &gt; Yae Botan &gt; Botan &gt; Atsu &gt;Tenjo &gt; Mejiro.<\/strong><\/p>\n\n\n\n<p>Apr\u00e8s les nagurs, l\u2019aff\u00fbtage est g\u00e9n\u00e9ralement effectu\u00e9 sur la m\u00eame pierre propre qui constituait la base. Certains terminent le processus d&#039;aff\u00fbtage des rasoirs avec une suspension liquide et obtiennent ainsi un rasage doux et s\u00fbr, car la lame devient alors non agressive pour la peau, mais coupe les poils.<\/p>\n\n\n\n<h2 class=\"wp-block-heading\">Jun Mikawa Types de Shiro Nagura<\/h2>\n\n\n\n<figure class=\"wp-block-table\"><table class=\"has-fixed-layout\"><thead><tr><th>Nom japonais<\/th><th>Kanji\/\u00e9criture<\/th><th>Description<\/th><th>Utilisation typique<\/th><\/tr><\/thead><tbody><tr><td>Coma<\/td><td>\u99d2 \/ \u30b3\u30de<\/td><td>La plus petite et l'une des plus efficaces nagura de la s\u00e9rie Shiro de Jun Mikawa. Cr\u00e9e une suspension tr\u00e8s fine.<\/td><td>Dernier tour, rasoirs et couteaux<\/td><\/tr><tr><td>Mejiro<\/td><td>\u76ee\u767d<\/td><td>Tr\u00e8s petit, presque de la taille d'un Coma.<\/td><td>Derni\u00e8re \u00e9tape du polissage<\/td><\/tr><tr><td>Tenjyo (Tenjou)<\/td><td>\u5929\u4e0a<\/td><td>Rapport \u00e9quilibr\u00e9 entre la finesse et la puissance d'aff\u00fbtage. L'un des aff\u00fbteurs les plus polyvalents.<\/td><td>Stade moyen-tardif<\/td><\/tr><tr><td>Botanique<\/td><td>\u7261\u4e39<\/td><td>Bon pouvoir abrasif, suspension assez active. Toujours utilis\u00e9 avec une pierre de base.<\/td><td>Stade pr\u00e9coce du nagura<\/td><\/tr><tr><td>Yae Botan<\/td><td>\u516b\u91cd\u7261\u4e39<\/td><td>Semblable \u00e0 Botan, mais souvent une suspension l\u00e9g\u00e8rement plus douce et plus fine.<\/td><td>Stade pr\u00e9coce-moyen<\/td><\/tr><tr><td>Atsu<\/td><td>\u539a<\/td><td>Un peu plus rugueux.<\/td><td>Parfois utilis\u00e9 pour des travaux grossiers<\/td><\/tr><tr><td>Ban<\/td><td>\u76e4<\/td><td>L'un des nagura de Mikawa les plus rugueux.<\/td><td>Pour un aff\u00fbtage grossier<\/td><\/tr><\/tbody><\/table><\/figure>\n\n\n\n<p>Classes de qualit\u00e9 :<\/p>\n\n\n\n<ul class=\"wp-block-list\">\n<li><strong>\u5225\u4e0a (Betsuj\u014d)<\/strong> - haute qualit\u00e9<\/li>\n\n\n\n<li><strong>\u7279\u7d1a (Tokky\u016b)<\/strong> - la plus haute qualit\u00e9<\/li>\n<\/ul>\n\n\n\n<h2 class=\"wp-block-heading\">Ordre de finesse (du plus petit au plus grossier)<\/h2>\n\n\n\n<figure class=\"wp-block-table\"><table class=\"has-fixed-layout\"><thead><tr><th>D\u00e9tail<\/th><th>Type<\/th><\/tr><\/thead><tbody><tr><td>1 (le plus petit)<\/td><td>\u99d2 \/ \u30b3\u30de Koma<\/td><\/tr><tr><td>2<\/td><td>\u76ee\u767d Mejiro<\/td><\/tr><tr><td>3<\/td><td>\u5929\u4e0a Tenjyo<\/td><\/tr><tr><td>4<\/td><td>\u7261\u4e39 Botan<\/td><\/tr><tr><td>5<\/td><td>\u516b\u91cd\u7261\u4e39 Yae Botan<\/td><\/tr><tr><td>6<\/td><td>\u539a Atsu<\/td><\/tr><tr><td>7<\/td><td>\u76e4 Ban<\/td><\/tr><\/tbody><\/table><\/figure>\n\n\n\n<hr class=\"wp-block-separator has-alpha-channel-opacity\"\/>\n\n\n\n<p>Dans la pratique, en particulier <strong>dans l'aff\u00fbtage des rasoirs<\/strong>, Une progression est couramment utilis\u00e9e :<\/p>\n\n\n\n<p><strong>\u7261\u4e39 Botan \u2192 \u5929\u4e0a Tenjyo \u2192 \u76ee\u767d Mejiro \u2192 \u99d2 Koma<\/strong><\/p>","protected":false},"excerpt":{"rendered":"<ol>\n<li>Koma + Mejiro + Botan poids total 185 g\u00a0<\/li>\n<li>Koma + Mejiro + Botan poids total 190 g<\/li>\n<li>Koma + Mejiro + Botan poids total 200 g<\/li>\n<li>Koma + Mejiro + Botan poids total 183 g<\/li>\n<li>Koma + Mejiro + Botan poids total 178 g<\/li>\n<li>Koma + Mejiro + Botan poids total 185 g<\/li>\n<li>Koma + Mejiro + Botan poids total 225 g<\/li>\n<li>Poids du Mejiro 218 g<\/li>\n<li>Poids du Mejiro 438 g<\/li>\n<\/ol>\n<p>Si vous ne voyez pas l'article dans la liste d\u00e9roulante, c'est qu'il est vendu.<\/p>","protected":false},"featured_media":5278,"comment_status":"open","ping_status":"closed","template":"","meta":[],"product_brand":[],"product_cat":[22],"product_tag":[152,301,153],"class_list":{"0":"post-3184","1":"product","2":"type-product","3":"status-publish","4":"has-post-thumbnail","6":"product_cat-jnats","7":"product_tag-button","8":"product_tag-mejiro","9":"product_tag-nagura","10":"product_shipping_class-light","12":"first","13":"instock","14":"shipping-taxable","15":"purchasable","16":"product-type-variable"},"_links":{"self":[{"href":"https:\/\/jnats.eu\/fr\/wp-json\/wp\/v2\/product\/3184","targetHints":{"allow":["GET"]}}],"collection":[{"href":"https:\/\/jnats.eu\/fr\/wp-json\/wp\/v2\/product"}],"about":[{"href":"https:\/\/jnats.eu\/fr\/wp-json\/wp\/v2\/types\/product"}],"replies":[{"embeddable":true,"href":"https:\/\/jnats.eu\/fr\/wp-json\/wp\/v2\/comments?post=3184"}],"wp:featuredmedia":[{"embeddable":true,"href":"https:\/\/jnats.eu\/fr\/wp-json\/wp\/v2\/media\/5278"}],"wp:attachment":[{"href":"https:\/\/jnats.eu\/fr\/wp-json\/wp\/v2\/media?parent=3184"}],"wp:term":[{"taxonomy":"product_brand","embeddable":true,"href":"https:\/\/jnats.eu\/fr\/wp-json\/wp\/v2\/product_brand?post=3184"},{"taxonomy":"product_cat","embeddable":true,"href":"https:\/\/jnats.eu\/fr\/wp-json\/wp\/v2\/product_cat?post=3184"},{"taxonomy":"product_tag","embeddable":true,"href":"https:\/\/jnats.eu\/fr\/wp-json\/wp\/v2\/product_tag?post=3184"}],"curies":[{"name":"wp","href":"https:\/\/api.w.org\/{rel}","templated":true}]}}