{"id":3257,"date":"2024-09-09T09:52:17","date_gmt":"2024-09-09T06:52:17","guid":{"rendered":"https:\/\/jnats.eu\/?post_type=product&#038;p=3257"},"modified":"2024-11-23T10:54:43","modified_gmt":"2024-11-23T08:54:43","slug":"naniwa-jyunpaku-galandinimo-akmuo-8000","status":"publish","type":"product","link":"https:\/\/jnats.eu\/fr\/produit-2\/naniwa-jyunpaku-galandinimo-akmuo-8000\/","title":{"rendered":"Naniwa Jyunpaku pierre \u00e0 aiguiser #8000 +30 aiguisage +47 3000"},"content":{"rendered":"<p>La pierre \u00e0 aiguiser Naniwa Jyunpaku 8000 est extr\u00eamement fine pour donner aux couteaux un bord tr\u00e8s tranchant. Le Jyunpaku est l'un des produits les plus populaires de la gamme Naniwa.<\/p>\n\n\n\n<p>Dans le monde de l'aff\u00fbtage, cette pierre est \u00e9galement connue sous le nom de \"Blanche-Neige\". Non seulement en raison de sa couleur blanche comme la neige, mais aussi en raison de ses r\u00e9sultats d'aiguisage stup\u00e9fiants, semblables \u00e0 ceux d'un miroir. Malgr\u00e9 cette r\u00e9putation et la forte demande, ces pierres d'aff\u00fbtage sont relativement peu nombreuses sur le march\u00e9, car Naniwa ne produit qu'une quantit\u00e9 limit\u00e9e de Jyunpaku. Cela lui permet de contr\u00f4ler la qualit\u00e9 de chaque pierre d'aff\u00fbtage. <\/p>\n\n\n\n<p>La Naniwa Jyunpaku doit \u00eatre immerg\u00e9e dans l'eau pendant quelques minutes avant d'\u00eatre utilis\u00e9e. Par rapport aux pierres \u00e0 eau moins ch\u00e8res, vous constaterez que cette pierre \u00e0 aiguiser n'a pas besoin de beaucoup d'eau suppl\u00e9mentaire et qu'elle l'absorbe tr\u00e8s bien. Vous n'aurez donc pas \u00e0 mouiller la pierre aussi souvent lorsque vous aiguiserez votre couteau. Les particules m\u00e9talliques sombres sont bien s\u00fbr tr\u00e8s visibles sur la surface d'aiguisage claire, c'est pourquoi nous vous recommandons de nettoyer la surface de la pierre apr\u00e8s utilisation avec un produit con\u00e7u \u00e0 cet effet. De cette mani\u00e8re, la pierre reste belle et blanche.<\/p>\n\n\n\n<p>Laisser s\u00e9cher la pierre \u00e0 temp\u00e9rature ambiante apr\u00e8s utilisation. <\/p>","protected":false},"excerpt":{"rendered":"<ul>\n<li>Dimensions : 210x70x20mm<\/li>\n<li>Poids : 660g<\/li>\n<li>Taille des grains : #8000<\/li>\n<li>Avant utilisation, la pierre doit \u00eatre tremp\u00e9e dans l'eau pendant quelques minutes jusqu'\u00e0 ce que les bulles d'air cessent de monter.<\/li>\n<\/ul>","protected":false},"featured_media":3259,"comment_status":"open","ping_status":"closed","template":"","meta":[],"product_brand":[],"product_cat":[290],"product_tag":[303,197],"class_list":{"0":"post-3257","1":"product","2":"type-product","3":"status-publish","4":"has-post-thumbnail","6":"product_cat-whetstones","7":"product_tag-303","8":"product_tag-naniwa","9":"product_shipping_class-iprastas","11":"first","12":"outofstock","13":"shipping-taxable","14":"purchasable","15":"product-type-simple"},"_links":{"self":[{"href":"https:\/\/jnats.eu\/fr\/wp-json\/wp\/v2\/product\/3257","targetHints":{"allow":["GET"]}}],"collection":[{"href":"https:\/\/jnats.eu\/fr\/wp-json\/wp\/v2\/product"}],"about":[{"href":"https:\/\/jnats.eu\/fr\/wp-json\/wp\/v2\/types\/product"}],"replies":[{"embeddable":true,"href":"https:\/\/jnats.eu\/fr\/wp-json\/wp\/v2\/comments?post=3257"}],"wp:featuredmedia":[{"embeddable":true,"href":"https:\/\/jnats.eu\/fr\/wp-json\/wp\/v2\/media\/3259"}],"wp:attachment":[{"href":"https:\/\/jnats.eu\/fr\/wp-json\/wp\/v2\/media?parent=3257"}],"wp:term":[{"taxonomy":"product_brand","embeddable":true,"href":"https:\/\/jnats.eu\/fr\/wp-json\/wp\/v2\/product_brand?post=3257"},{"taxonomy":"product_cat","embeddable":true,"href":"https:\/\/jnats.eu\/fr\/wp-json\/wp\/v2\/product_cat?post=3257"},{"taxonomy":"product_tag","embeddable":true,"href":"https:\/\/jnats.eu\/fr\/wp-json\/wp\/v2\/product_tag?post=3257"}],"curies":[{"name":"wp","href":"https:\/\/api.w.org\/{rel}","templated":true}]}}