{"id":3315,"date":"2024-09-30T12:40:24","date_gmt":"2024-09-30T09:40:24","guid":{"rendered":"https:\/\/jnats.eu\/?post_type=product&#038;p=3315"},"modified":"2026-01-23T14:41:19","modified_gmt":"2026-01-23T12:41:19","slug":"aoto-medium-whetstone-sun-tiger","status":"publish","type":"product","link":"https:\/\/jnats.eu\/fr\/produit-2\/aoto-medium-whetstone-sun-tiger\/","title":{"rendered":"Aoto Medium Whetstone Sun Tiger"},"content":{"rendered":"<p>Pierre \u00e0 aiguiser douce \u00e0 grain moyen Aoto (pierre bleue en japonais) de la r\u00e9gion de Tamba. La taille des grains est d'environ #2000. Elle est tr\u00e8s facile \u00e0 utiliser et une pression plus forte permet d'obtenir une quantit\u00e9 impressionnante de boue. Avec la bonne quantit\u00e9 d'eau, vous pouvez obtenir une finition tr\u00e8s uniforme avec beaucoup de contraste et des rayures \u00e0 peine visibles. Buvez de l'eau.<\/p>\n\n\n\n<p>Avec la bo\u00eete du fabricant en bon \u00e9tat.<\/p>\n\n\n\n<figure class=\"wp-block-embed is-type-video is-provider-youtube wp-block-embed-youtube wp-embed-aspect-16-9 wp-has-aspect-ratio\"><div class=\"wp-block-embed__wrapper\">\n<div class=\"video-container\"><iframe title=\"Aoto Medium Whetstone Sun Tiger Marque\" width=\"1170\" height=\"658\" src=\"https:\/\/www.youtube.com\/embed\/QozN3YmvHfU?feature=oembed\" frameborder=\"0\" allow=\"accelerometer; autoplay; clipboard-write; encrypted-media; gyroscope; picture-in-picture; web-share\" referrerpolicy=\"strict-origin-when-cross-origin\" allowfullscreen><\/iframe><\/div>\n<\/div><\/figure>","protected":false},"excerpt":{"rendered":"<ul>\n<li>Aoto Medium Whetstone Sun Tiger brand<\/li>\n<li>Taille des grains environ #2000<\/li>\n<li>Duret\u00e9 : Lv 3<\/li>\n<li>Dimensions : 225x60x60mm<\/li>\n<li>Poids : 1870 g.<\/li>\n<li><strong>Elle pr\u00e9sente des fissures caract\u00e9ristiques de ce type de pierre et ne devrait pas se dilater.<\/strong><\/li>\n<\/ul>","protected":false},"featured_media":3319,"comment_status":"open","ping_status":"closed","template":"","meta":[],"product_brand":[],"product_cat":[22],"product_tag":[304,300],"class_list":{"0":"post-3315","1":"product","2":"type-product","3":"status-publish","4":"has-post-thumbnail","6":"product_cat-jnats","7":"product_tag-aoto","8":"product_tag-medium","9":"product_shipping_class-iprastas","11":"first","12":"outofstock","13":"sale","14":"shipping-taxable","15":"purchasable","16":"product-type-simple"},"_links":{"self":[{"href":"https:\/\/jnats.eu\/fr\/wp-json\/wp\/v2\/product\/3315","targetHints":{"allow":["GET"]}}],"collection":[{"href":"https:\/\/jnats.eu\/fr\/wp-json\/wp\/v2\/product"}],"about":[{"href":"https:\/\/jnats.eu\/fr\/wp-json\/wp\/v2\/types\/product"}],"replies":[{"embeddable":true,"href":"https:\/\/jnats.eu\/fr\/wp-json\/wp\/v2\/comments?post=3315"}],"wp:featuredmedia":[{"embeddable":true,"href":"https:\/\/jnats.eu\/fr\/wp-json\/wp\/v2\/media\/3319"}],"wp:attachment":[{"href":"https:\/\/jnats.eu\/fr\/wp-json\/wp\/v2\/media?parent=3315"}],"wp:term":[{"taxonomy":"product_brand","embeddable":true,"href":"https:\/\/jnats.eu\/fr\/wp-json\/wp\/v2\/product_brand?post=3315"},{"taxonomy":"product_cat","embeddable":true,"href":"https:\/\/jnats.eu\/fr\/wp-json\/wp\/v2\/product_cat?post=3315"},{"taxonomy":"product_tag","embeddable":true,"href":"https:\/\/jnats.eu\/fr\/wp-json\/wp\/v2\/product_tag?post=3315"}],"curies":[{"name":"wp","href":"https:\/\/api.w.org\/{rel}","templated":true}]}}