{"id":340,"date":"2024-03-03T16:17:30","date_gmt":"2024-03-03T14:17:30","guid":{"rendered":"http:\/\/jnats.eu\/?post_type=product&#038;p=340"},"modified":"2024-09-21T11:33:09","modified_gmt":"2024-09-21T08:33:09","slug":"rasoir-otaniyama-asagi-finition-pierre-a-aiguiser","status":"publish","type":"product","link":"https:\/\/jnats.eu\/fr\/produit-2\/rasoir-otaniyama-asagi-finition-pierre-a-aiguiser\/","title":{"rendered":"Pierre \u00e0 aiguiser de finition pour rasoir Otaniyama Asagi"},"content":{"rendered":"<p>Les pierres Otaniyama de grande taille ne sont presque plus disponibles dans le commerce. Otaniyama se trouve \u00e0 environ 10 km au nord-ouest du centre-ville de Kameoka.<\/p>\n\n\n\n<p>Le puits est creus\u00e9 \u00e0 un endroit appel\u00e9 Mont Otani, qui est un nom collectif pour plusieurs montagnes. La pierre est devenue populaire dans tout le Japon comme pierre \u00e0 rasoir.<\/p>\n\n\n\n<p>Bien qu\u2019il s\u2019agisse d\u2019une excellente meule, elle est peu connue. La r\u00e9gion de Kameoka, o\u00f9 de nombreuses pierres fines \u00e9taient extraites pour \u00eatre aiguis\u00e9es, mais les gens qui y travaillaient n&#039;\u00e9taient pas membres de l&#039;Association des pierres naturelles de Kyoto. On pense que ce type de pierre n\u2019\u00e9tait pas tr\u00e8s connu car ses mineurs n\u2019avaient pas acc\u00e8s \u00e0 l\u2019organisation susmentionn\u00e9e. Cependant, beaucoup ont \u00e9t\u00e9 attir\u00e9s par la perfection de cette pierre \u00e0 aiguiser et ont commenc\u00e9 \u00e0 l&#039;utiliser pour les rasoirs. <\/p>\n\n\n\n<p>La soci\u00e9t\u00e9 commerciale a fait passer le message aux salons de coiffure \u00e0 travers le Japon gr\u00e2ce \u00e0 des ventes en porte-\u00e0-porte. Le tranchant du rasoir est tout aussi important dans un salon de coiffure que pour un barbier. Les propri\u00e9taires de salons de coiffure \u00e9taient prudents lors du choix des pierres \u00e0 aiguiser, car elles \u00e9taient associ\u00e9es \u00e0 la r\u00e9putation de l&#039;entreprise. C&#039;est une pierre avec une longue histoire de distribution. Bien s\u00fbr, si la r\u00e9action \u00e0 l\u2019acier ne semble pas assez dure, il peut \u00eatre utilis\u00e9 comme pierre \u00e0 raser.<\/p>\n\n\n\n<p>J&#039;ai entendu dire qu&#039;\u00e0 l&#039;\u00e9poque les grosses pi\u00e8ces \u00e9taient vendues 10 000 yens. \u00c0 la valeur mon\u00e9taire actuelle, si vous convertissez, ce sera environ 200 000 \u00a5 (environ 1 220 \u20ac). Comme son nom l&#039;indique, cette pierre \u00e0 aiguiser convient \u00e0 l&#039;aff\u00fbtage final des rasoirs, couteaux, petites lames, raboteuses, ciseaux et bien plus encore. pour l&#039;\u00e9tape d&#039;aff\u00fbtage.<\/p>\n\n\n\n<p>L&#039;eau froide d\u00e9gradera consid\u00e9rablement la r\u00e9ponse de l&#039;acier au fil du temps, alors assurez-vous d&#039;utiliser de l&#039;eau ti\u00e8de \u00e0 environ 42 degr\u00e9s lors de l&#039;aff\u00fbtage.<\/p>\n\n\n\n<figure class=\"wp-block-embed is-type-video is-provider-youtube wp-block-embed-youtube wp-embed-aspect-16-9 wp-has-aspect-ratio\"><div class=\"wp-block-embed__wrapper\">\n<div class=\"video-container\"><iframe title=\"Otaniyama Daigokujo - Meilleure pierre \u00e0 aiguiser naturelle pour les rasoirs\" width=\"1170\" height=\"658\" src=\"https:\/\/www.youtube.com\/embed\/6k_XyH2uSsI?feature=oembed\" frameborder=\"0\" allow=\"accelerometer; autoplay; clipboard-write; encrypted-media; gyroscope; picture-in-picture; web-share\" referrerpolicy=\"strict-origin-when-cross-origin\" allowfullscreen><\/iframe><\/div>\n<\/div><\/figure>","protected":false},"excerpt":{"rendered":"<ul>\n<li>Taille env. 20,5 x 7,7 x 3,7 cm<\/li>\n<li>\u00a0Poids env. 1330g<\/li>\n<li>Duret\u00e9 Niv 4<\/li>\n<li>Fonctionne rapidement et donne un rasage en douceur. Les cheveux sont coup\u00e9s imm\u00e9diatement apr\u00e8s avoir fini sur la pierre. Nagura ou plaque de diamant n\u2019est pas n\u00e9cessaire.<\/li>\n<li>L'une des meilleures pierres \u00e0 rasoir que j'ai vues. Elle n'est pas tr\u00e8s jolie, mais elle fonctionne bien.<\/li>\n<\/ul>","protected":false},"featured_media":346,"comment_status":"open","ping_status":"closed","template":"","meta":[],"product_brand":[],"product_cat":[22],"product_tag":[45,71,70,69,72],"class_list":{"0":"post-340","1":"product","2":"type-product","3":"status-publish","4":"has-post-thumbnail","6":"product_cat-jnats","7":"product_tag-asagi","8":"product_tag-finishing","9":"product_tag-otaniyama","10":"product_tag-otaniyama-asagi","11":"product_tag-razor","12":"product_shipping_class-iprastas","14":"first","15":"outofstock","16":"sale","17":"shipping-taxable","18":"purchasable","19":"product-type-simple"},"_links":{"self":[{"href":"https:\/\/jnats.eu\/fr\/wp-json\/wp\/v2\/product\/340","targetHints":{"allow":["GET"]}}],"collection":[{"href":"https:\/\/jnats.eu\/fr\/wp-json\/wp\/v2\/product"}],"about":[{"href":"https:\/\/jnats.eu\/fr\/wp-json\/wp\/v2\/types\/product"}],"replies":[{"embeddable":true,"href":"https:\/\/jnats.eu\/fr\/wp-json\/wp\/v2\/comments?post=340"}],"wp:featuredmedia":[{"embeddable":true,"href":"https:\/\/jnats.eu\/fr\/wp-json\/wp\/v2\/media\/346"}],"wp:attachment":[{"href":"https:\/\/jnats.eu\/fr\/wp-json\/wp\/v2\/media?parent=340"}],"wp:term":[{"taxonomy":"product_brand","embeddable":true,"href":"https:\/\/jnats.eu\/fr\/wp-json\/wp\/v2\/product_brand?post=340"},{"taxonomy":"product_cat","embeddable":true,"href":"https:\/\/jnats.eu\/fr\/wp-json\/wp\/v2\/product_cat?post=340"},{"taxonomy":"product_tag","embeddable":true,"href":"https:\/\/jnats.eu\/fr\/wp-json\/wp\/v2\/product_tag?post=340"}],"curies":[{"name":"wp","href":"https:\/\/api.w.org\/{rel}","templated":true}]}}