{"id":3447,"date":"2024-11-01T11:28:00","date_gmt":"2024-11-01T09:28:00","guid":{"rendered":"https:\/\/jnats.eu\/?post_type=product&#038;p=3447"},"modified":"2025-11-29T11:51:16","modified_gmt":"2025-11-29T09:51:16","slug":"washita-oilstone","status":"publish","type":"product","link":"https:\/\/jnats.eu\/fr\/produit-2\/washita-oilstone\/","title":{"rendered":"Washita Oilstone"},"content":{"rendered":"<p>La Washita est une pierre de taille novaculitique provenant des montagnes de l'Arkansas, aux \u00c9tats-Unis. Elle est r\u00e9put\u00e9e pour sa rapidit\u00e9 de travail due \u00e0 sa structure poreuse. Ces pierres sont utilis\u00e9es en Am\u00e9rique et ailleurs depuis des si\u00e8cles pour cr\u00e9er certains des outils les plus anciens, des poignards aux pointes de fl\u00e8ches.&nbsp;<\/p>\n\n\n\n<figure class=\"wp-block-embed is-type-video is-provider-youtube wp-block-embed-youtube wp-embed-aspect-16-9 wp-has-aspect-ratio\"><div class=\"wp-block-embed__wrapper\">\n<div class=\"video-container\"><iframe title=\"Made in USA : Aff\u00fbtage avec des pierres \u00e0 huile de l&#039;Arkansas - Washita \u00e0 Translucide\" width=\"1170\" height=\"658\" src=\"https:\/\/www.youtube.com\/embed\/pRUee3pQ0Ck?feature=oembed\" frameborder=\"0\" allow=\"accelerometer; autoplay; clipboard-write; encrypted-media; gyroscope; picture-in-picture; web-share\" referrerpolicy=\"strict-origin-when-cross-origin\" allowfullscreen><\/iframe><\/div>\n<\/div><\/figure>","protected":false},"excerpt":{"rendered":"<ul class=\"wp-block-list\">\n<li>Convient \u00e0 l'aff\u00fbtage des couteaux, ciseaux, outils de menuiserie et autres.<\/li>\n<li>Dimensions : 202x45x16 mm<\/li>\n<li>Poids : 315 g<\/li>\n<li>Washita assez petite, environ #2000.<\/li>\n<li>Aucun d\u00e9faut n'est visible.<\/li>\n<li>Les deux parties sont align\u00e9es et pr\u00eates \u00e0 travailler.<\/li>\n<li>Le lubrifiant est travaill\u00e9 en appliquant d'abord une forte pression pour extraire les grains abrasifs qui acc\u00e9l\u00e8rent le travail.<\/li>\n<\/ul>\n<p>&nbsp;<\/p>","protected":false},"featured_media":3452,"comment_status":"open","ping_status":"closed","template":"","meta":[],"product_brand":[],"product_cat":[22],"product_tag":[305],"class_list":{"0":"post-3447","1":"product","2":"type-product","3":"status-publish","4":"has-post-thumbnail","6":"product_cat-jnats","7":"product_tag-washita","8":"product_shipping_class-iprastas","10":"first","11":"outofstock","12":"shipping-taxable","13":"purchasable","14":"product-type-simple"},"_links":{"self":[{"href":"https:\/\/jnats.eu\/fr\/wp-json\/wp\/v2\/product\/3447","targetHints":{"allow":["GET"]}}],"collection":[{"href":"https:\/\/jnats.eu\/fr\/wp-json\/wp\/v2\/product"}],"about":[{"href":"https:\/\/jnats.eu\/fr\/wp-json\/wp\/v2\/types\/product"}],"replies":[{"embeddable":true,"href":"https:\/\/jnats.eu\/fr\/wp-json\/wp\/v2\/comments?post=3447"}],"wp:featuredmedia":[{"embeddable":true,"href":"https:\/\/jnats.eu\/fr\/wp-json\/wp\/v2\/media\/3452"}],"wp:attachment":[{"href":"https:\/\/jnats.eu\/fr\/wp-json\/wp\/v2\/media?parent=3447"}],"wp:term":[{"taxonomy":"product_brand","embeddable":true,"href":"https:\/\/jnats.eu\/fr\/wp-json\/wp\/v2\/product_brand?post=3447"},{"taxonomy":"product_cat","embeddable":true,"href":"https:\/\/jnats.eu\/fr\/wp-json\/wp\/v2\/product_cat?post=3447"},{"taxonomy":"product_tag","embeddable":true,"href":"https:\/\/jnats.eu\/fr\/wp-json\/wp\/v2\/product_tag?post=3447"}],"curies":[{"name":"wp","href":"https:\/\/api.w.org\/{rel}","templated":true}]}}