{"id":3468,"date":"2024-11-04T09:31:45","date_gmt":"2024-11-04T07:31:45","guid":{"rendered":"https:\/\/jnats.eu\/?post_type=product&#038;p=3468"},"modified":"2025-03-16T17:07:40","modified_gmt":"2025-03-16T15:07:40","slug":"daishi-350-yasuki-steel-made-of-iron-sand-tamahagane-shave-ready","status":"publish","type":"product","link":"https:\/\/jnats.eu\/fr\/produit-2\/daishi-350-yasuki-steel-made-of-iron-sand-tamahagane-shave-ready\/","title":{"rendered":"Daishi 350 Yasuki Acier en Fer Sable Tamahagane Pr\u00eat \u00e0 Raser"},"content":{"rendered":"<p>Daishi 350 Yasuki Acier en fer Acier Tamahagane R.K. CO. Lame en forme de ciseau. L'acier Tamahagane fait de \"sable de fer\" est utilis\u00e9 pour les sabres de samoura\u00efs et les katanas. Tremp\u00e9 \u00e0 70HRC, il permet une coupe agressive.<\/p>\n\n\n\n<figure class=\"wp-block-embed is-type-video is-provider-youtube wp-block-embed-youtube wp-embed-aspect-16-9 wp-has-aspect-ratio\"><div class=\"wp-block-embed__wrapper\">\nhttps:\/\/youtu.be\/NUE1ZOS4ac0\n<\/div><\/figure>","protected":false},"excerpt":{"rendered":"<ul>\n<li>Rasoir japonais vintage pr\u00eat \u00e0 raser Daishi 350<\/li>\n<li>Aff\u00fbtage r\u00e9alis\u00e9 avec la courroie Otaniyama + Kanayama<\/li>\n<li>Contr\u00f4le microscopique : pas de fissure ni de corrosion sur la lame<\/li>\n<li>Poids - 57 g<\/li>\n<li>Longueur de la lame - 65 mm<\/li>\n<li>Hauteur - 17 mm<\/li>\n<li>\u00c9paisseur du ruban - 5 mm<\/li>\n<li>Fabriqu\u00e9 en acier au carbone Tamahagane, qui a tendance \u00e0 rouiller. Veillez donc \u00e0 s\u00e9cher le rasoir apr\u00e8s utilisation et \u00e0 le ranger dans un endroit sec. Lubrifiez-le pour un stockage \u00e0 long terme.<\/li>\n<li><strong>Ne r\u00e9glez en aucun cas la nettet\u00e9 avec du papier. Cela aurait pour effet de d\u00e9saff\u00fbter n'importe quel rasoir !<\/strong><\/li>\n<\/ul>","protected":false},"featured_media":3472,"comment_status":"open","ping_status":"closed","template":"","meta":[],"product_brand":[],"product_cat":[23],"product_tag":[164,26],"class_list":{"0":"post-3468","1":"product","2":"type-product","3":"status-publish","4":"has-post-thumbnail","6":"product_cat-razors","7":"product_tag-daishi","8":"product_tag-tamahagane","9":"product_shipping_class-light","11":"first","12":"outofstock","13":"sale","14":"shipping-taxable","15":"purchasable","16":"product-type-simple"},"_links":{"self":[{"href":"https:\/\/jnats.eu\/fr\/wp-json\/wp\/v2\/product\/3468","targetHints":{"allow":["GET"]}}],"collection":[{"href":"https:\/\/jnats.eu\/fr\/wp-json\/wp\/v2\/product"}],"about":[{"href":"https:\/\/jnats.eu\/fr\/wp-json\/wp\/v2\/types\/product"}],"replies":[{"embeddable":true,"href":"https:\/\/jnats.eu\/fr\/wp-json\/wp\/v2\/comments?post=3468"}],"wp:featuredmedia":[{"embeddable":true,"href":"https:\/\/jnats.eu\/fr\/wp-json\/wp\/v2\/media\/3472"}],"wp:attachment":[{"href":"https:\/\/jnats.eu\/fr\/wp-json\/wp\/v2\/media?parent=3468"}],"wp:term":[{"taxonomy":"product_brand","embeddable":true,"href":"https:\/\/jnats.eu\/fr\/wp-json\/wp\/v2\/product_brand?post=3468"},{"taxonomy":"product_cat","embeddable":true,"href":"https:\/\/jnats.eu\/fr\/wp-json\/wp\/v2\/product_cat?post=3468"},{"taxonomy":"product_tag","embeddable":true,"href":"https:\/\/jnats.eu\/fr\/wp-json\/wp\/v2\/product_tag?post=3468"}],"curies":[{"name":"wp","href":"https:\/\/api.w.org\/{rel}","templated":true}]}}