{"id":347,"date":"2024-03-03T16:29:49","date_gmt":"2024-03-03T14:29:49","guid":{"rendered":"http:\/\/jnats.eu\/?post_type=product&#038;p=347"},"modified":"2025-10-23T13:03:42","modified_gmt":"2025-10-23T10:03:42","slug":"pierre-de-finition-a-aiguiser-naturelle-germee-ozuku-asagi","status":"publish","type":"product","link":"https:\/\/jnats.eu\/fr\/produit-2\/pierre-de-finition-a-aiguiser-naturelle-germee-ozuku-asagi\/","title":{"rendered":"Pierre d'aff\u00fbtage naturelle Ozaki Asagi Daigokujo"},"content":{"rendered":"<figure class=\"wp-block-embed is-type-video is-provider-youtube wp-block-embed-youtube wp-embed-aspect-4-3 wp-has-aspect-ratio\"><div class=\"wp-block-embed__wrapper\">\n<div class=\"video-container\"><iframe title=\"Ozuku Asagi Lv 5+ Naguras H. Aiguisage du rasoir en diamant (microscopie)\" width=\"1170\" height=\"658\" src=\"https:\/\/www.youtube.com\/embed\/SfdZe_G6_YI?feature=oembed\" frameborder=\"0\" allow=\"accelerometer; autoplay; clipboard-write; encrypted-media; gyroscope; picture-in-picture; web-share\" referrerpolicy=\"strict-origin-when-cross-origin\" allowfullscreen><\/iframe><\/div>\n<\/div><\/figure>\n\n\n\n<p>Il existe de nombreuses pierres \u00e0 aiguiser de cette forme qui r\u00e9agissent bien \u00e0 l'acier. \u00c0 une certaine \u00e9poque, les pierres japonaises \u00e9taient export\u00e9es \u00e0 l'\u00e9tranger, notamment aux \u00c9tats-Unis. La taille de cette forme r\u00e9pond aux normes am\u00e9ricaines. Elle a \u00e9t\u00e9 sp\u00e9cialement fa\u00e7onn\u00e9e de cette mani\u00e8re.<\/p>\n\n\n\n<p>Cette meule est peu utilis\u00e9e et peut produire un rendu miroir selon l&#039;usage que vous en faites. Utilisez de l&#039;eau chaude \u00e0 environ 42 degr\u00e9s \u00e0 cette p\u00e9riode de l&#039;ann\u00e9e.<\/p>\n\n\n\n<p>Pour l&#039;utiliser pour l&#039;\u00e9tape d&#039;aff\u00fbtage interm\u00e9diaire, vous pouvez soulever le grain fin avec une plaque diamant\u00e9e \u00e0 grain moyen, mouiller le grain abrasif avec de l&#039;eau ti\u00e8de et utiliser une force douce pour lib\u00e9rer la p\u00e2te abrasive.<\/p>\n\n\n\n<p>Un polissage doux avec des grains abrasifs fins permet d'obtenir une belle finition miroir. Il convient \u00e0 l'\u00e9tape finale de l'aff\u00fbtage des couteaux.<br>Vous pouvez \u00e9galement utiliser cette pierre pour aiguiser les rasoirs, les couteaux, les ciseaux, les rabots et les burins. Il s&#039;agit d&#039;une meule de haute qualit\u00e9. Utilisez-le en toute confiance.<\/p>","protected":false},"excerpt":{"rendered":"<ul>\n<li>La pierre de finition du rasoir embl\u00e9matique<\/li>\n<li>Taille environ: 20,7 x 5,5 x 2,5 cm<\/li>\n<li>Poids approximatif : 710 g<\/li>\n<li>Duret\u00e9 : Lv 5+<\/li>\n<li>Pour acc\u00e9l\u00e9rer votre travail, nous vous recommandons d'utiliser un clou.<\/li>\n<\/ul>","protected":false},"featured_media":349,"comment_status":"open","ping_status":"closed","template":"","meta":[],"product_brand":[],"product_cat":[22],"product_tag":[45,40,74,66,73],"class_list":{"0":"post-347","1":"product","2":"type-product","3":"status-publish","4":"has-post-thumbnail","6":"product_cat-jnats","7":"product_tag-asagi","8":"product_tag-awasedo","9":"product_tag-daigokujo","10":"product_tag-ozuku","11":"product_tag-ozuku-asagi-daigokujo","12":"product_shipping_class-iprastas","14":"first","15":"outofstock","16":"sale","17":"shipping-taxable","18":"purchasable","19":"product-type-simple"},"_links":{"self":[{"href":"https:\/\/jnats.eu\/fr\/wp-json\/wp\/v2\/product\/347","targetHints":{"allow":["GET"]}}],"collection":[{"href":"https:\/\/jnats.eu\/fr\/wp-json\/wp\/v2\/product"}],"about":[{"href":"https:\/\/jnats.eu\/fr\/wp-json\/wp\/v2\/types\/product"}],"replies":[{"embeddable":true,"href":"https:\/\/jnats.eu\/fr\/wp-json\/wp\/v2\/comments?post=347"}],"wp:featuredmedia":[{"embeddable":true,"href":"https:\/\/jnats.eu\/fr\/wp-json\/wp\/v2\/media\/349"}],"wp:attachment":[{"href":"https:\/\/jnats.eu\/fr\/wp-json\/wp\/v2\/media?parent=347"}],"wp:term":[{"taxonomy":"product_brand","embeddable":true,"href":"https:\/\/jnats.eu\/fr\/wp-json\/wp\/v2\/product_brand?post=347"},{"taxonomy":"product_cat","embeddable":true,"href":"https:\/\/jnats.eu\/fr\/wp-json\/wp\/v2\/product_cat?post=347"},{"taxonomy":"product_tag","embeddable":true,"href":"https:\/\/jnats.eu\/fr\/wp-json\/wp\/v2\/product_tag?post=347"}],"curies":[{"name":"wp","href":"https:\/\/api.w.org\/{rel}","templated":true}]}}