{"id":3476,"date":"2024-11-05T11:41:44","date_gmt":"2024-11-05T09:41:44","guid":{"rendered":"https:\/\/jnats.eu\/?post_type=product&#038;p=3476"},"modified":"2024-11-07T13:18:37","modified_gmt":"2024-11-07T11:18:37","slug":"paruostas-skustis-naudotas-vintazinis-japoniskas-skustuvas-kamisori","status":"publish","type":"product","link":"https:\/\/jnats.eu\/fr\/produit-2\/paruostas-skustis-naudotas-vintazinis-japoniskas-skustuvas-kamisori\/","title":{"rendered":"Rasoir Kamisori japonais vintage d'occasion pr\u00eat \u00e0 raser"},"content":{"rendered":"<figure class=\"wp-block-embed is-type-video is-provider-youtube wp-block-embed-youtube wp-embed-aspect-16-9 wp-has-aspect-ratio\"><div class=\"wp-block-embed__wrapper\">\n<div class=\"video-container\"><iframe title=\"Pr\u00eat \u00e0 raser Kamisori vintage d&#039;occasion\" width=\"1170\" height=\"658\" src=\"https:\/\/www.youtube.com\/embed\/UHVCt3oOkkQ?feature=oembed\" frameborder=\"0\" allow=\"accelerometer; autoplay; clipboard-write; encrypted-media; gyroscope; picture-in-picture; web-share\" referrerpolicy=\"strict-origin-when-cross-origin\" allowfullscreen><\/iframe><\/div>\n<\/div><\/figure>","protected":false},"excerpt":{"rendered":"<ul>\n<li>Rasoir japonais vintage pr\u00eat \u00e0 raser Henkotsu Kamisori<\/li>\n<li>Aff\u00fbtage r\u00e9alis\u00e9 avec la pierre naturelle japonaise Shobudani karasu + ceinture Kanayama<\/li>\n<li>Contr\u00f4le microscopique : pas de fissure ni de corrosion sur la lame<\/li>\n<li>Poids - 36 g<\/li>\n<li>Longueur de la lame - 43 mm<\/li>\n<li>Hauteur - 18 mm<\/li>\n<li>\u00c9paisseur du ruban - 4 mm<\/li>\n<li>Fabriqu\u00e9 en acier au carbone, il a tendance \u00e0 rouiller. Veillez donc \u00e0 s\u00e9cher le rasoir apr\u00e8s utilisation et \u00e0 le ranger dans un endroit sec. Pour un stockage \u00e0 long terme, lubrifiez-le avec de la graisse.<\/li>\n<li>Comme pour la plupart des Kamisori, la plaque d'acier dur est soud\u00e9e dans un cadre plus souple. Cela permet de r\u00e9duire la quantit\u00e9 d'acier n\u00e9cessaire et d'\u00e9viter les cassures, par exemple en cas de chute du rasoir. Il contient \u00e9galement moins de carbone et est moins susceptible de rouiller.<\/li>\n<li><strong>Ne r\u00e9glez en aucun cas la nettet\u00e9 avec du papier. Cela aurait pour effet de d\u00e9saff\u00fbter n'importe quel rasoir !<\/strong><\/li>\n<\/ul>","protected":false},"featured_media":3480,"comment_status":"open","ping_status":"closed","template":"","meta":[],"product_brand":[],"product_cat":[23],"product_tag":[25],"class_list":{"0":"post-3476","1":"product","2":"type-product","3":"status-publish","4":"has-post-thumbnail","6":"product_cat-razors","7":"product_tag-kamisori","9":"first","10":"outofstock","11":"shipping-taxable","12":"purchasable","13":"product-type-simple"},"_links":{"self":[{"href":"https:\/\/jnats.eu\/fr\/wp-json\/wp\/v2\/product\/3476","targetHints":{"allow":["GET"]}}],"collection":[{"href":"https:\/\/jnats.eu\/fr\/wp-json\/wp\/v2\/product"}],"about":[{"href":"https:\/\/jnats.eu\/fr\/wp-json\/wp\/v2\/types\/product"}],"replies":[{"embeddable":true,"href":"https:\/\/jnats.eu\/fr\/wp-json\/wp\/v2\/comments?post=3476"}],"wp:featuredmedia":[{"embeddable":true,"href":"https:\/\/jnats.eu\/fr\/wp-json\/wp\/v2\/media\/3480"}],"wp:attachment":[{"href":"https:\/\/jnats.eu\/fr\/wp-json\/wp\/v2\/media?parent=3476"}],"wp:term":[{"taxonomy":"product_brand","embeddable":true,"href":"https:\/\/jnats.eu\/fr\/wp-json\/wp\/v2\/product_brand?post=3476"},{"taxonomy":"product_cat","embeddable":true,"href":"https:\/\/jnats.eu\/fr\/wp-json\/wp\/v2\/product_cat?post=3476"},{"taxonomy":"product_tag","embeddable":true,"href":"https:\/\/jnats.eu\/fr\/wp-json\/wp\/v2\/product_tag?post=3476"}],"curies":[{"name":"wp","href":"https:\/\/api.w.org\/{rel}","templated":true}]}}