{"id":3482,"date":"2025-07-21T11:01:23","date_gmt":"2025-07-21T08:01:23","guid":{"rendered":"https:\/\/jnats.eu\/?post_type=product&#038;p=3482"},"modified":"2026-03-09T22:17:52","modified_gmt":"2026-03-09T20:17:52","slug":"nenaudotas-vintazinis-japoniskas-skustuvas-kamisori-nos","status":"publish","type":"product","link":"https:\/\/jnats.eu\/fr\/produit-2\/nenaudotas-vintazinis-japoniskas-skustuvas-kamisori-nos\/","title":{"rendered":"Rasoir japonais vintage inutilis\u00e9 Kamisori NOS"},"content":{"rendered":"<p>Les kamisori traditionnels sont g\u00e9n\u00e9ralement fabriqu\u00e9s en acier au carbone de haute qualit\u00e9 (acier Shirogami ou Aogami, par exemple), soud\u00e9 dans un cadre en acier plus souple muni d'une poign\u00e9e.<\/p>\n\n\n\n<figure class=\"wp-block-embed is-type-video is-provider-youtube wp-block-embed-youtube wp-embed-aspect-16-9 wp-has-aspect-ratio\"><div class=\"wp-block-embed__wrapper\">\n<div class=\"video-container\"><iframe title=\"Rasoir japonais vintage non utilis\u00e9 Kamisori NOS\" width=\"1170\" height=\"658\" src=\"https:\/\/www.youtube.com\/embed\/JFDJc_1jQQA?feature=oembed\" frameborder=\"0\" allow=\"accelerometer; autoplay; clipboard-write; encrypted-media; gyroscope; picture-in-picture; web-share\" referrerpolicy=\"strict-origin-when-cross-origin\" allowfullscreen><\/iframe><\/div>\n<\/div><\/figure>","protected":false},"excerpt":{"rendered":"<ul>\n<li>Rasoir Kamisori japonais vintage inutilis\u00e9.<\/li>\n<li>Montrant des signes de corrosion<\/li>\n<li>Toutes les dimensions sont l\u00e9g\u00e8rement diff\u00e9rentes et ne sont pas faites \u00e0 la main<\/li>\n<li>Poids - 30 g<\/li>\n<li>Longueur de la lame - 45 mm<\/li>\n<li>Hauteur - 17 mm<\/li>\n<li>\u00c9paisseur du ruban - 5 mm<\/li>\n<li>Fabriqu\u00e9 en acier au carbone, il a tendance \u00e0 rouiller. Veillez donc \u00e0 s\u00e9cher le rasoir apr\u00e8s utilisation et \u00e0 le ranger dans un endroit sec. Pour un stockage \u00e0 long terme, lubrifiez-le avec de la graisse.<\/li>\n<li><strong>Ne r\u00e9glez en aucun cas la nettet\u00e9 avec du papier. Cela aurait pour effet de d\u00e9saff\u00fbter n'importe quel rasoir !<\/strong><\/li>\n<\/ul>","protected":false},"featured_media":5034,"comment_status":"open","ping_status":"closed","template":"","meta":[],"product_brand":[],"product_cat":[23],"product_tag":[25],"class_list":{"0":"post-3482","1":"product","2":"type-product","3":"status-publish","4":"has-post-thumbnail","6":"product_cat-razors","7":"product_tag-kamisori","8":"product_shipping_class-light","10":"first","11":"instock","12":"shipping-taxable","13":"purchasable","14":"product-type-variable"},"_links":{"self":[{"href":"https:\/\/jnats.eu\/fr\/wp-json\/wp\/v2\/product\/3482","targetHints":{"allow":["GET"]}}],"collection":[{"href":"https:\/\/jnats.eu\/fr\/wp-json\/wp\/v2\/product"}],"about":[{"href":"https:\/\/jnats.eu\/fr\/wp-json\/wp\/v2\/types\/product"}],"replies":[{"embeddable":true,"href":"https:\/\/jnats.eu\/fr\/wp-json\/wp\/v2\/comments?post=3482"}],"wp:featuredmedia":[{"embeddable":true,"href":"https:\/\/jnats.eu\/fr\/wp-json\/wp\/v2\/media\/5034"}],"wp:attachment":[{"href":"https:\/\/jnats.eu\/fr\/wp-json\/wp\/v2\/media?parent=3482"}],"wp:term":[{"taxonomy":"product_brand","embeddable":true,"href":"https:\/\/jnats.eu\/fr\/wp-json\/wp\/v2\/product_brand?post=3482"},{"taxonomy":"product_cat","embeddable":true,"href":"https:\/\/jnats.eu\/fr\/wp-json\/wp\/v2\/product_cat?post=3482"},{"taxonomy":"product_tag","embeddable":true,"href":"https:\/\/jnats.eu\/fr\/wp-json\/wp\/v2\/product_tag?post=3482"}],"curies":[{"name":"wp","href":"https:\/\/api.w.org\/{rel}","templated":true}]}}