{"id":3528,"date":"2025-07-21T10:29:03","date_gmt":"2025-07-21T07:29:03","guid":{"rendered":"https:\/\/jnats.eu\/?post_type=product&#038;p=3528"},"modified":"2025-09-16T19:15:30","modified_gmt":"2025-09-16T16:15:30","slug":"nos-kamejumaru-kinsei-kamisori","status":"publish","type":"product","link":"https:\/\/jnats.eu\/fr\/produit-2\/nos-kamejumaru-kinsei-kamisori\/","title":{"rendered":"NOS Kamejumaru Kinsei Kamisori"},"content":{"rendered":"<p>Traditionnel <strong>Rasoir japonais kamisori<\/strong> avec sa bo\u00eete dor\u00e9e d'origine. D'apr\u00e8s les marques et la forme, il s'agit de <strong>kamisori japonais vintage de haute qualit\u00e9<\/strong>, en <strong>Acier Yasuki<\/strong>, g\u00e9n\u00e9ralement sous la forme de <strong>Shirogami (blanc)<\/strong> ou <strong>Aogami (bleu)<\/strong> la qualit\u00e9 de l'acier.<\/p>\n\n\n\n<figure class=\"wp-block-embed is-type-video is-provider-youtube wp-block-embed-youtube wp-embed-aspect-16-9 wp-has-aspect-ratio\"><div class=\"wp-block-embed__wrapper\">\n<div class=\"video-container\"><iframe title=\"NOS Kamejumaru Kinsei Kamisori\" width=\"1170\" height=\"658\" src=\"https:\/\/www.youtube.com\/embed\/mixFFoWXIao?feature=oembed\" frameborder=\"0\" allow=\"accelerometer; autoplay; clipboard-write; encrypted-media; gyroscope; picture-in-picture; web-share\" referrerpolicy=\"strict-origin-when-cross-origin\" allowfullscreen><\/iframe><\/div>\n<\/div><\/figure>\n\n\n\n<hr class=\"wp-block-separator has-alpha-channel-opacity\"\/>\n\n\n\n<h3 class=\"wp-block-heading\">Inscriptions sur la bo\u00eete :<\/h3>\n\n\n\n<ul class=\"wp-block-list\">\n<li>\u4e80\u5bff\u4e38\u8b39\u88fd (<strong>Kamejumaru Kinsei<\/strong>) - marque <em>Kamejumaru<\/em>ce qui signifie \"honorablement fait Kamejumaru\".<\/li>\n\n\n\n<li>\u4fdd\u8a3c (<strong>Hosh\u014d<\/strong>) - garantie.<\/li>\n\n\n\n<li>\u8b39\u88fd (<strong>Kinsei<\/strong>) - fait avec respect \/ soin.<\/li>\n\n\n\n<li>\u30b4\u30e0\u67c4\u4ed8 - <em>gumu-e tsuki<\/em> - avec un manche en caoutchouc (ce qui est vrai - le couteau a une enveloppe en caoutchouc de couleur bleue, souvent appel\u00e9e \"kumi tsuka\").<\/li>\n<\/ul>\n\n\n\n<h4 class=\"wp-block-heading\">Lame :<\/h4>\n\n\n\n<ul class=\"wp-block-list\">\n<li>Typique <strong>kataba<\/strong> (aiguisage unilat\u00e9ral) sous forme de kamisori.<\/li>\n<\/ul>\n\n\n\n<hr class=\"wp-block-separator has-alpha-channel-opacity\"\/>\n\n\n\n<p>Il s'agit de <strong>Kamejumaru<\/strong> marques <em>NOS (New Old Stock)<\/em> Kamisori japonais pour usage professionnel dans les salons de coiffure ou les salons de barbiers.<br>Fabriqu\u00e9 au Japon, probablement dans la seconde moiti\u00e9 du XXe si\u00e8cle (1960-1980), lorsque les kamisori \u00e9taient encore largement utilis\u00e9s, mais que leur popularit\u00e9 quotidienne avait d\u00e9j\u00e0 commenc\u00e9 \u00e0 d\u00e9cliner en raison des rasoirs modernes.<\/p>\n\n\n\n<p><\/p>","protected":false},"excerpt":{"rendered":"<ul>\n<li>Rasoir vintage japonais Kamejumaru Kinsei non utilis\u00e9.<\/li>\n<li>Poids - 34 g<\/li>\n<li>Longueur de la lame - 44 mm<\/li>\n<li>Hauteur - 17 mm<\/li>\n<li>\u00c9paisseur du ruban - 5 mm<\/li>\n<li>Fabriqu\u00e9 en acier au carbone, il a tendance \u00e0 rouiller. Veillez donc \u00e0 s\u00e9cher le rasoir apr\u00e8s utilisation et \u00e0 le ranger dans un endroit sec. Pour un stockage \u00e0 long terme, lubrifiez-le avec de la graisse.<\/li>\n<li>Le noyau dur est entour\u00e9 d'acier plus doux, qui prot\u00e8ge le rasoir d'une \u00e9ventuelle rupture en cas de chute.<\/li>\n<li>Poign\u00e9e en plastique.<\/li>\n<li><strong>Tr\u00e8s bon \u00e9tat, sans signes \u00e9vidents de corrosion<\/strong><\/li>\n<\/ul>","protected":false},"featured_media":5017,"comment_status":"open","ping_status":"closed","template":"","meta":[],"product_brand":[],"product_cat":[23],"product_tag":[25,309,121,308],"class_list":{"0":"post-3528","1":"product","2":"type-product","3":"status-publish","4":"has-post-thumbnail","6":"product_cat-razors","7":"product_tag-kamisori","8":"product_tag-kinmoji","9":"product_tag-new","10":"product_tag-shave-ready","11":"product_shipping_class-light","13":"first","14":"outofstock","15":"shipping-taxable","16":"purchasable","17":"product-type-simple"},"_links":{"self":[{"href":"https:\/\/jnats.eu\/fr\/wp-json\/wp\/v2\/product\/3528","targetHints":{"allow":["GET"]}}],"collection":[{"href":"https:\/\/jnats.eu\/fr\/wp-json\/wp\/v2\/product"}],"about":[{"href":"https:\/\/jnats.eu\/fr\/wp-json\/wp\/v2\/types\/product"}],"replies":[{"embeddable":true,"href":"https:\/\/jnats.eu\/fr\/wp-json\/wp\/v2\/comments?post=3528"}],"wp:featuredmedia":[{"embeddable":true,"href":"https:\/\/jnats.eu\/fr\/wp-json\/wp\/v2\/media\/5017"}],"wp:attachment":[{"href":"https:\/\/jnats.eu\/fr\/wp-json\/wp\/v2\/media?parent=3528"}],"wp:term":[{"taxonomy":"product_brand","embeddable":true,"href":"https:\/\/jnats.eu\/fr\/wp-json\/wp\/v2\/product_brand?post=3528"},{"taxonomy":"product_cat","embeddable":true,"href":"https:\/\/jnats.eu\/fr\/wp-json\/wp\/v2\/product_cat?post=3528"},{"taxonomy":"product_tag","embeddable":true,"href":"https:\/\/jnats.eu\/fr\/wp-json\/wp\/v2\/product_tag?post=3528"}],"curies":[{"name":"wp","href":"https:\/\/api.w.org\/{rel}","templated":true}]}}