{"id":354,"date":"2024-03-04T10:32:51","date_gmt":"2024-03-04T08:32:51","guid":{"rendered":"http:\/\/jnats.eu\/?post_type=product&#038;p=354"},"modified":"2026-01-29T13:28:16","modified_gmt":"2026-01-29T11:28:16","slug":"couteau-de-chasse-de-forgeron-k390-g10","status":"publish","type":"product","link":"https:\/\/jnats.eu\/fr\/produit-2\/couteau-de-chasse-de-forgeron-k390-g10\/","title":{"rendered":"Couteau de chasse de forgeron K390, G10"},"content":{"rendered":"<ul class=\"wp-block-list\">\n<li>Couteau fait main par le forgeron Leonidas Vasiliev<\/li>\n\n\n\n<li>Acier en poudre lamin\u00e9 K390. La couche ext\u00e9rieure en acier plus doux prot\u00e8ge contre la corrosion, augmente la r\u00e9sistance \u00e0 la casse et donne un aspect unique. L&#039;acier est forg\u00e9 \u00e0 l&#039;aide de coke, qui sature la surface de l&#039;acier en carbone et devient ainsi encore plus r\u00e9sistant \u00e0 l&#039;usure.<\/li>\n\n\n\n<li>65 HRC<\/li>\n\n\n\n<li>K390 au centre. Stratifi\u00e9\u00a0: Aus8, nickel et 40\u00d713<\/li>\n\n\n\n<li>Dimensions de la lame : 135x30x3,9 mm<\/li>\n\n\n\n<li>Aiguis\u00e9 \u00e0 36 degr\u00e9s<\/li>\n\n\n\n<li>Poign\u00e9e G10. Mat\u00e9riau artificiel r\u00e9sistant \u00e0 l&#039;environnement. 130 millim\u00e8tres<\/li>\n\n\n\n<li>Etui en cuir v\u00e9ritable (occasion)<\/li>\n\n\n\n<li>Poids 188 g (avec \u00e9tui 280 g)<\/li>\n\n\n\n<li>Couteau extr\u00eamement durable et r\u00e9sistant aux chocs. Il est fortement recommand\u00e9 de l&#039;utiliser uniquement pour la coupe, car l&#039;alimentation n&#039;est pas id\u00e9ale pour les travaux difficiles.<\/li>\n<\/ul>\n\n\n\n<p>Les propri\u00e9t\u00e9s du K390 sont tout \u00e0 fait excellentes, avec une bonne t\u00e9nacit\u00e9, une tr\u00e8s haute r\u00e9sistance \u00e0 l&#039;usure et une r\u00e9tention du tranchant. Vanadis 8 et CPM-10V offrent des propri\u00e9t\u00e9s similaires, m\u00eame si aucun des trois n&#039;a \u00e9t\u00e9 largement utilis\u00e9 dans la fabrication de couteaux. La combinaison de solidit\u00e9 et de r\u00e9sistance \u00e0 l\u2019usure est in\u00e9gal\u00e9e par aucun acier inoxydable. La teneur \u00e9lev\u00e9e en carbures de vanadium tr\u00e8s durs fait que les couteliers et les grands fabricants de couteaux ont tendance \u00e0 se plaindre de la difficult\u00e9 de meuler et de polir cet acier. En cons\u00e9quence, les K390, Vanadis 8 et CPM-10V n\u2019atteindront probablement jamais le statut grand public. (Source https:\/\/knifesteelnerds.com\/2023\/04\/11\/k390-best-high-wear-resistance-steel\/)<\/p>\n\n\n\n<figure class=\"wp-block-embed is-type-video is-provider-youtube wp-block-embed-youtube wp-embed-aspect-16-9 wp-has-aspect-ratio\"><div class=\"wp-block-embed__wrapper\">\n<div class=\"video-container\"><iframe title=\"Couteau de chasse K390\" width=\"1170\" height=\"658\" src=\"https:\/\/www.youtube.com\/embed\/5EQOqNbfS9A?feature=oembed\" frameborder=\"0\" allow=\"accelerometer; autoplay; clipboard-write; encrypted-media; gyroscope; picture-in-picture; web-share\" referrerpolicy=\"strict-origin-when-cross-origin\" allowfullscreen><\/iframe><\/div>\n<\/div><\/figure>\n\n\n\n<figure class=\"wp-block-embed is-type-video is-provider-youtube wp-block-embed-youtube wp-embed-aspect-16-9 wp-has-aspect-ratio\"><div class=\"wp-block-embed__wrapper\">\n<div class=\"video-container\"><iframe title=\"Couteau en acier \u00e0 poudre k390\" width=\"1170\" height=\"658\" src=\"https:\/\/www.youtube.com\/embed\/yG9SaWlizNk?feature=oembed\" frameborder=\"0\" allow=\"accelerometer; autoplay; clipboard-write; encrypted-media; gyroscope; picture-in-picture; web-share\" referrerpolicy=\"strict-origin-when-cross-origin\" allowfullscreen><\/iframe><\/div>\n<\/div><\/figure>","protected":false},"excerpt":{"rendered":"<ul>\n<li>Couteau fait main par le forgeron Leonidas Vasiliev<\/li>\n<li>Acier en poudre lamin\u00e9 K390. La couche ext\u00e9rieure en acier plus doux prot\u00e8ge contre la corrosion, augmente la r\u00e9sistance \u00e0 la casse et donne un aspect unique.<\/li>\n<li>65 HRC. Les couteaux de s\u00e9rie ne sont pas fabriqu\u00e9s \u00e0 partir d&#039;un tel acier, car il est difficile \u00e0 traiter et il est n\u00e9cessaire de choisir le bon traitement thermique, ce qui n\u00e9cessite beaucoup de temps, d&#039;\u00e9nergie, de comp\u00e9tence et d&#039;efforts.\u00a0<\/li>\n<li>Centre K390. Laminage : Aus8, nickel et 40\u00d713. L'acier est forg\u00e9 \u00e0 l'aide de coke, ce qui enrichit l'acier en carbone et le rend encore plus r\u00e9sistant \u00e0 l'usure.<\/li>\n<li>Dimensions de la lame : 135x30x3,9 mm<\/li>\n<li>Aiguis\u00e9 \u00e0 36 degr\u00e9s<\/li>\n<li>Poign\u00e9e G10. Mat\u00e9riau artificiel r\u00e9sistant \u00e0 l&#039;environnement. 130 millim\u00e8tres<\/li>\n<li>Etui en cuir v\u00e9ritable (occasion)<\/li>\n<li>Poids 188 g (avec \u00e9tui 280 g)<\/li>\n<li>Couteau extr\u00eamement durable et r\u00e9sistant aux chocs. Il est fortement recommand\u00e9 de l&#039;utiliser uniquement pour la coupe, car l&#039;avance minimale n&#039;est pas adapt\u00e9e aux travaux grossiers.<\/li>\n<\/ul>","protected":false},"featured_media":971,"comment_status":"open","ping_status":"closed","template":"","meta":[],"product_brand":[],"product_cat":[24],"product_tag":[77,75,76],"class_list":{"0":"post-354","1":"product","2":"type-product","3":"status-publish","4":"has-post-thumbnail","6":"product_cat-knifes","7":"product_tag-k390","8":"product_tag-medzioklinis-peilis","9":"product_tag-peilis","10":"product_shipping_class-iprastas","12":"first","13":"outofstock","14":"sale","15":"shipping-taxable","16":"purchasable","17":"product-type-simple"},"_links":{"self":[{"href":"https:\/\/jnats.eu\/fr\/wp-json\/wp\/v2\/product\/354","targetHints":{"allow":["GET"]}}],"collection":[{"href":"https:\/\/jnats.eu\/fr\/wp-json\/wp\/v2\/product"}],"about":[{"href":"https:\/\/jnats.eu\/fr\/wp-json\/wp\/v2\/types\/product"}],"replies":[{"embeddable":true,"href":"https:\/\/jnats.eu\/fr\/wp-json\/wp\/v2\/comments?post=354"}],"wp:featuredmedia":[{"embeddable":true,"href":"https:\/\/jnats.eu\/fr\/wp-json\/wp\/v2\/media\/971"}],"wp:attachment":[{"href":"https:\/\/jnats.eu\/fr\/wp-json\/wp\/v2\/media?parent=354"}],"wp:term":[{"taxonomy":"product_brand","embeddable":true,"href":"https:\/\/jnats.eu\/fr\/wp-json\/wp\/v2\/product_brand?post=354"},{"taxonomy":"product_cat","embeddable":true,"href":"https:\/\/jnats.eu\/fr\/wp-json\/wp\/v2\/product_cat?post=354"},{"taxonomy":"product_tag","embeddable":true,"href":"https:\/\/jnats.eu\/fr\/wp-json\/wp\/v2\/product_tag?post=354"}],"curies":[{"name":"wp","href":"https:\/\/api.w.org\/{rel}","templated":true}]}}