{"id":3573,"date":"2024-11-27T14:12:08","date_gmt":"2024-11-27T12:12:08","guid":{"rendered":"https:\/\/jnats.eu\/?post_type=product&#038;p=3573"},"modified":"2024-12-11T17:30:34","modified_gmt":"2024-12-11T15:30:34","slug":"kanemasa-super-extra-full-concave-finest-razor-shave-ready","status":"publish","type":"product","link":"https:\/\/jnats.eu\/fr\/produit-2\/kanemasa-super-extra-full-concave-finest-razor-shave-ready\/","title":{"rendered":"Kanemasa Super Extra Full Concave Finest Razor Shave ready"},"content":{"rendered":"<figure class=\"wp-block-embed is-type-video is-provider-youtube wp-block-embed-youtube wp-embed-aspect-16-9 wp-has-aspect-ratio\"><div class=\"wp-block-embed__wrapper\">\nhttps:\/\/youtu.be\/u2bkMysMpX0\n<\/div><\/figure>","protected":false},"excerpt":{"rendered":"<ul>\n<li>Rasoir pr\u00eat \u00e0 raser vintage japonais Kanemasa Super Extra<\/li>\n<li>Aff\u00fbtage r\u00e9alis\u00e9 avec Nakayama Karasu Aisa + Lama Belt<\/li>\n<li>Corrosion endommag\u00e9e, lame nettoy\u00e9e.<\/li>\n<li>Poids - 47 g<\/li>\n<li>Longueur de la lame - 72 mm<\/li>\n<li>Hauteur - 18 mm<\/li>\n<li>\u00c9paisseur du ruban - 5 mm<\/li>\n<li>Fabriqu\u00e9 en acier au carbone, il a tendance \u00e0 rouiller. Veillez donc \u00e0 s\u00e9cher le rasoir apr\u00e8s utilisation et \u00e0 le ranger dans un endroit sec. Pour un stockage \u00e0 long terme, lubrifiez-le avec de la graisse.<\/li>\n<li><strong>Ne r\u00e9glez en aucun cas la nettet\u00e9 avec du papier. Cela aurait pour effet de d\u00e9saff\u00fbter n'importe quel rasoir !<\/strong><\/li>\n<\/ul>","protected":false},"featured_media":3577,"comment_status":"open","ping_status":"closed","template":"","meta":[],"product_brand":[],"product_cat":[23],"product_tag":[310,308],"class_list":{"0":"post-3573","1":"product","2":"type-product","3":"status-publish","4":"has-post-thumbnail","6":"product_cat-razors","7":"product_tag-kanemasa","8":"product_tag-shave-ready","9":"product_shipping_class-light","11":"first","12":"outofstock","13":"shipping-taxable","14":"purchasable","15":"product-type-simple"},"_links":{"self":[{"href":"https:\/\/jnats.eu\/fr\/wp-json\/wp\/v2\/product\/3573","targetHints":{"allow":["GET"]}}],"collection":[{"href":"https:\/\/jnats.eu\/fr\/wp-json\/wp\/v2\/product"}],"about":[{"href":"https:\/\/jnats.eu\/fr\/wp-json\/wp\/v2\/types\/product"}],"replies":[{"embeddable":true,"href":"https:\/\/jnats.eu\/fr\/wp-json\/wp\/v2\/comments?post=3573"}],"wp:featuredmedia":[{"embeddable":true,"href":"https:\/\/jnats.eu\/fr\/wp-json\/wp\/v2\/media\/3577"}],"wp:attachment":[{"href":"https:\/\/jnats.eu\/fr\/wp-json\/wp\/v2\/media?parent=3573"}],"wp:term":[{"taxonomy":"product_brand","embeddable":true,"href":"https:\/\/jnats.eu\/fr\/wp-json\/wp\/v2\/product_brand?post=3573"},{"taxonomy":"product_cat","embeddable":true,"href":"https:\/\/jnats.eu\/fr\/wp-json\/wp\/v2\/product_cat?post=3573"},{"taxonomy":"product_tag","embeddable":true,"href":"https:\/\/jnats.eu\/fr\/wp-json\/wp\/v2\/product_tag?post=3573"}],"curies":[{"name":"wp","href":"https:\/\/api.w.org\/{rel}","templated":true}]}}