{"id":3628,"date":"2024-12-04T14:08:20","date_gmt":"2024-12-04T12:08:20","guid":{"rendered":"https:\/\/jnats.eu\/?post_type=product&#038;p=3628"},"modified":"2024-12-05T15:12:19","modified_gmt":"2024-12-05T13:12:19","slug":"naudotas-new-azuma-kamisori-paruostas-skustis","status":"publish","type":"product","link":"https:\/\/jnats.eu\/fr\/produit-2\/naudotas-new-azuma-kamisori-paruostas-skustis\/","title":{"rendered":"Azuma Kamisori neuf d'occasion, pr\u00eat \u00e0 raser"},"content":{"rendered":"<figure class=\"wp-block-embed is-type-video is-provider-youtube wp-block-embed-youtube wp-embed-aspect-16-9 wp-has-aspect-ratio\"><div class=\"wp-block-embed__wrapper\">\n<div class=\"video-container\"><iframe title=\"Nouveau Azuma Kamisori Pr\u00eat \u00e0 raser\" width=\"1170\" height=\"658\" src=\"https:\/\/www.youtube.com\/embed\/8Dz7XgS6_gI?feature=oembed\" frameborder=\"0\" allow=\"accelerometer; autoplay; clipboard-write; encrypted-media; gyroscope; picture-in-picture; web-share\" referrerpolicy=\"strict-origin-when-cross-origin\" allowfullscreen><\/iframe><\/div>\n<\/div><\/figure>","protected":false},"excerpt":{"rendered":"<ul>\n<li>Pr\u00eat \u00e0 raser, rasoir vintage japonais New Azuma Kamisori.<\/li>\n<li>Aff\u00fbtage r\u00e9alis\u00e9 avec la ceinture Shobudani Karasu + Knayama<\/li>\n<li>Contr\u00f4le microscopique : pas de fissure ni de corrosion sur la lame<\/li>\n<li>Poids - 38 g<\/li>\n<li>Longueur de la lame - 38 mm<\/li>\n<li>Hauteur - 17 mm<\/li>\n<li>\u00c9paisseur du ruban - 5 mm<\/li>\n<li>Fabriqu\u00e9 en acier au carbone, il a tendance \u00e0 rouiller. Veillez donc \u00e0 s\u00e9cher le rasoir apr\u00e8s utilisation et \u00e0 le ranger dans un endroit sec. Pour un stockage \u00e0 long terme, lubrifiez-le avec de la graisse.<\/li>\n<li>Le noyau dur est entour\u00e9 d'acier plus doux, qui prot\u00e8ge le rasoir d'une \u00e9ventuelle rupture en cas de chute.<\/li>\n<li>Poign\u00e9e en plastique.<\/li>\n<li><strong>Ne r\u00e9glez en aucun cas la nettet\u00e9 avec du papier. Cela aurait pour effet de d\u00e9saff\u00fbter n'importe quel rasoir !<\/strong><\/li>\n<\/ul>","protected":false},"featured_media":3636,"comment_status":"open","ping_status":"closed","template":"","meta":[],"product_brand":[],"product_cat":[23],"product_tag":[312,25],"class_list":{"0":"post-3628","1":"product","2":"type-product","3":"status-publish","4":"has-post-thumbnail","6":"product_cat-razors","7":"product_tag-azuma","8":"product_tag-kamisori","9":"product_shipping_class-light","11":"first","12":"outofstock","13":"shipping-taxable","14":"purchasable","15":"product-type-simple"},"_links":{"self":[{"href":"https:\/\/jnats.eu\/fr\/wp-json\/wp\/v2\/product\/3628","targetHints":{"allow":["GET"]}}],"collection":[{"href":"https:\/\/jnats.eu\/fr\/wp-json\/wp\/v2\/product"}],"about":[{"href":"https:\/\/jnats.eu\/fr\/wp-json\/wp\/v2\/types\/product"}],"replies":[{"embeddable":true,"href":"https:\/\/jnats.eu\/fr\/wp-json\/wp\/v2\/comments?post=3628"}],"wp:featuredmedia":[{"embeddable":true,"href":"https:\/\/jnats.eu\/fr\/wp-json\/wp\/v2\/media\/3636"}],"wp:attachment":[{"href":"https:\/\/jnats.eu\/fr\/wp-json\/wp\/v2\/media?parent=3628"}],"wp:term":[{"taxonomy":"product_brand","embeddable":true,"href":"https:\/\/jnats.eu\/fr\/wp-json\/wp\/v2\/product_brand?post=3628"},{"taxonomy":"product_cat","embeddable":true,"href":"https:\/\/jnats.eu\/fr\/wp-json\/wp\/v2\/product_cat?post=3628"},{"taxonomy":"product_tag","embeddable":true,"href":"https:\/\/jnats.eu\/fr\/wp-json\/wp\/v2\/product_tag?post=3628"}],"curies":[{"name":"wp","href":"https:\/\/api.w.org\/{rel}","templated":true}]}}