{"id":3651,"date":"2025-07-21T10:46:30","date_gmt":"2025-07-21T07:46:30","guid":{"rendered":"https:\/\/jnats.eu\/?post_type=product&#038;p=3651"},"modified":"2025-10-04T01:47:52","modified_gmt":"2025-10-03T22:47:52","slug":"tradicinis-japoniskas-skustuvas-kamisori-henkotsu-shave-ready","status":"publish","type":"product","link":"https:\/\/jnats.eu\/fr\/produit-2\/tradicinis-japoniskas-skustuvas-kamisori-henkotsu-shave-ready\/","title":{"rendered":"Rasoir traditionnel japonais Kamisori Henkotsu NOS"},"content":{"rendered":"<figure class=\"wp-block-embed is-type-video is-provider-youtube wp-block-embed-youtube wp-embed-aspect-16-9 wp-has-aspect-ratio\"><div class=\"wp-block-embed__wrapper\">\n<div class=\"video-container\"><iframe title=\"Rasoir traditionnel japonais Kamisori Henkotsu NOS\" width=\"1170\" height=\"658\" src=\"https:\/\/www.youtube.com\/embed\/DL54bPgnt04?feature=oembed\" frameborder=\"0\" allow=\"accelerometer; autoplay; clipboard-write; encrypted-media; gyroscope; picture-in-picture; web-share\" referrerpolicy=\"strict-origin-when-cross-origin\" allowfullscreen><\/iframe><\/div>\n<\/div><\/figure>\n\n\n\n<p><strong>Henkotsu kamisori NOS (New Old Stock)<\/strong> - l'une des marques japonaises de kamisori les plus connues, produite au milieu du 20e si\u00e8cle pour un usage professionnel. Les rasoirs Henkotsu sont appr\u00e9ci\u00e9s pour :<\/p>\n\n\n\n<ul class=\"wp-block-list\">\n<li>haute qualit\u00e9 <strong>Acier Yasuki<\/strong> (principalement Shirogami #2),<\/li>\n\n\n\n<li>une g\u00e9om\u00e9trie pr\u00e9cise,<\/li>\n\n\n\n<li>bon comportement en mati\u00e8re d'aff\u00fbtage,<\/li>\n\n\n\n<li>Les produits de cette cat\u00e9gorie sont destin\u00e9s aux coiffeurs professionnels et \u00e0 l'exportation vers d'autres pays.<\/li>\n<\/ul>\n\n\n\n<p>Comme un sabre de samoura\u00ef traditionnel, ces Kamisori ont \u00e9t\u00e9 forg\u00e9s \u00e0 la main \u00e0 partir de deux couches, la partie tranchante en acier \u00e0 haute teneur en carbone et la couche de soutien en acier plus simple. La couche d'acier est cassante et dure, tandis que le fourreau apporte la souplesse n\u00e9cessaire.<\/p>\n\n\n\n<p>Les deux couches ne sont pas inoxydables, il faut donc toujours garder le rasoir sec apr\u00e8s le rasage et le prot\u00e9ger avec une fine couche d'huile. Pourquoi cette lame rouille-t-elle ? Les lames qui ne rouillent pas sont fabriqu\u00e9es \u00e0 partir d'un alliage qui pr\u00e9vient les taches de corrosion, mais qui est \u00e9galement moins dur. L'acier \u00e0 haute teneur en carbone, comme la couche tranchante de ce Kamisori, offre une duret\u00e9 beaucoup plus \u00e9lev\u00e9e et vous permettra de vous raser en douceur beaucoup plus longtemps avant d'avoir \u00e0 l'aiguiser \u00e0 nouveau !<\/p>","protected":false},"excerpt":{"rendered":"<ul>\n<li>Rasoir vintage japonais Henkotsu Kamisori non utilis\u00e9.<\/li>\n<li>Toutes les dimensions et tous les poids varient l\u00e9g\u00e8rement car ils sont faits \u00e0 la main.<\/li>\n<li>Poids - 33 g<\/li>\n<li>Longueur de la lame - 45 mm<\/li>\n<li>Hauteur - 19 mm<\/li>\n<li>\u00c9paisseur du ruban - 5 mm<\/li>\n<li>Longueur totale - 148 mm<\/li>\n<li>Fabriqu\u00e9 en acier au carbone, il a tendance \u00e0 rouiller. Veillez donc \u00e0 s\u00e9cher le rasoir apr\u00e8s utilisation et \u00e0 le ranger dans un endroit sec. Pour un stockage \u00e0 long terme, lubrifiez-le avec de la graisse.<\/li>\n<li>Le noyau dur est entour\u00e9 d'acier plus doux, qui prot\u00e8ge le rasoir d'une \u00e9ventuelle rupture en cas de chute.<\/li>\n<li>L\u00e9g\u00e8rement affect\u00e9 par la corrosion.<\/li>\n<li>si vous ne voyez pas l'article dans la liste, c'est qu'il est vendu.<\/li>\n<\/ul>","protected":false},"featured_media":5033,"comment_status":"open","ping_status":"closed","template":"","meta":[],"product_brand":[],"product_cat":[23],"product_tag":[314,25,313],"class_list":{"0":"post-3651","1":"product","2":"type-product","3":"status-publish","4":"has-post-thumbnail","6":"product_cat-razors","7":"product_tag-henkotsu","8":"product_tag-kamisori","9":"product_tag-kamisori-henkotsu","10":"product_shipping_class-light","12":"first","13":"instock","14":"shipping-taxable","15":"purchasable","16":"product-type-variable"},"_links":{"self":[{"href":"https:\/\/jnats.eu\/fr\/wp-json\/wp\/v2\/product\/3651","targetHints":{"allow":["GET"]}}],"collection":[{"href":"https:\/\/jnats.eu\/fr\/wp-json\/wp\/v2\/product"}],"about":[{"href":"https:\/\/jnats.eu\/fr\/wp-json\/wp\/v2\/types\/product"}],"replies":[{"embeddable":true,"href":"https:\/\/jnats.eu\/fr\/wp-json\/wp\/v2\/comments?post=3651"}],"wp:featuredmedia":[{"embeddable":true,"href":"https:\/\/jnats.eu\/fr\/wp-json\/wp\/v2\/media\/5033"}],"wp:attachment":[{"href":"https:\/\/jnats.eu\/fr\/wp-json\/wp\/v2\/media?parent=3651"}],"wp:term":[{"taxonomy":"product_brand","embeddable":true,"href":"https:\/\/jnats.eu\/fr\/wp-json\/wp\/v2\/product_brand?post=3651"},{"taxonomy":"product_cat","embeddable":true,"href":"https:\/\/jnats.eu\/fr\/wp-json\/wp\/v2\/product_cat?post=3651"},{"taxonomy":"product_tag","embeddable":true,"href":"https:\/\/jnats.eu\/fr\/wp-json\/wp\/v2\/product_tag?post=3651"}],"curies":[{"name":"wp","href":"https:\/\/api.w.org\/{rel}","templated":true}]}}