{"id":3679,"date":"2025-12-16T14:37:04","date_gmt":"2025-12-16T12:37:04","guid":{"rendered":"https:\/\/jnats.eu\/?post_type=product&#038;p=3679"},"modified":"2026-02-12T13:14:33","modified_gmt":"2026-02-12T11:14:33","slug":"nos-kamisori-tamahagane-pauvlonijos-dezuteje","status":"publish","type":"product","link":"https:\/\/jnats.eu\/fr\/produit-2\/nos-kamisori-tamahagane-pauvlonijos-dezuteje\/","title":{"rendered":"Premium NOS Kamisori Tamahagane dans une bo\u00eete en pauvlonia"},"content":{"rendered":"<p>Il y a des traces de temps et de rouille. Veuillez regarder attentivement les photos et la vid\u00e9o. Les rasoirs sont aiguis\u00e9s mais de pr\u00e9f\u00e9rence finis avec une pierre appropri\u00e9e et une ceinture en cordovan. Pour les personnes moins exigeantes, le rasage en une seule fois convient.<\/p>\n\n\n\n<figure class=\"wp-block-embed is-type-video is-provider-youtube wp-block-embed-youtube wp-embed-aspect-9-16 wp-has-aspect-ratio\"><div class=\"wp-block-embed__wrapper\">\n<div class=\"video-container\"><iframe title=\"Authentique Tamahagane Kamisori | NOS Japanese Craftsmanship #tamahagane\" width=\"563\" height=\"1000\" src=\"https:\/\/www.youtube.com\/embed\/UoiK7YYzXa0?feature=oembed\" frameborder=\"0\" allow=\"accelerometer; autoplay; clipboard-write; encrypted-media; gyroscope; picture-in-picture; web-share\" referrerpolicy=\"strict-origin-when-cross-origin\" allowfullscreen><\/iframe><\/div>\n<\/div><\/figure>\n\n\n\n<h2 class=\"wp-block-heading\">Traduction :<\/h2>\n\n\n\n<h3 class=\"wp-block-heading\">Sur la bo\u00eete<\/h3>\n\n\n\n<ul class=\"wp-block-list\">\n<li><strong>\u767b\u9332\u5546\u6a19<\/strong><br>Traduction : <em>Marque d\u00e9pos\u00e9e<\/em>.<\/li>\n\n\n\n<li><strong>\u7279\u64b0<\/strong><br>Traduction : <em>Sp\u00e9cialement s\u00e9lectionn\u00e9<\/em> ou <em>qualit\u00e9 sup\u00e9rieure<\/em>.<\/li>\n<\/ul>\n\n\n\n<h3 class=\"wp-block-heading\">Sur le rasoir<\/h3>\n\n\n\n<ol class=\"wp-block-list\">\n<li><strong>\u7d14\u6b63\u92fc\u51a0\u884c<\/strong><br>Traduction : <em>\"V\u00e9ritable acier Tamahagane \"<\/em> via <em>\"Acier de premi\u00e8re qualit\u00e9<\/em>.<\/li>\n\n\n\n<li><strong>\u7279\u7d1a\u767b\u9332<\/strong><br>Traduction : <em>\"Classe sp\u00e9ciale enregistr\u00e9e<\/em> (produit haut de gamme).<\/li>\n\n\n\n<li><strong>\u559c<\/strong><br>Il s'agit d'un symbole de joie utilis\u00e9 pour l'image de marque.<\/li>\n<\/ol>\n\n\n\n<p>Semblable \u00e0 un sabre de samoura\u00ef traditionnel, ce Kamisori a \u00e9t\u00e9 forg\u00e9 \u00e0 la main \u00e0 partir de deux couches, la partie tranchante \u00e9tant faite d'acier au carbone dur et la couche de soutien \u00e9tant souple. La particularit\u00e9 de ce Kamisori r\u00e9side dans le fait que l'acier utilis\u00e9 est du v\u00e9ritable Tamahagane. Le Tamahagane est un acier traditionnel fabriqu\u00e9 au Japon depuis des si\u00e8cles \u00e0 partir du sable et du charbon \"ferreux\" que l'on y trouve. Le Japon ne disposant pas d'importantes ressources en minerai de fer, l'acier est fabriqu\u00e9 \u00e0 partir de sable ferreux au cours d'un processus qui prend plusieurs jours \u00e0 la main. C'\u00e9tait la principale source de mat\u00e9riau pour tous les sabres des samoura\u00efs. La couche d'acier est cassante et dure (durcie \u00e0 70 HRC), tandis que le cadre, plus souple, offre la flexibilit\u00e9 n\u00e9cessaire.<\/p>\n\n\n\n<p>Les deux couches ne sont pas inoxydables, il faut donc toujours garder le rasoir sec apr\u00e8s le rasage et le prot\u00e9ger avec une fine couche de lubrifiant. Pourquoi ce rasoir ne rouille-t-il pas ? Les rasoirs en acier inoxydable sont fabriqu\u00e9s dans un alliage qui pr\u00e9vient les taches de corrosion, mais qui les rend \u00e9galement moins durs et moins tranchants. L'acier \u00e0 haute teneur en carbone, comme la couche coupante de ce Kamisori, permet une duret\u00e9 beaucoup plus \u00e9lev\u00e9e et maintiendra un rasage doux pendant beaucoup plus longtemps avant d'avoir besoin d'\u00eatre aiguis\u00e9 \u00e0 nouveau, en particulier cette couche de Tamahagane !<\/p>\n\n\n\n<p>L'acier Tamahagane \u7389\u92fc, mat\u00e9riau l\u00e9gendaire et v\u00e9n\u00e9r\u00e9 dans la fabrication traditionnelle des sabres japonais, occupe une place particuli\u00e8re dans le c\u0153ur des artisans et des passionn\u00e9s. R\u00e9put\u00e9 pour sa qualit\u00e9 exceptionnelle et son processus de d\u00e9veloppement m\u00e9ticuleux, l'acier Tamahagane incarne la combinaison parfaite de l'art, de la tradition et de la fonctionnalit\u00e9. <\/p>\n\n\n\n<p>Ci-dessous, vous pouvez voir ma moissonneuse aiguis\u00e9e :<\/p>\n\n\n\n<figure class=\"wp-block-embed is-type-video is-provider-youtube wp-block-embed-youtube wp-embed-aspect-16-9 wp-has-aspect-ratio\"><div class=\"wp-block-embed__wrapper\">\n<div class=\"video-container\"><iframe title=\"NOS Kamisori Tamahagane Shave ready\" width=\"1170\" height=\"658\" src=\"https:\/\/www.youtube.com\/embed\/a2fycebA5I4?feature=oembed\" frameborder=\"0\" allow=\"accelerometer; autoplay; clipboard-write; encrypted-media; gyroscope; picture-in-picture; web-share\" referrerpolicy=\"strict-origin-when-cross-origin\" allowfullscreen><\/iframe><\/div>\n<\/div><\/figure>","protected":false},"excerpt":{"rendered":"<p>NOS (New old Stock) Rasoir japonais Kamisori en acier Tamahagane \u7389\u92fc ultra-dur (jusqu'\u00e0 70 HRC). Kamisori de taille moyenne et l\u00e9ger. Ce rasoir a \u00e9t\u00e9 fabriqu\u00e9 pendant la p\u00e9riode Showa, vers les ann\u00e9es 1960. Il plaira \u00e0 ceux qui aiment le rasage agressif.<\/p>\n<p>\u7d14\u7389\u92fc (Jun Tama Hagane), qui signifie \"Acier pur Tamahagane\". Le texte additionnel \"\u5225\u6253\" (Betsuuchi) signifie \"Longuement forg\u00e9\". Le forgeage long rend la structure de l'acier plus homog\u00e8ne et plus solide, et \u00e9limine les impuret\u00e9s inutiles. Cela permet d'aff\u00fbter l'outil plus finement et de prolonger sensiblement la dur\u00e9e de l'aff\u00fbtage.<\/p>\n<p>\u7279 \u7ea7 \u7f16 = \u00c9dition sp\u00e9ciale<\/p>\n<p>Marque <strong>\"\u559c\"<\/strong> (symbole de joie) et le label de qualit\u00e9 exclusif \"\u7279\u64b0\" (premium) indiquent qu'il s'agit d'un outil de rasage japonais haut de gamme, fabriqu\u00e9 avec le souci du d\u00e9tail et en utilisant un acier de la meilleure qualit\u00e9.<\/p>\n<p><strong>Les dimensions de tous les Kamisori sont l\u00e9g\u00e8rement diff\u00e9rentes car ils sont fabriqu\u00e9s \u00e0 la main !<\/strong><\/p>\n<ul>\n<li>Longueur d'environ 152 mm<\/li>\n<li>Hauteur environ 17 mm<\/li>\n<li>Longueur de l'ar\u00eate de coupe env. 43 mm<\/li>\n<li>\u00e9paisseur d'environ 4 mm<\/li>\n<li>poids approximatif de 41 g.<\/li>\n<li>poign\u00e9e en plastique<\/li>\n<\/ul>","protected":false},"featured_media":5539,"comment_status":"open","ping_status":"closed","template":"","meta":[],"product_brand":[],"product_cat":[23],"product_tag":[25,26],"class_list":{"0":"post-3679","1":"product","2":"type-product","3":"status-publish","4":"has-post-thumbnail","6":"product_cat-razors","7":"product_tag-kamisori","8":"product_tag-tamahagane","9":"product_shipping_class-light","11":"first","12":"outofstock","13":"shipping-taxable","14":"product-type-variable"},"_links":{"self":[{"href":"https:\/\/jnats.eu\/fr\/wp-json\/wp\/v2\/product\/3679","targetHints":{"allow":["GET"]}}],"collection":[{"href":"https:\/\/jnats.eu\/fr\/wp-json\/wp\/v2\/product"}],"about":[{"href":"https:\/\/jnats.eu\/fr\/wp-json\/wp\/v2\/types\/product"}],"replies":[{"embeddable":true,"href":"https:\/\/jnats.eu\/fr\/wp-json\/wp\/v2\/comments?post=3679"}],"wp:featuredmedia":[{"embeddable":true,"href":"https:\/\/jnats.eu\/fr\/wp-json\/wp\/v2\/media\/5539"}],"wp:attachment":[{"href":"https:\/\/jnats.eu\/fr\/wp-json\/wp\/v2\/media?parent=3679"}],"wp:term":[{"taxonomy":"product_brand","embeddable":true,"href":"https:\/\/jnats.eu\/fr\/wp-json\/wp\/v2\/product_brand?post=3679"},{"taxonomy":"product_cat","embeddable":true,"href":"https:\/\/jnats.eu\/fr\/wp-json\/wp\/v2\/product_cat?post=3679"},{"taxonomy":"product_tag","embeddable":true,"href":"https:\/\/jnats.eu\/fr\/wp-json\/wp\/v2\/product_tag?post=3679"}],"curies":[{"name":"wp","href":"https:\/\/api.w.org\/{rel}","templated":true}]}}